{"id":74,"date":"2021-02-24T13:23:55","date_gmt":"2021-02-24T12:23:55","guid":{"rendered":"https:\/\/asello.eu\/?page_id=74"},"modified":"2024-07-15T12:45:06","modified_gmt":"2024-07-15T10:45:06","slug":"solutions","status":"publish","type":"page","link":"https:\/\/asello.eu\/de\/solutions\/","title":{"rendered":"Solutions"},"content":{"rendered":"<section class=\"wpb-content-wrapper\"><p>[vc_row full_width=&#8221;stretch_row&#8221; kd_background_image_position=&#8221;vc_row-bg-position-top&#8221; css=&#8221;.vc_custom_1618216829698{padding-top: 310px !important;padding-bottom: 200px !important;background-image: url(https:\/\/asello.eu\/wp-content\/uploads\/2021\/04\/Header_Branchen.jpg?id=2236) !important;background-position: center !important;background-repeat: no-repeat !important;background-size: cover !important;}&#8221; css_mobile=&#8221;.vc_custom_1618216829700{padding-top: 150px !important;}&#8221; css_tablet_landscape=&#8221;.vc_custom_1618216829699{padding-top: 200px !important;}&#8221; css_tablet_portrait=&#8221;.vc_custom_1618216829699{padding-top: 150px !important;}&#8221;][vc_column css=&#8221;.vc_custom_1516115464846{padding-left: 0px !important;}&#8221;][vc_row_inner kd_background_image_position=&#8221;vc_row-bg-position-top&#8221;][vc_column_inner width=&#8221;2\/3&#8243;]<header class=\"kd-section-title col-lg-12 text-left  subtitle-above-title kd-animated fadeIn   vc_custom_1616774706314\" data-animation-delay=200><h6 class=\"subtitle\" style=\"color: #0072bb;\">OUR SOLUTIONS<\/h6><h1 class=\"separator_off\" style=\"color: #ffffff;font-size: 60px;margin-bottom:30px;\">F\u00fcr jede Branche<\/h1><\/header>[\/vc_column_inner][vc_column_inner width=&#8221;1\/3&#8243; css=&#8221;.vc_custom_1597748338184{padding-top: 70px !important;}&#8221;][\/vc_column_inner][\/vc_row_inner][\/vc_column][\/vc_row][vc_row full_width=&#8221;stretch_row&#8221; kd_background_image_position=&#8221;vc_row-bg-position-top&#8221; css=&#8221;.vc_custom_1600427822189{margin-bottom: -300px !important;padding-top: 100px !important;}&#8221;][vc_column][vc_row_inner kd_background_image_position=&#8221;vc_row-bg-position-top&#8221; css=&#8221;.vc_custom_1617972618727{margin-bottom: 75px !important;}&#8221;][vc_column_inner width=&#8221;1\/6&#8243;][\/vc_column_inner][vc_column_inner width=&#8221;2\/3&#8243;]<header class=\"kd-section-title col-lg-12 text-center  subtitle-above-title kd-animated fadeIn   vc_custom_1620302794354\" data-animation-delay=200><h6 class=\"subtitle\" style=\"color: #0072bb;\">YOUR BUSINESS<\/h6><h1 class=\"separator_off\" style=\"line-height: 52px;\">Jede Branche hat andere Anforderungen an eine Software<\/h1><\/header>[vc_column_text]<\/p>\n<p style=\"text-align: center; font-size: 1.2em;\">asello wird heute in ganz unterschiedlichen Branchen erfolgreich eingesetzt. Wir wollen Ihnen im Folgenden einige Branchen-spezifische Highlights zeigen. Dar\u00fcber hinaus ber\u00fccksichtigen wir nat\u00fcrlich Ihre individuellen Anforderungen. Sie w\u00fcnschen \u2013 wir liefern, und zwar nur das, was Sie wirklich brauchen.<\/p>\n<p>[\/vc_column_text][\/vc_column_inner][vc_column_inner width=&#8221;1\/6&#8243;][\/vc_column_inner][\/vc_row_inner][vc_row_inner kd_background_image_position=&#8221;vc_row-bg-position-top&#8221; css=&#8221;.vc_custom_1599487847576{padding-bottom: 50px !important;}&#8221;][vc_column_inner css=&#8221;.vc_custom_1599487813948{padding-right: 0px !important;padding-left: 0px !important;}&#8221;]\n            <div class=\"sliding_box_parent row kd-slidingbox-69f2b3a09a74e \"><div class=\"sliding_box_child  kd-animated fadeInUp\" >\n                <div class=\"sb-image\"><img loading=\"lazy\" decoding=\"async\" width=\"500\" height=\"500\" src=\"https:\/\/asello.eu\/wp-content\/uploads\/2021\/04\/Branche_Handel.jpg\" class=\"attachment-full\" alt=\"\" title=\"Branche_Handel\" srcset=\"https:\/\/asello.eu\/wp-content\/uploads\/2021\/04\/Branche_Handel.jpg 500w, https:\/\/asello.eu\/wp-content\/uploads\/2021\/04\/Branche_Handel-300x300.jpg 300w, https:\/\/asello.eu\/wp-content\/uploads\/2021\/04\/Branche_Handel-150x150.jpg 150w, https:\/\/asello.eu\/wp-content\/uploads\/2021\/04\/Branche_Handel-320x320.jpg 320w\" sizes=\"auto, (max-width: 500px) 100vw, 500px\" \/><\/div>\n                <div class=\"sb_content_wrapper\" style=\"background-color: #ffffff;\"><h4 >Einzelhandel<\/h4><p >Mehr Komfort vereint mit einfacher Bedienung.<\/p><div class=\"sb-btncontainer\"><a href=\"https:\/\/asello.eu\/solutions\/einzelhandel\/\"  target=\"_self\"  title=\"Einzelhandel\" class=\"sliding-box-link\">Mehr erfahren<\/a><\/div><\/div>\n            <\/div><div class=\"sliding_box_child active-elem kd-animated fadeInUp\" data-animation-delay=200>\n                <div class=\"sb-image\"><img loading=\"lazy\" decoding=\"async\" width=\"500\" height=\"500\" src=\"https:\/\/asello.eu\/wp-content\/uploads\/2021\/04\/Branche_Gastro.jpg\" class=\"attachment-full\" alt=\"\" title=\"Branche_Gastro\" srcset=\"https:\/\/asello.eu\/wp-content\/uploads\/2021\/04\/Branche_Gastro.jpg 500w, https:\/\/asello.eu\/wp-content\/uploads\/2021\/04\/Branche_Gastro-300x300.jpg 300w, https:\/\/asello.eu\/wp-content\/uploads\/2021\/04\/Branche_Gastro-150x150.jpg 150w, https:\/\/asello.eu\/wp-content\/uploads\/2021\/04\/Branche_Gastro-320x320.jpg 320w\" sizes=\"auto, (max-width: 500px) 100vw, 500px\" \/><\/div>\n                <div class=\"sb_content_wrapper\" ><h4 >Gastronomie<\/h4><p >asello erf\u00fcllt alle Anforderungen an ein modernes Gastro-System.<\/p><div class=\"sb-btncontainer\"><a href=\"https:\/\/asello.eu\/solutions\/gastronomie\/\"  target=\"_self\"  title=\"Gastronomie\" class=\"sliding-box-link\">Mehr erfahren<\/a><\/div><\/div>\n            <\/div><div class=\"sliding_box_child  kd-animated fadeInUp\" data-animation-delay=400>\n                <div class=\"sb-image\"><img loading=\"lazy\" decoding=\"async\" width=\"500\" height=\"500\" src=\"https:\/\/asello.eu\/wp-content\/uploads\/2021\/04\/Branche_Event.jpg\" class=\"attachment-full\" alt=\"\" title=\"Branche_Event\" srcset=\"https:\/\/asello.eu\/wp-content\/uploads\/2021\/04\/Branche_Event.jpg 500w, https:\/\/asello.eu\/wp-content\/uploads\/2021\/04\/Branche_Event-300x300.jpg 300w, https:\/\/asello.eu\/wp-content\/uploads\/2021\/04\/Branche_Event-150x150.jpg 150w, https:\/\/asello.eu\/wp-content\/uploads\/2021\/04\/Branche_Event-320x320.jpg 320w\" sizes=\"auto, (max-width: 500px) 100vw, 500px\" \/><\/div>\n                <div class=\"sb_content_wrapper\" ><h4 >Messe, Event, Catering<\/h4><p >Skalierbar und stabil, auch als Mietsystem f\u00fcr Ihre Veranstaltung.<\/p><div class=\"sb-btncontainer\"><a href=\"https:\/\/asello.eu\/solutions\/messe-event-catering\/\"  target=\"_self\"  title=\"Messe, Event, Catering\" class=\"sliding-box-link\">Mehr erfahren<\/a><\/div><\/div>\n            <\/div><\/div><script>\n              jQuery(document).ready(function($){\n                if ($(\".sliding_box_parent.kd-slidingbox-69f2b3a09a74e\").length) {\n                  $(\".kd-slidingbox-69f2b3a09a74e .sliding_box_child\").on(\"mouseenter\", function() {\n                    $(\".kd-slidingbox-69f2b3a09a74e .sliding_box_child\").removeClass(\"active-elem\");\n                    $(this).addClass(\"active-elem\");\n                  });\n                }\n              });\n            <\/script>[vc_empty_space height=&#8221;30px&#8221; el_class=&#8221;space-solutions&#8221;]\n            <div class=\"sliding_box_parent row kd-slidingbox-69f2b3a09b147 \"><div class=\"sliding_box_child  kd-animated fadeInUp\" data-animation-delay=400>\n                <div class=\"sb-image\"><img loading=\"lazy\" decoding=\"async\" width=\"500\" height=\"500\" src=\"https:\/\/asello.eu\/wp-content\/uploads\/2021\/04\/Branche_Dienstleister.jpg\" class=\"attachment-full\" alt=\"\" title=\"Branche_Dienstleister\" srcset=\"https:\/\/asello.eu\/wp-content\/uploads\/2021\/04\/Branche_Dienstleister.jpg 500w, https:\/\/asello.eu\/wp-content\/uploads\/2021\/04\/Branche_Dienstleister-300x300.jpg 300w, https:\/\/asello.eu\/wp-content\/uploads\/2021\/04\/Branche_Dienstleister-150x150.jpg 150w, https:\/\/asello.eu\/wp-content\/uploads\/2021\/04\/Branche_Dienstleister-320x320.jpg 320w\" sizes=\"auto, (max-width: 500px) 100vw, 500px\" \/><\/div>\n                <div class=\"sb_content_wrapper\" ><h4 >Dienstleistungen<\/h4><p >Mobil und leistbar, passt sich aber auch schnell an Ihr Wachstum an.<\/p><div class=\"sb-btncontainer\"><a href=\"https:\/\/asello.eu\/solutions\/dienstleistungen\/\"  target=\"_self\"  title=\"Dienstleistungen\" class=\"sliding-box-link\">Mehr erfahren<\/a><\/div><\/div>\n            <\/div><div class=\"sliding_box_child  kd-animated fadeInUp\" data-animation-delay=400>\n                <div class=\"sb-image\"><img loading=\"lazy\" decoding=\"async\" width=\"500\" height=\"500\" src=\"https:\/\/asello.eu\/wp-content\/uploads\/2021\/04\/Branche_Handwerk.jpg\" class=\"attachment-full\" alt=\"\" title=\"Branche_Handwerk\" srcset=\"https:\/\/asello.eu\/wp-content\/uploads\/2021\/04\/Branche_Handwerk.jpg 500w, https:\/\/asello.eu\/wp-content\/uploads\/2021\/04\/Branche_Handwerk-300x300.jpg 300w, https:\/\/asello.eu\/wp-content\/uploads\/2021\/04\/Branche_Handwerk-150x150.jpg 150w, https:\/\/asello.eu\/wp-content\/uploads\/2021\/04\/Branche_Handwerk-320x320.jpg 320w\" sizes=\"auto, (max-width: 500px) 100vw, 500px\" \/><\/div>\n                <div class=\"sb_content_wrapper\" ><h4 >Handwerk<\/h4><p >asello f\u00fcr unterwegs: mit Lieferschein und Abrechnung vor Ort.<\/p><div class=\"sb-btncontainer\"><a href=\"https:\/\/asello.eu\/solutions\/handwerk\/\"  target=\"_self\"  title=\"Handwerk\" class=\"sliding-box-link\">Mehr erfahren<\/a><\/div><\/div>\n            <\/div><div class=\"sliding_box_child active-elem kd-animated fadeInUp\" data-animation-delay=400>\n                <div class=\"sb-image\"><img loading=\"lazy\" decoding=\"async\" width=\"500\" height=\"500\" src=\"https:\/\/asello.eu\/wp-content\/uploads\/2021\/04\/Branche_Filiale.jpg\" class=\"attachment-full\" alt=\"\" title=\"Branche_Filiale\" srcset=\"https:\/\/asello.eu\/wp-content\/uploads\/2021\/04\/Branche_Filiale.jpg 500w, https:\/\/asello.eu\/wp-content\/uploads\/2021\/04\/Branche_Filiale-300x300.jpg 300w, https:\/\/asello.eu\/wp-content\/uploads\/2021\/04\/Branche_Filiale-150x150.jpg 150w, https:\/\/asello.eu\/wp-content\/uploads\/2021\/04\/Branche_Filiale-320x320.jpg 320w\" sizes=\"auto, (max-width: 500px) 100vw, 500px\" \/><\/div>\n                <div class=\"sb_content_wrapper\" ><h4 >Filialsysteme<\/h4><p >Zentral verwaltet und in Echtzeit in jeder Filiale.<\/p><div class=\"sb-btncontainer\"><a href=\"https:\/\/asello.eu\/solutions\/filialsysteme\/\"  target=\"_self\"  title=\"Filialsysteme\" class=\"sliding-box-link\">Mehr erfahren<\/a><\/div><\/div>\n            <\/div><\/div><script>\n              jQuery(document).ready(function($){\n                if ($(\".sliding_box_parent.kd-slidingbox-69f2b3a09b147\").length) {\n                  $(\".kd-slidingbox-69f2b3a09b147 .sliding_box_child\").on(\"mouseenter\", function() {\n                    $(\".kd-slidingbox-69f2b3a09b147 .sliding_box_child\").removeClass(\"active-elem\");\n                    $(this).addClass(\"active-elem\");\n                  });\n                }\n              });\n            <\/script>[vc_empty_space height=&#8221;30px&#8221;]\n            <div class=\"sliding_box_parent row kd-slidingbox-69f2b3a09b9aa \"><div class=\"sliding_box_child active-elem kd-animated fadeInUp\" data-animation-delay=400>\n                <div class=\"sb-image\"><img loading=\"lazy\" decoding=\"async\" width=\"500\" height=\"500\" src=\"https:\/\/asello.eu\/wp-content\/uploads\/2021\/04\/Branche_Tourismus.jpg\" class=\"attachment-full\" alt=\"\" title=\"Branche_Tourismus\" srcset=\"https:\/\/asello.eu\/wp-content\/uploads\/2021\/04\/Branche_Tourismus.jpg 500w, https:\/\/asello.eu\/wp-content\/uploads\/2021\/04\/Branche_Tourismus-300x300.jpg 300w, https:\/\/asello.eu\/wp-content\/uploads\/2021\/04\/Branche_Tourismus-150x150.jpg 150w, https:\/\/asello.eu\/wp-content\/uploads\/2021\/04\/Branche_Tourismus-320x320.jpg 320w\" sizes=\"auto, (max-width: 500px) 100vw, 500px\" \/><\/div>\n                <div class=\"sb_content_wrapper\" ><h4 >Tourismus<\/h4><p >Ideal f\u00fcr Hotels mit allen modernen Features eines Kassensystems.<\/p><div class=\"sb-btncontainer\"><a href=\"https:\/\/asello.eu\/solutions\/tourismus\/\"  target=\"_self\"  title=\"Tourismus\" class=\"sliding-box-link\">Mehr erfahren<\/a><\/div><\/div>\n            <\/div><div class=\"sliding_box_child  kd-animated fadeInUp\" data-animation-delay=400>\n                <div class=\"sb-image\"><img loading=\"lazy\" decoding=\"async\" width=\"2560\" height=\"1440\" src=\"https:\/\/asello.eu\/wp-content\/uploads\/2024\/07\/AdobeStock_558501036-scaled.jpeg\" class=\"attachment-full\" alt=\"\" title=\"Woman stand owner putting fresh produce in bag to sell to young customer\" srcset=\"https:\/\/asello.eu\/wp-content\/uploads\/2024\/07\/AdobeStock_558501036-scaled.jpeg 2560w, https:\/\/asello.eu\/wp-content\/uploads\/2024\/07\/AdobeStock_558501036-300x169.jpeg 300w, https:\/\/asello.eu\/wp-content\/uploads\/2024\/07\/AdobeStock_558501036-1024x576.jpeg 1024w, https:\/\/asello.eu\/wp-content\/uploads\/2024\/07\/AdobeStock_558501036-768x432.jpeg 768w, https:\/\/asello.eu\/wp-content\/uploads\/2024\/07\/AdobeStock_558501036-1536x864.jpeg 1536w, https:\/\/asello.eu\/wp-content\/uploads\/2024\/07\/AdobeStock_558501036-2048x1152.jpeg 2048w\" sizes=\"auto, (max-width: 2560px) 100vw, 2560px\" \/><\/div>\n                <div class=\"sb_content_wrapper\" ><h4 >Landwirtschaft &amp; Weinbau<\/h4><p >Einfach, schnell und effizient Ihren Betrieb verwalten.<\/p><div class=\"sb-btncontainer\"><a href=\"https:\/\/asello.eu\/at\/solutions\/landwirtschaft-weinbau\/\"  target=\"_self\"  title=\"Dienstleistungen\" class=\"sliding-box-link\">Mehr erfahren<\/a><\/div><\/div>\n            <\/div><\/div><script>\n              jQuery(document).ready(function($){\n                if ($(\".sliding_box_parent.kd-slidingbox-69f2b3a09b9aa\").length) {\n                  $(\".kd-slidingbox-69f2b3a09b9aa .sliding_box_child\").on(\"mouseenter\", function() {\n                    $(\".kd-slidingbox-69f2b3a09b9aa .sliding_box_child\").removeClass(\"active-elem\");\n                    $(this).addClass(\"active-elem\");\n                  });\n                }\n              });\n            <\/script>[\/vc_column_inner][\/vc_row_inner][\/vc_column][\/vc_row][vc_row full_width=&#8221;stretch_row&#8221; content_placement=&#8221;middle&#8221; kd_background_image_position=&#8221;vc_row-bg-position-top&#8221; kd_background_overlay=&#8221;true&#8221; css=&#8221;.vc_custom_1616746402920{margin-top: 100px !important;margin-bottom: -50px !important;padding-top: 260px !important;padding-bottom: 85px !important;background-position: center !important;background-repeat: no-repeat !important;background-size: cover !important;}&#8221; css_tablet_portrait=&#8221;.vc_custom_1616746402921{padding-bottom: 35px !important;}&#8221; css_mobile=&#8221;.vc_custom_1616746402921{padding-bottom: 35px !important;}&#8221;][vc_column css=&#8221;.vc_custom_1599032214005{padding-right: 60px !important;padding-left: 60px !important;}&#8221; css_mobile=&#8221;.vc_custom_1599032214009{padding-right: 30px !important;padding-left: 30px !important;}&#8221;][vc_row_inner kd_background_image_position=&#8221;vc_row-bg-position-top&#8221; css=&#8221;.vc_custom_1616744791443{margin-bottom: 60px !important;}&#8221;][vc_column_inner width=&#8221;1\/4&#8243;]<div class=\"kd_counter icon-top kd-animated fadeInUp\" ><div class=\"kd_counter_content\"><h4 class=\"kd_counter_number\"><span class=\"kd_number_string\" style=\"font-size:54px;font-weight:700;\" data-from=\"0\" data-to=\"1450\" data-number-format=\"1\" data-refresh-interval=\"50\">0<\/span><\/h4><div class=\"kd_counter_text\" >Kassen<\/div><\/div><\/div>[\/vc_column_inner][vc_column_inner width=&#8221;1\/4&#8243;]<div class=\"kd_counter icon-top kd-animated fadeInUp\" data-animation-delay=200><div class=\"kd_counter_content\"><h4 class=\"kd_counter_number\"><span class=\"kd_number_string\" style=\"font-size:54px;font-weight:700;\" data-from=\"0\" data-to=\"18.9\" data-number-format=\"1\" data-refresh-interval=\"50\">0<\/span><span class=\"kd_counter_units\" style=\"font-size:54px;font-weight:700;\">Mio.<\/span><\/h4><div class=\"kd_counter_text\" >Dokumente<\/div><\/div><\/div>[\/vc_column_inner][vc_column_inner width=&#8221;1\/4&#8243;]<div class=\"kd_counter icon-top kd-animated fadeInUp\" data-animation-delay=400><div class=\"kd_counter_content\"><h4 class=\"kd_counter_number\"><span class=\"kd_number_string\" style=\"font-size:54px;font-weight:700;\" data-from=\"0\" data-to=\"120\" data-number-format=\"1\" data-refresh-interval=\"50\">0<\/span><span class=\"kd_counter_units\" style=\"font-size:54px;font-weight:700;\">%<\/span><\/h4><div class=\"kd_counter_text\" >Wachstum<\/div><\/div><\/div>[\/vc_column_inner][vc_column_inner width=&#8221;1\/4&#8243;]<div class=\"kd_counter icon-top kd-animated fadeInUp\" data-animation-delay=600><div class=\"kd_counter_content\"><h4 class=\"kd_counter_number\"><span class=\"kd_number_string\" style=\"font-size:54px;font-weight:700;\" data-from=\"0\" data-to=\"1\" data-number-format=\"1\" data-refresh-interval=\"50\">0<\/span><span class=\"kd_counter_units\" style=\"font-size:54px;font-weight:700;\">k<\/span><\/h4><div class=\"kd_counter_text\" >Kunden<\/div><\/div><\/div>[\/vc_column_inner][\/vc_row_inner]<header class=\"kd-section-title col-lg-12 text-center  subtitle-above-title kd-animated fadeIn  \" data-animation-delay=200><h6 class=\"subtitle\" >Wir begleiten unsere Kunden auf Ihrem Weg in die Zukunft und m\u00f6chten Ihnen durch die st\u00e4ndige Erweiterung unseres Angebots alle M\u00f6glichkeiten f\u00fcr ein erfolgreiches Unternehmenswachstum bieten.<br \/>\nGanz nach dem Motto: Klein anfangen - gro\u00df rauskommen.<\/h6><\/header>[\/vc_column][\/vc_row]<\/p>\n<\/section>","protected":false},"excerpt":{"rendered":"<p>[vc_row full_width=&#8221;stretch_row&#8221; kd_background_image_position=&#8221;vc_row-bg-position-top&#8221; css=&#8221;.vc_custom_1618216829698{padding-top: 310px !important;padding-bottom: 200px !important;background-image: url(https:\/\/asello.eu\/wp-content\/uploads\/2021\/04\/Header_Branchen.jpg?id=2236) !important;background-position: center !important;background-repeat: no-repeat !important;background-size: cover !important;}&#8221; css_mobile=&#8221;.vc_custom_1618216829700{padding-top: 150px !important;}&#8221; css_tablet_landscape=&#8221;.vc_custom_1618216829699{padding-top: [&hellip;]<\/p>\n","protected":false},"author":1,"featured_media":0,"parent":0,"menu_order":0,"comment_status":"closed","ping_status":"closed","template":"","meta":{"footnotes":""},"class_list":["post-74","page","type-page","status-publish","hentry"],"_links":{"self":[{"href":"https:\/\/asello.eu\/de\/wp-json\/wp\/v2\/pages\/74","targetHints":{"allow":["GET"]}}],"collection":[{"href":"https:\/\/asello.eu\/de\/wp-json\/wp\/v2\/pages"}],"about":[{"href":"https:\/\/asello.eu\/de\/wp-json\/wp\/v2\/types\/page"}],"author":[{"embeddable":true,"href":"https:\/\/asello.eu\/de\/wp-json\/wp\/v2\/users\/1"}],"replies":[{"embeddable":true,"href":"https:\/\/asello.eu\/de\/wp-json\/wp\/v2\/comments?post=74"}],"version-history":[{"count":3,"href":"https:\/\/asello.eu\/de\/wp-json\/wp\/v2\/pages\/74\/revisions"}],"predecessor-version":[{"id":6432,"href":"https:\/\/asello.eu\/de\/wp-json\/wp\/v2\/pages\/74\/revisions\/6432"}],"wp:attachment":[{"href":"https:\/\/asello.eu\/de\/wp-json\/wp\/v2\/media?parent=74"}],"curies":[{"name":"wp","href":"https:\/\/api.w.org\/{rel}","templated":true}]}}