{"id":58,"date":"2021-02-24T12:57:50","date_gmt":"2021-02-24T11:57:50","guid":{"rendered":"https:\/\/asello.eu\/?page_id=58"},"modified":"2023-09-15T11:36:15","modified_gmt":"2023-09-15T09:36:15","slug":"success-stories","status":"publish","type":"page","link":"https:\/\/asello.eu\/de\/success-stories\/","title":{"rendered":"Success Stories"},"content":{"rendered":"<section class=\"wpb-content-wrapper\"><p>[vc_row full_width=&#8221;stretch_row&#8221; kd_background_image_position=&#8221;vc_row-bg-position-center&#8221; kd_bottom_separator_style=&#8221;static-waves&#8221; kd_bottom_separator_height=&#8221;separator-height-large&#8221; kd_background_overlay=&#8221;true&#8221; kd_fixed_background=&#8221;true&#8221; kd_bottom_separator=&#8221;true&#8221; css=&#8221;.vc_custom_1617961085905{padding-top: 300px !important;padding-bottom: 300px !important;background-image: url(https:\/\/asello.eu\/wp-content\/uploads\/2021\/02\/Header_Success.jpg?id=2133) !important;background-position: center !important;background-repeat: no-repeat !important;background-size: cover !important;}&#8221; css_tablet_portrait=&#8221;.vc_custom_1617961085906{padding-top: 220px !important;background-position: center !important;background-repeat: no-repeat !important;background-size: cover !important;}&#8221; css_mobile=&#8221;.vc_custom_1617961085906{padding-top: 250px !important;padding-bottom: 150px !important;background-position: center !important;background-repeat: no-repeat !important;background-size: cover !important;}&#8221; css_tablet_landscape=&#8221;.vc_custom_1617961085905{padding-top: 250px !important;padding-bottom: 250px !important;}&#8221;][vc_column][vc_row_inner kd_background_image_position=&#8221;vc_row-bg-position-top&#8221;][vc_column_inner width=&#8221;1\/2&#8243; css=&#8221;.vc_custom_1617004173714{padding-right: 0px !important;padding-left: 0px !important;}&#8221; offset=&#8221;vc_col-lg-7 vc_col-md-12&#8243;]<header class=\"kd-section-title col-lg-12 text-left  subtitle-above-title kd-animated fadeIn   vc_custom_1617008185959\" data-animation-delay=200><h6 class=\"subtitle\" style=\"color: #0072bb;\">YOUR SUCCESS STORY<\/h6><h1 class=\"separator_off\" style=\"color: #ffffff;font-size: 80px;line-height: 90px;margin-bottom:30px;\">Gemeinsam L\u00f6sungen finden<\/h1><\/header>[\/vc_column_inner][vc_column_inner width=&#8221;1\/2&#8243; css=&#8221;.vc_custom_1599233434107{padding-right: 0px !important;padding-left: 0px !important;}&#8221; offset=&#8221;vc_col-lg-5 vc_col-md-12&#8243;][\/vc_column_inner][\/vc_row_inner][\/vc_column][\/vc_row][vc_row kd_background_image_position=&#8221;vc_row-bg-position-top&#8221; css=&#8221;.vc_custom_1617004230670{padding-top: 50px !important;padding-bottom: 90px !important;}&#8221;][vc_column]<header class=\"kd-section-title col-lg-8 vc_col-sm-8 text-center  subtitle-above-title   \" ><h6 class=\"subtitle\" style=\"color: #0072bb;\">READY FOR THE FUTURE<\/h6><h1 class=\"separator_off\" style=\"line-height: 52px;\">Entdecken Sie die Erfolgs\u00adgeschichten unserer Kunden<\/h1><\/header>[vc_row_inner kd_background_image_position=&#8221;vc_row-bg-position-top&#8221;][vc_column_inner width=&#8221;1\/6&#8243;][\/vc_column_inner][vc_column_inner width=&#8221;2\/3&#8243;][vc_column_text]<\/p>\n<p style=\"text-align: center;\">\u00dcber 1.000 zufriedene Kunden vertrauen bereits auf uns, denn asello ist zwar einfach zu erlernen und zu bedienen, aber trotzdem nicht \u201eirgendeine schnelle L\u00f6sung\u201c. Wir nehmen uns Zeit, den Bedarf eines Unternehmens exakt zu bestimmen \u2013 so bezahlen unsere Kunden auch wirklich nur das, was Sie brauchen.<\/p>\n<p>[\/vc_column_text][vc_column_text]<\/p>\n<div class=\"vc_row wpb_row vc_row-fluid vc_row-bg-position-top\">\n<div class=\"wpb_column vc_column_container vc_col-sm-12\">\n<div class=\"vc_column-inner vc_custom_1614175436146\">\n<div class=\"wpb_wrapper\">\n<div class=\"wpb_text_column wpb_content_element \">\n<div class=\"wpb_wrapper\">\n<h4 style=\"text-align: center;\">Und wenn sich die Rahmenbedingungen \u00e4ndern, l\u00e4sst sich asello ganz unkompliziert modular erweitern. Wo immer die Zukunft unsere Kunden hinf\u00fchrt: asello kann sie begleiten.<\/h4>\n<\/div>\n<\/div>\n<\/div>\n<\/div>\n<\/div>\n<\/div>\n<p>[\/vc_column_text][\/vc_column_inner][vc_column_inner width=&#8221;1\/6&#8243;][\/vc_column_inner][\/vc_row_inner][\/vc_column][\/vc_row][vc_row disable_element=&#8221;yes&#8221; kd_background_image_position=&#8221;vc_row-bg-position-top&#8221; css=&#8221;.vc_custom_1655881166768{padding-top: 50px !important;padding-right: 10px !important;padding-left: 10px !important;}&#8221;][vc_column css=&#8221;.vc_custom_1598449152053{padding-right: 0px !important;padding-bottom: 90px !important;padding-left: 0px !important;}&#8221;][vc_masonry_grid post_type=&#8221;portfolio&#8221; max_items=&#8221;-1&#8243; style=&#8221;lazy&#8221; show_filter=&#8221;yes&#8221; gap=&#8221;20&#8243; orderby=&#8221;rand&#8221; filter_style=&#8221;default-less-rounded&#8221; initial_loading_animation=&#8221;fadeIn&#8221; grid_id=&#8221;vc_gid:1694770531141-68f04829-9482-6&#8243; filter_source=&#8221;portfolio-category&#8221; exclude_filter=&#8221;10, 14, 18, 26, 21, 28, 23, 29, 19, 26, 20, 27, 24, 22, 25, 30, 32&#8243; taxonomies=&#8221;6, 3, 2, 8, 7, 10, 4, 9&#8243;][\/vc_column][\/vc_row][vc_row kd_background_image_position=&#8221;vc_row-bg-position-top&#8221; css=&#8221;.vc_custom_1617004458192{padding-top: 50px !important;padding-right: 10px !important;padding-left: 10px !important;}&#8221;][vc_column css=&#8221;.vc_custom_1598449152053{padding-right: 0px !important;padding-bottom: 90px !important;padding-left: 0px !important;}&#8221;][vc_basic_grid post_type=&#8221;portfolio&#8221; max_items=&#8221;-1&#8243; show_filter=&#8221;yes&#8221; filter_color=&#8221;white&#8221; grid_id=&#8221;vc_gid:1694770531141-023b5975-ec13-0&#8243; filter_source=&#8221;portfolio-category&#8221; exclude_filter=&#8221;23, 14, 32, 29, 26, 18, 21, 22, 25, 30&#8243;][\/vc_column][\/vc_row][vc_row full_width=&#8221;stretch_row&#8221; kd_background_image_position=&#8221;vc_row-bg-position-center&#8221; kd_image_overlay_color=&#8221;rgba(0,0,0,0.6)&#8221; kd_fixed_background=&#8221;true&#8221; kd_image_overlay=&#8221;true&#8221; css=&#8221;.vc_custom_1627656806922{margin-top: 60px !important;margin-bottom: -200px !important;padding-top: 100px !important;padding-bottom: 200px !important;background-image: url(https:\/\/asello.eu\/wp-content\/uploads\/2021\/07\/Test-Account-1.png?id=3864) !important;background-position: center !important;background-repeat: no-repeat !important;background-size: cover !important;}&#8221; css_tablet_portrait=&#8221;.vc_custom_1627656806923{padding-top: 150px !important;padding-bottom: 150px !important;}&#8221; css_mobile=&#8221;.vc_custom_1627656806924{padding-top: 150px !important;padding-bottom: 150px !important;}&#8221;][vc_column css_mobile=&#8221;.vc_custom_1617974367210{padding-right: 0px !important;padding-left: 0px !important;}&#8221;][vc_row_inner kd_background_image_position=&#8221;vc_row-bg-position-top&#8221; css=&#8221;.vc_custom_1617005499748{padding-bottom: 100px !important;}&#8221;][vc_column_inner]<header class=\"kd-section-title col-lg-12 text-center  subtitle-below-title kd-animated fadeIn   vc_custom_1627656816838\" data-animation-delay=200><h1 class=\"separator_off\" style=\"color: #ffffff;font-size: 60px;margin-bottom:30px;\">Testen Sie asello 7 Tage kostenlos!<\/h1><h6 class=\"subtitle\" style=\"color: rgba(255,255,255,0.75);\">asello ist Ihr zukunftsicheres und einfach zu bedienendes<br \/>\nKassensystem: aktivieren Sie jetzt ihren kostenlosen Start-Account!<\/h6><\/header><a  href=\"\"    class=\"tt_button tt_primary_button btn_primary_color hover_solid_white button-center button-action-link    long-button-mobil\" ><span class=\"prim_text\">Kostenlosen Start-Account erstellen<\/span><\/a>[\/vc_column_inner][\/vc_row_inner][\/vc_column][\/vc_row][vc_row kd_background_image_position=&#8221;vc_row-bg-position-top&#8221; css=&#8221;.vc_custom_1617008893341{padding-right: 0px !important;padding-left: 0px !important;}&#8221;][vc_column css_mobile=&#8221;.vc_custom_1617974385411{padding-right: 0px !important;padding-left: 0px !important;}&#8221;][vc_row_inner kd_background_image_position=&#8221;vc_row-bg-position-top&#8221;][vc_column_inner width=&#8221;1\/3&#8243; css=&#8221;.vc_custom_1617785890790{margin-bottom: -200px !important;padding-left: 0px !important;}&#8221; css_mobile=&#8221;.vc_custom_1617785890792{margin-bottom: 0px !important;padding-right: 0px !important;padding-left: 0px !important;}&#8221;]<div class=\"cb-container  content-center   kd-animated fadeInUp\" data-animation-delay=200><div class=\"cb-wrapper\" style=\"background-color: #fff;\"><div class=\"cb-img-area\"><i class=\"iconsmind-Structure iconsmind-Buildings-Landmarks\" style=\"font-size: 50px; \"><\/i> <\/div><div class=\"cb-text-area\">\n                      <h4 class=\"cb-heading\" >Produkte<\/h4><p >Finden Sie das passende Produkt f\u00fcr Ihr Unternehmen.<\/p><a class=\"cb-simple-link\" href=\"https:\/\/asello.eu\/produkte\/\" target=\"_self\" >Produkte entdecken<\/a><\/div><\/div><\/div>[\/vc_column_inner][vc_column_inner width=&#8221;1\/3&#8243; css=&#8221;.vc_custom_1617785886402{margin-bottom: -200px !important;}&#8221; css_mobile=&#8221;.vc_custom_1617785886403{margin-bottom: 0px !important;padding-right: 0px !important;padding-left: 0px !important;}&#8221;]<div class=\"cb-container  content-center   kd-animated fadeInUp\" data-animation-delay=600><div class=\"cb-wrapper\" style=\"background-color: #fff;\"><div class=\"cb-img-area\"><i class=\"iconsmind-Shop iconsmind-Shopping-E-commerce\" style=\"font-size: 50px; \"><\/i> <\/div><div class=\"cb-text-area\">\n                      <h4 class=\"cb-heading\" >L\u00f6sungen<\/h4><p >Entdecken Sie unsere branchenorientierten L\u00f6sungen.<\/p><a class=\"cb-simple-link\" href=\"https:\/\/asello.eu\/solutions\/\" target=\"_self\" >Branche finden<\/a><\/div><\/div><\/div>[\/vc_column_inner][vc_column_inner width=&#8221;1\/3&#8243; css=&#8221;.vc_custom_1617785881092{margin-bottom: -200px !important;padding-right: 0px !important;}&#8221; css_mobile=&#8221;.vc_custom_1617785881094{margin-bottom: -200px !important;padding-right: 0px !important;padding-left: 0px !important;}&#8221;]<div class=\"cb-container  content-center   kd-animated fadeInUp\" data-animation-delay=400><div class=\"cb-wrapper\" style=\"background-color: #fff;\"><div class=\"cb-img-area\"><i class=\"iconsmind-Phone-3 iconsmind-Desktop-apps\" style=\"font-size: 50px; \"><\/i> <\/div><div class=\"cb-text-area\">\n                      <h4 class=\"cb-heading\" >Kontakt<\/h4><p >Gerne helfen wir Ihnen mit bei einem pers\u00f6nlichen Gespr\u00e4ch.<\/p><a class=\"cb-simple-link\" href=\"https:\/\/asello.eu\/kontakt\/\" target=\"_self\" >Anfrage senden<\/a><\/div><\/div><\/div>[\/vc_column_inner][\/vc_row_inner][\/vc_column][\/vc_row]<\/p>\n<\/section>","protected":false},"excerpt":{"rendered":"<p>[vc_row full_width=&#8221;stretch_row&#8221; kd_background_image_position=&#8221;vc_row-bg-position-center&#8221; kd_bottom_separator_style=&#8221;static-waves&#8221; kd_bottom_separator_height=&#8221;separator-height-large&#8221; kd_background_overlay=&#8221;true&#8221; kd_fixed_background=&#8221;true&#8221; kd_bottom_separator=&#8221;true&#8221; css=&#8221;.vc_custom_1617961085905{padding-top: 300px !important;padding-bottom: 300px !important;background-image: url(https:\/\/asello.eu\/wp-content\/uploads\/2021\/02\/Header_Success.jpg?id=2133) !important;background-position: center !important;background-repeat: no-repeat !important;background-size: cover [&hellip;]<\/p>\n","protected":false},"author":3,"featured_media":0,"parent":0,"menu_order":0,"comment_status":"closed","ping_status":"closed","template":"","meta":{"footnotes":""},"class_list":["post-58","page","type-page","status-publish","hentry"],"_links":{"self":[{"href":"https:\/\/asello.eu\/de\/wp-json\/wp\/v2\/pages\/58","targetHints":{"allow":["GET"]}}],"collection":[{"href":"https:\/\/asello.eu\/de\/wp-json\/wp\/v2\/pages"}],"about":[{"href":"https:\/\/asello.eu\/de\/wp-json\/wp\/v2\/types\/page"}],"author":[{"embeddable":true,"href":"https:\/\/asello.eu\/de\/wp-json\/wp\/v2\/users\/3"}],"replies":[{"embeddable":true,"href":"https:\/\/asello.eu\/de\/wp-json\/wp\/v2\/comments?post=58"}],"version-history":[{"count":12,"href":"https:\/\/asello.eu\/de\/wp-json\/wp\/v2\/pages\/58\/revisions"}],"predecessor-version":[{"id":6311,"href":"https:\/\/asello.eu\/de\/wp-json\/wp\/v2\/pages\/58\/revisions\/6311"}],"wp:attachment":[{"href":"https:\/\/asello.eu\/de\/wp-json\/wp\/v2\/media?parent=58"}],"curies":[{"name":"wp","href":"https:\/\/api.w.org\/{rel}","templated":true}]}}