{"id":5486,"date":"2021-02-24T13:13:12","date_gmt":"2021-02-24T12:13:12","guid":{"rendered":"https:\/\/asello.eu\/?page_id=5486"},"modified":"2024-08-18T14:12:41","modified_gmt":"2024-08-18T12:12:41","slug":"impressum","status":"publish","type":"page","link":"https:\/\/asello.eu\/de\/impressum\/","title":{"rendered":"Impressum"},"content":{"rendered":"<section class=\"wpb-content-wrapper\"><p>[vc_row kd_background_image_position=&#8221;vc_row-bg-position-top&#8221;][vc_column][vc_column_text]<\/p>\n<p>&nbsp;<\/p>\n<p>&nbsp;<\/p>\n<p>&nbsp;<\/p>\n<h1 style=\"text-align: center;\">Impressum<\/h1>\n<h3><strong>asello Deutschland GmbH<\/strong><\/h3>\n<p>Ben-Gurion-Ring 21<br \/>\n60437 Frankfurt am Main<br \/>\nDeutschland<\/p>\n<p>Tel.: <a href=\"tel:+49 69 97765135\">+49 69 977 651 35<\/a><br \/>\nE-Mail:<a href=\"mailto:office@asello.eu\"> office@asello.eu<\/a><\/p>\n<p>Handelsregister: HRB 127003<br \/>\nUID: DE354180655<br \/>\nSteuer Nr.: 014 228 49872<br \/>\nGerichtsstand Frankfurt am Main<\/p>\n<p>Raiffeisenbank Ilz<br \/>\nIBAN: AT32 3815 1000 0007 5549<br \/>\nBIC: RZSTAT2G151<\/p>\n<p>Gesch\u00e4ftsf\u00fchrer: Bernhard Schille<br \/>\nGewerbeanmeldung: Stadt Frankfurt am Main<br \/>\nAngemeldete T\u00e4tigkeit: Entwicklung und der Vertrieb von Software und der Handel mit Waren aller Art[\/vc_column_text][\/vc_column][\/vc_row]<div class=\"kd-divider solid_line divider_full_width medium_solid\">\n                <div class=\"divider-line\" style=\"border-color:\"><\/div>\n            <\/div>[vc_row kd_background_image_position=&#8221;vc_row-bg-position-top&#8221;][vc_column][vc_column_text]Im Hinblick auf die technischen Eigenschaften des Internet kann keine Gew\u00e4hr f\u00fcr die Authentizit\u00e4t, Richtigkeit und Vollst\u00e4ndigkeit, der im Internet zur Verf\u00fcgung gestellten Informationen \u00fcbernommen werden. Es wird auch keine Gew\u00e4hr f\u00fcr die Verf\u00fcgbarkeit oder den Betrieb der gegenst\u00e4ndlichen Homepage und ihrer Inhalte \u00fcbernommen.<br \/>\nJede Haftung f\u00fcr unmittelbare, mittelbare oder sonstige Sch\u00e4den, unabh\u00e4ngig von deren Ursachen, die aus der Benutzung oder Nichtverf\u00fcgbarkeit der Daten und Informationen dieser Homepage erwachsen, wird, soweit rechtlich zul\u00e4ssig, ausgeschlossen.<br \/>\nDer Inhalt dieser Homepage ist urheberrechtlich gesch\u00fctzt. Die Informationen sind nur f\u00fcr die pers\u00f6nliche Verwendung bestimmt. Jede weitergehende Nutzung, insbesondere die Speicherung in Datenbanken, Vervielf\u00e4ltigung und jede Form von gewerblicher Nutzung sowie die Weitergabe an Dritte &#8211; auch in Teilen oder in \u00fcberarbeiteter Form &#8211; ohne Zustimmung der jeweiligen Organisation, ist untersagt.<br \/>\nHyperlinks auf <a href=\"https:\/\/asello.eu\">www.asello.eu<\/a> sind willkommen. Jede Einbindung einzelner Seiten unseres Angebotes in fremde Frames ist zu unterlassen.<\/p>\n<h3><strong>Gender-Erkl\u00e4rung<\/strong><\/h3>\n<p>Zur besseren Lesbarkeit werden auf dieser Webseite personenbezogene Bezeichnungen, die sich zugleich auf Frauen und M\u00e4nner beziehen, generell nur in der m\u00e4nnlichen Form angef\u00fchrt. Dies soll jedoch keinesfalls eine Geschlechterdiskriminierung oder eine Verletzung des Geschlechtergrundsatzes zum Ausdruck bringen, sondern soll ausschlie\u00dflich der besseren Lesbarkeit dienen.[\/vc_column_text][\/vc_column][\/vc_row]<\/p>\n<\/section>","protected":false},"excerpt":{"rendered":"<p>[vc_row kd_background_image_position=&#8221;vc_row-bg-position-top&#8221;][vc_column][vc_column_text] &nbsp; &nbsp; &nbsp; Impressum asello Deutschland GmbH Ben-Gurion-Ring 21 60437 Frankfurt am Main Deutschland Tel.: +49 69 977 [&hellip;]<\/p>\n","protected":false},"author":3,"featured_media":0,"parent":0,"menu_order":0,"comment_status":"closed","ping_status":"closed","template":"","meta":{"footnotes":""},"class_list":["post-5486","page","type-page","status-publish","hentry"],"_links":{"self":[{"href":"https:\/\/asello.eu\/de\/wp-json\/wp\/v2\/pages\/5486","targetHints":{"allow":["GET"]}}],"collection":[{"href":"https:\/\/asello.eu\/de\/wp-json\/wp\/v2\/pages"}],"about":[{"href":"https:\/\/asello.eu\/de\/wp-json\/wp\/v2\/types\/page"}],"author":[{"embeddable":true,"href":"https:\/\/asello.eu\/de\/wp-json\/wp\/v2\/users\/3"}],"replies":[{"embeddable":true,"href":"https:\/\/asello.eu\/de\/wp-json\/wp\/v2\/comments?post=5486"}],"version-history":[{"count":13,"href":"https:\/\/asello.eu\/de\/wp-json\/wp\/v2\/pages\/5486\/revisions"}],"predecessor-version":[{"id":6439,"href":"https:\/\/asello.eu\/de\/wp-json\/wp\/v2\/pages\/5486\/revisions\/6439"}],"wp:attachment":[{"href":"https:\/\/asello.eu\/de\/wp-json\/wp\/v2\/media?parent=5486"}],"curies":[{"name":"wp","href":"https:\/\/api.w.org\/{rel}","templated":true}]}}