{"id":4474,"date":"2022-01-11T14:12:22","date_gmt":"2022-01-11T13:12:22","guid":{"rendered":"https:\/\/asello.eu\/?page_id=4474"},"modified":"2022-03-16T17:48:15","modified_gmt":"2022-03-16T16:48:15","slug":"rueckruf","status":"publish","type":"page","link":"https:\/\/asello.eu\/de\/rueckruf\/","title":{"rendered":"R\u00fcckruf"},"content":{"rendered":"<section class=\"wpb-content-wrapper\"><p>[vc_row full_width=&#8221;stretch_row&#8221; kd_background_image_position=&#8221;vc_row-bg-position-center&#8221; css=&#8221;.vc_custom_1647441863177{padding-top: 310px !important;padding-bottom: 200px !important;background-image: url(https:\/\/asello.eu\/wp-content\/uploads\/2022\/03\/Header_Hobex.jpg?id=4646) !important;background-position: center !important;background-repeat: no-repeat !important;background-size: cover !important;}&#8221; css_mobile=&#8221;.vc_custom_1647441863178{padding-top: 150px !important;}&#8221; css_tablet_landscape=&#8221;.vc_custom_1647441863177{padding-top: 200px !important;}&#8221; css_tablet_portrait=&#8221;.vc_custom_1647441863178{padding-top: 150px !important;}&#8221;][vc_column css=&#8221;.vc_custom_1516115464846{padding-left: 0px !important;}&#8221;][vc_row_inner kd_background_image_position=&#8221;vc_row-bg-position-top&#8221;][vc_column_inner width=&#8221;2\/3&#8243;]<header class=\"kd-section-title col-lg-12 text-left  subtitle-above-title kd-animated fadeIn   vc_custom_1647441782479\" data-animation-delay=200><h6 class=\"subtitle\" style=\"color: #0072bb;\">ALL-IN-ONE 2.0<\/h6><h1 class=\"separator_off\" style=\"color: #ffffff;font-size: 60px;margin-bottom:30px;\">Das mobile Terminal, das alles kann<\/h1><\/header>[\/vc_column_inner][vc_column_inner width=&#8221;1\/3&#8243; css=&#8221;.vc_custom_1597748338184{padding-top: 70px !important;}&#8221;][\/vc_column_inner][\/vc_row_inner][\/vc_column][\/vc_row][vc_row full_width=&#8221;stretch_row&#8221; disable_element=&#8221;yes&#8221; kd_background_image_position=&#8221;vc_row-bg-position-top&#8221; css=&#8221;.vc_custom_1647441787384{padding-top: 100px !important;padding-bottom: 100px !important;background-color: #0072bb !important;}&#8221;][vc_column][vc_row_inner kd_background_image_position=&#8221;vc_row-bg-position-top&#8221;][vc_column_inner width=&#8221;1\/6&#8243;][\/vc_column_inner][vc_column_inner width=&#8221;2\/3&#8243;][vc_column_text]<\/p>\n<h3 style=\"text-align: center; color: #fff;\"><b>Sichern Sie sich Ihren pers\u00f6nlichen Account Manager Termin bei Ihnen vor Ort zum Aktionspreis.<\/b><\/h3>\n<p style=\"text-align: center; color: #fff; font-size: 4em; line-height: 150%; font-weight: bold;\">nur \u20ac 49,00<\/p>\n<p style=\"text-align: center; color: #fff;\">keine zus\u00e4tzlichen Anfahrtskosten &#8211; Preis exkl. MwSt.<br \/>\nAktion g\u00fcltig bis 31.01.2022 &#8211; Termine bis Ende M\u00e4rz verf\u00fcgbar.<\/p>\n<p>[\/vc_column_text][vc_separator color=&#8221;white&#8221; css=&#8221;.vc_custom_1641915315657{padding-top: 50px !important;padding-bottom: 60px !important;}&#8221;][vc_column_text]<\/p>\n<p style=\"text-align: center; color: #fff;\">Bei asello hat sich in den letzten Monaten viel getan &#8211; neue Funktionen, neue Zahlungssysteme, neue L\u00f6sungen f\u00fcr Selbstbedienungsl\u00e4den und Catering, sowie eine neue Onlineshop-Anbindung, Warenwirtschaftssystem und Ticketshop.<\/p>\n<p style=\"text-align: center; color: #fff;\">M\u00f6chten Sie mehr \u00fcber unsere Neuerungen erfahren? Oder haben Sie Fragen zu Ihrem Kassensystem?<br \/>\nEgal ob zu neuen oder alten Themen, kl\u00e4ren Sie offene Fragen, \u00fcberpr\u00fcfen Sie die Einstellungen, optimieren Sie Ihre Druckvorlagen und kontrollieren Sie die Pr\u00fcfung des Jahresbelegs mit Ihrem Account Manager.<\/p>\n<p>[\/vc_column_text][\/vc_column_inner][vc_column_inner width=&#8221;1\/6&#8243;][\/vc_column_inner][\/vc_row_inner][\/vc_column][\/vc_row][vc_row full_width=&#8221;stretch_row&#8221; kd_background_image_position=&#8221;vc_row-bg-position-top&#8221; css=&#8221;.vc_custom_1647446683829{padding-top: 150px !important;padding-bottom: 150px !important;}&#8221; css_mobile=&#8221;.vc_custom_1647446683831{padding-top: 50px !important;padding-bottom: 0px !important;}&#8221; css_tablet_portrait=&#8221;.vc_custom_1647446683830{padding-top: 50px !important;padding-bottom: 0px !important;}&#8221;][vc_column css=&#8221;.vc_custom_1620040376969{padding-right: 0px !important;padding-left: 0px !important;}&#8221; css_mobile=&#8221;.vc_custom_1620040376971{margin-right: 0px !important;margin-left: 0px !important;padding-right: 0px !important;padding-left: 0px !important;}&#8221;][vc_row_inner kd_background_image_position=&#8221;vc_row-bg-position-top&#8221;][vc_column_inner width=&#8221;1\/2&#8243;]<header class=\"kd-section-title col-lg-8 vc_col-sm-8 text-right  subtitle-above-title kd-animated fadeIn  \" data-animation-delay=200><h6 class=\"subtitle\" style=\"color: #0072bb;\">ALL-IN-ONE 2.0<\/h6><h1 class=\"separator_off\" style=\"line-height: 52px;\">So ein Terminal gab es noch nie<\/h1><\/header>[vc_column_text]<\/p>\n<p style=\"text-align: right;\">Das Hobex ViA verf\u00fcgt \u00fcber einen eingebauten Scanner, Drucker und einem NFC-Kartenleseger\u00e4t. Ihre G\u00e4ste bezahlen kontaktlos mit Karte, Smartphone oder Smartwatch &#8211; Sie sparen sich zus\u00e4tzliche Wege und somit auch Zeit und Geld.<\/p>\n<p style=\"text-align: right;\">In Kombination mit aselloPOS haben Sie so alle Funktionen f\u00fcr ein mobiles All-In-One POS Terminal in einer Hand. Mit dem erstklassigen Design und der ergonomisch perfekten Form passt es zudem in jede Tasche. Einfach zu bedienen \u2013 noch einfacher an Ihre pers\u00f6nlichen Bed\u00fcrfnisse angepasst.<\/p>\n<p>[\/vc_column_text]<a  href=\"#rueckruf-form\"  class=\"tt_button tt_primary_button btn_primary_color hover_solid_white pull-right button-scroll-to-section btn-smooth-scroll\" ><span class=\"prim_text\">Jetzt R\u00fcckruf vereinbaren<\/span><\/a>[\/vc_column_inner][vc_column_inner width=&#8221;1\/2&#8243; css=&#8221;.vc_custom_1647447826317{padding-left: 100px !important;}&#8221;][vc_single_image image=&#8221;4695&#8243; img_size=&#8221;full&#8221;][\/vc_column_inner][\/vc_row_inner][\/vc_column][\/vc_row][vc_row full_width=&#8221;stretch_row_content&#8221; kd_background_image_position=&#8221;vc_row-bg-position-top&#8221; css=&#8221;.vc_custom_1647445870888{margin-bottom: -750px !important;}&#8221;][vc_column css=&#8221;.vc_custom_1599050426917{padding-right: 0px !important;padding-left: 0px !important;}&#8221;][vc_row_inner full_width=&#8221;inner_row_contained&#8221; kd_background_image_position=&#8221;vc_row-bg-position-top&#8221; kd_background_overlay=&#8221;true&#8221; css=&#8221;.vc_custom_1647445905386{margin-right: 60px !important;margin-left: 60px !important;padding-top: 100px !important;padding-right: 0px !important;padding-bottom: 700px !important;padding-left: 0px !important;background-color: rgba(0,114,187,0.12) !important;*background-color: rgb(0,114,187) !important;border-radius: 50px !important;}&#8221; css_tablet_landscape=&#8221;.vc_custom_1647445905386{margin-right: 0px !important;margin-left: 0px !important;border-radius: 0px !important;}&#8221; css_tablet_portrait=&#8221;.vc_custom_1647445905387{margin-right: 0px !important;margin-left: 0px !important;border-radius: 0px !important;}&#8221; css_mobile=&#8221;.vc_custom_1647445905387{margin-right: 0px !important;margin-left: 0px !important;border-radius: 0px !important;}&#8221;][vc_column_inner css=&#8221;.vc_custom_1600787906637{padding-top: 0px !important;}&#8221; offset=&#8221;vc_col-lg-offset-0 vc_col-lg-12 vc_col-md-offset-0 vc_col-sm-offset-0&#8243; css_tablet_landscape=&#8221;.vc_custom_1600787906637{padding-top: 0px !important;padding-right: 15px !important;padding-left: 15px !important;}&#8221; css_tablet_portrait=&#8221;.vc_custom_1600787906638{padding-top: 0px !important;padding-right: 15px !important;padding-left: 15px !important;}&#8221; css_mobile=&#8221;.vc_custom_1600787906638{padding-top: 0px !important;padding-right: 15px !important;padding-left: 15px !important;}&#8221;]<header class=\"kd-section-title col-lg-12 text-center  subtitle-above-title kd-animated fadeIn   vc_custom_1647446606351\" data-animation-delay=200><h6 class=\"subtitle\" style=\"color: #0072bb;\">HARD FACTS<\/h6><h1 class=\"separator_off\" style=\"line-height: 52px;\">Die Vorteile des Hobex ViA<\/h1><\/header>[\/vc_column_inner][\/vc_row_inner][\/vc_column][\/vc_row][vc_row kd_background_image_position=&#8221;vc_row-bg-position-top&#8221; css=&#8221;.vc_custom_1600865189803{padding-top: 75px !important;padding-bottom: 100px !important;}&#8221;][vc_column css=&#8221;.vc_custom_1597665991208{padding-right: 0px !important;padding-left: 0px !important;}&#8221;][vc_row_inner kd_background_image_position=&#8221;vc_row-bg-position-top&#8221; css=&#8221;.vc_custom_1598637844246{padding-bottom: 30px !important;}&#8221; css_tablet_portrait=&#8221;.vc_custom_1598637844247{padding-bottom: 0px !important;}&#8221; css_mobile=&#8221;.vc_custom_1598637844248{padding-bottom: 0px !important;}&#8221; css_tablet_landscape=&#8221;.vc_custom_1598637844247{padding-bottom: 0px !important;}&#8221;][vc_column_inner width=&#8221;1\/2&#8243;]<div class=\"key-icon-box icon-default icon-left cont-left ib-hover-2 with-shadow    icon-no-background icon-no-border kd-animated fadeInUp\" style=\"background-color: #ffffff;\" data-animation-delay=200><div class=\"ib-wrapper\" style=\"padding-top:45px;padding-bottom:45px;padding-left:35px;padding-right:35px;\"><div class=\"ib-simple-icon-wrapper\" ><i class=\"iconsmind-Yes iconsmind-Interface\" style=\"font-size: 40px;font-weight: 400;\"><\/i> <\/div><h5 class=\"service-heading\" >DAS PERFEKTE PAKET<\/h5><p style=\"font-size: 17px;\"><strong>Hardware &amp; Software im Einklang<\/strong><\/p>\n<p>In Kombination mit dem aselloPOS Kassensystem wird das Hobex ViA Terminal zum mobilen Allesk\u00f6nner. Perfekt integriert f\u00fcr den vollen Funktionsumfang und angepasst an Ihre pers\u00f6nlichen Bed\u00fcrfnisse.<\/p><\/div><\/div>[\/vc_column_inner][vc_column_inner width=&#8221;1\/2&#8243;]<div class=\"key-icon-box icon-default icon-left cont-left ib-hover-2 with-shadow    icon-no-background icon-no-border kd-animated fadeInUp\" style=\"background-color: #ffffff;\" data-animation-delay=200><div class=\"ib-wrapper\" style=\"padding-top:45px;padding-bottom:45px;padding-left:35px;padding-right:35px;\"><div class=\"ib-simple-icon-wrapper\" ><i class=\"iconsmind-Credit-Card2 iconsmind-Business-Finance\" style=\"font-size: 40px;font-weight: 400;\"><\/i> <\/div><h5 class=\"service-heading\" >NFC-FUNKTION<\/h5><p style=\"font-size: 17px;\"><strong>Ber\u00fchrungsloses Zahlen leicht gemacht<\/strong><\/p>\n<p>Schnell, unkompliziert und sicher \u2013 die modernste und einfachste Art zu bezahlen ist nat\u00fcrlich integriert. Die G\u00e4ste zahlen mit Karte bzw. ApplePay oder auch SamsungPay. Optimaler Service nicht nur f\u00fcr internationale G\u00e4ste.<\/p><\/div><\/div>[\/vc_column_inner][\/vc_row_inner][vc_row_inner kd_background_image_position=&#8221;vc_row-bg-position-top&#8221; css=&#8221;.vc_custom_1647445930751{padding-bottom: 30px !important;}&#8221;][vc_column_inner width=&#8221;1\/2&#8243;]<div class=\"key-icon-box icon-default icon-left cont-left ib-hover-2 with-shadow    icon-no-background icon-no-border kd-animated fadeInUp\" style=\"background-color: #ffffff;\" data-animation-delay=200><div class=\"ib-wrapper\" style=\"padding-top:45px;padding-bottom:45px;padding-left:35px;padding-right:35px;\"><div class=\"ib-simple-icon-wrapper\" ><i class=\"iconsmind-Wallet-2 iconsmind-Business-Finance\" style=\"font-size: 40px;font-weight: 400;\"><\/i> <\/div><h5 class=\"service-heading\" >BONIEREN &amp; ZAHLEN<\/h5><p style=\"font-size: 17px;\"><strong>Ab sofort alles in einer Hand<\/strong><\/p>\n<p>Die Zeiten, in denen man mehrere Ger\u00e4te zur Bestellannahme und zum Rechnungsdruck ben\u00f6tigt hat, sind endlich vorbei. Das spart Zeit sowie Wege und bedeutet damit eine enorme Arbeitserleichterung f\u00fcr Gastronomie und Hotellerie.<\/p><\/div><\/div><div class=\"kd-shapes shape_dots with-parallax kd-animated zoomIn\" style=\"top: 28px;left: -32px;width: 172px;height: 173px;background-color: rgba(255,255,255,0.4);\" data-parallax-speed=\"-0.15\" data-animation-delay=400><\/div>[\/vc_column_inner][vc_column_inner width=&#8221;1\/2&#8243;]<div class=\"key-icon-box icon-default icon-left cont-left ib-hover-2 with-shadow    icon-no-background icon-no-border kd-animated fadeInUp\" style=\"background-color: #ffffff;\" data-animation-delay=200><div class=\"ib-wrapper\" style=\"padding-top:45px;padding-bottom:45px;padding-left:35px;padding-right:35px;\"><div class=\"ib-simple-icon-wrapper\" ><i class=\"iconsmind-QR-Code iconsmind-Shopping-E-commerce\" style=\"font-size: 40px;font-weight: 400;\"><\/i> <\/div><h5 class=\"service-heading\" >QR- &amp; BARCODE-SCANNER<\/h5><p style=\"font-size: 17px;\"><strong>Scannt Codes in Sekundenbruchteilen<\/strong><\/p>\n<p>Die Scaneinheit des VIA erm\u00f6glicht nicht nur das schnelle Erkennen von QR-Codes, sondern durch den integrierten Imagescanner ebenso das Auslesen von Barcodes. Somit kann jede Handelsware rasch und unkompliziert erfasst werden.<\/p><\/div><\/div>[\/vc_column_inner][\/vc_row_inner][vc_row_inner kd_background_image_position=&#8221;vc_row-bg-position-top&#8221; css=&#8221;.vc_custom_1597669510031{padding-bottom: 50px !important;}&#8221;][vc_column_inner width=&#8221;1\/2&#8243;]<div class=\"key-icon-box icon-default icon-left cont-left ib-hover-2 with-shadow    icon-no-background icon-no-border kd-animated fadeInUp\" style=\"background-color: #ffffff;\" data-animation-delay=200><div class=\"ib-wrapper\" style=\"padding-top:45px;padding-bottom:45px;padding-left:35px;padding-right:35px;\"><div class=\"ib-simple-icon-wrapper\" ><i class=\"iconsmind-Wallet-2 iconsmind-Business-Finance\" style=\"font-size: 40px;font-weight: 400;\"><\/i> <\/div><h5 class=\"service-heading\" >4G- &amp; WLAN-\/WiFi-EMPFANG<\/h5><p style=\"font-size: 17px;\"><strong>Drinnen &amp; drau\u00dfen auf Nummer sicher<\/strong><\/p>\n<p>Egal, ob in Innenr\u00e4umen oder im Au\u00dfenbereich \u2013 die Kombination aus Netzempfang (\u00fcber SIM-Karte) und sicherer WLAN-Verbindung garantiert \u00fcberall eine perfekte und sichere Verbindung zwischen mobiler Einheit und Terminal.<\/p><\/div><\/div>[\/vc_column_inner][vc_column_inner width=&#8221;1\/2&#8243;]<div class=\"key-icon-box icon-default icon-left cont-left ib-hover-2 with-shadow    icon-no-background icon-no-border kd-animated fadeInUp\" style=\"background-color: #ffffff;\" data-animation-delay=200><div class=\"ib-wrapper\" style=\"padding-top:45px;padding-bottom:45px;padding-left:35px;padding-right:35px;\"><div class=\"ib-simple-icon-wrapper\" ><i class=\"iconsmind-Camera-5 iconsmind-Photos-Class\" style=\"font-size: 40px;font-weight: 400;\"><\/i> <\/div><h5 class=\"service-heading\" >5-MEGAPIXEL-KAMERA<\/h5><p style=\"font-size: 17px;\"><strong>Gestochen scharf und mit Blitz<\/strong><\/p>\n<p>Dank der hochaufl\u00f6senden Optik der integrierten Kamera lassen sich zum einen verschiedenste Codes auslesen, zum anderen auch Zahlungen mit neuen, alternativen Zahlsystemen, wie etwa Alipay, problemlos am Ger\u00e4t durchf\u00fchren.<\/p><\/div><\/div>[\/vc_column_inner][\/vc_row_inner][\/vc_column][\/vc_row][vc_row full_width=&#8221;stretch_row&#8221; kd_background_image_position=&#8221;vc_row-bg-position-top&#8221; kd_top_separator_style=&#8221;arrow-up&#8221; kd_top_separator_height=&#8221;separator-height-medium&#8221; kd_bottom_separator_style=&#8221;arrow-down&#8221; kd_bottom_separator_height=&#8221;separator-height-medium&#8221; kd_background_overlay=&#8221;true&#8221; kd_top_separator=&#8221;true&#8221; kd_bottom_separator=&#8221;true&#8221; css=&#8221;.vc_custom_1647449283130{margin-top: 75px !important;margin-bottom: 75px !important;padding-top: 210px !important;padding-bottom: 280px !important;background: #ffffff url(https:\/\/asello.eu\/wp-content\/uploads\/2022\/03\/P5_montiert-Kopie.jpg?id=4709) !important;background-position: center !important;background-repeat: no-repeat !important;background-size: cover !important;}&#8221; css_mobile=&#8221;.vc_custom_1647449283131{margin-top: 0px !important;padding-top: 0px !important;padding-bottom: 150px !important;}&#8221; css_tablet_portrait=&#8221;.vc_custom_1647449283131{margin-top: 0px !important;padding-top: 150px !important;padding-bottom: 200px !important;}&#8221; css_tablet_landscape=&#8221;.vc_custom_1647449283130{margin-top: 50px !important;}&#8221; top_section_title=&#8221;&#8221; bottom_section_title=&#8221;&#8221;][vc_column][vc_row_inner kd_background_image_position=&#8221;vc_row-bg-position-top&#8221;][vc_column_inner width=&#8221;3\/4&#8243; css=&#8221;.vc_custom_1602157623756{margin-left: 0px !important;padding-right: 0px !important;padding-left: 0px !important;}&#8221; css_mobile=&#8221;.vc_custom_1602157623758{padding-top: 100px !important;}&#8221; css_tablet_portrait=&#8221;.vc_custom_1602157623757{padding-top: 0px !important;}&#8221; css_tablet_landscape=&#8221;.vc_custom_1602157623756{padding-top: 50px !important;}&#8221; offset=&#8221;vc_col-lg-12 vc_col-md-9&#8243;][vc_empty_space height=&#8221;500px&#8221;][\/vc_column_inner][\/vc_row_inner][\/vc_column][\/vc_row][vc_row full_width=&#8221;stretch_row&#8221; kd_background_image_position=&#8221;vc_row-bg-position-top&#8221; kd_background_overlay=&#8221;true&#8221; css=&#8221;.vc_custom_1647446436823{padding-top: 50px !important;padding-bottom: 100px !important;background-color: #ffffff !important;}&#8221; css_tablet_portrait=&#8221;.vc_custom_1647446436825{padding-bottom: 35px !important;}&#8221; css_mobile=&#8221;.vc_custom_1647446436826{padding-bottom: 35px !important;}&#8221; css_tablet_landscape=&#8221;.vc_custom_1647446436823{padding-bottom: 35px !important;}&#8221; el_id=&#8221;rueckruf-form&#8221;][vc_column css=&#8221;.vc_custom_1516115464846{padding-left: 0px !important;}&#8221;][vc_row_inner kd_background_image_position=&#8221;vc_row-bg-position-top&#8221;][vc_column_inner]<header class=\"kd-section-title col-lg-8 vc_col-sm-8 text-center  subtitle-above-title kd-animated fadeIn   vc_custom_1647443297168\" data-animation-delay=200><h6 class=\"subtitle\" style=\"color: #0072bb;\">HOBEX VIA - ALL-IN-ONE TERMINAL<\/h6><h1 class=\"separator_off\" style=\"line-height: 52px;\">Jetzt R\u00fcckruf vereinbaren<\/h1><\/header>[\/vc_column_inner][\/vc_row_inner][vc_row_inner kd_background_image_position=&#8221;vc_row-bg-position-top&#8221;][vc_column_inner width=&#8221;1\/4&#8243;][\/vc_column_inner][vc_column_inner width=&#8221;1\/2&#8243;][vc_column_text]<\/p>\n<div class=\"pipedriveWebForms\" data-pd-webforms=\"https:\/\/webforms.pipedrive.com\/f\/33bSkN6FF65jsMiuvHpfJUzHM4OMmUZ5HOlrKkI4zJAKEbGNb60odeBjx4YaT5Xiz\"><script src=\"https:\/\/webforms.pipedrive.com\/f\/loader\"><\/script><\/div>\n<p>[\/vc_column_text][\/vc_column_inner][vc_column_inner width=&#8221;1\/4&#8243;][\/vc_column_inner][\/vc_row_inner][\/vc_column][\/vc_row][vc_row full_width=&#8221;stretch_row&#8221; content_placement=&#8221;middle&#8221; kd_background_image_position=&#8221;vc_row-bg-position-top&#8221; css=&#8221;.vc_custom_1647449207012{margin-bottom: -50px !important;padding-top: 46px !important;padding-bottom: 46px !important;background-image: url(https:\/\/asello.eu\/wp-content\/uploads\/2021\/07\/POS.png?id=3820) !important;background-position: center !important;background-repeat: no-repeat !important;background-size: cover !important;}&#8221; css_mobile=&#8221;.vc_custom_1647449207013{background-position: 0 0 !important;background-repeat: no-repeat !important;}&#8221;][vc_column css=&#8221;.vc_custom_1597930188354{padding-right: 50px !important;}&#8221;]<div class=\"kd-calltoaction\" >\n                <div class=\"container\">\n                  <div class=\"cta-text-container kd-animated fadeIn\" data-animation-delay=\"200\"><div class=\"cta-text\"><h2 style=\"color: #ffffff;\">HOBEX - Der Partner f\u00fcr Bezahll\u00f6sungen<\/h2><\/div>\n                    <\/div>\n                    <div class=\"cta-btncontainer\"><a href=\"https:\/\/www.hobex.at\/\" target=\"_blank\" title=\"Hobex Website\" class=\"tt_button tt_primary_button btn_primary_color hover_solid_white button-action-link icon_right kd-animated zoomIn\" data-animation-delay=\"200\">Zur Website<span class=\"fas fa-chevron-right iconita\" ><\/span><\/a><\/div>\n                <\/div>\n            <\/div>[\/vc_column][\/vc_row]<\/p>\n<\/section>","protected":false},"excerpt":{"rendered":"<p>[vc_row full_width=&#8221;stretch_row&#8221; kd_background_image_position=&#8221;vc_row-bg-position-center&#8221; css=&#8221;.vc_custom_1647441863177{padding-top: 310px !important;padding-bottom: 200px !important;background-image: url(https:\/\/asello.eu\/wp-content\/uploads\/2022\/03\/Header_Hobex.jpg?id=4646) !important;background-position: center !important;background-repeat: no-repeat !important;background-size: cover !important;}&#8221; css_mobile=&#8221;.vc_custom_1647441863178{padding-top: 150px !important;}&#8221; css_tablet_landscape=&#8221;.vc_custom_1647441863177{padding-top: [&hellip;]<\/p>\n","protected":false},"author":1,"featured_media":0,"parent":0,"menu_order":0,"comment_status":"closed","ping_status":"closed","template":"","meta":{"footnotes":""},"class_list":["post-4474","page","type-page","status-publish","hentry"],"_links":{"self":[{"href":"https:\/\/asello.eu\/de\/wp-json\/wp\/v2\/pages\/4474","targetHints":{"allow":["GET"]}}],"collection":[{"href":"https:\/\/asello.eu\/de\/wp-json\/wp\/v2\/pages"}],"about":[{"href":"https:\/\/asello.eu\/de\/wp-json\/wp\/v2\/types\/page"}],"author":[{"embeddable":true,"href":"https:\/\/asello.eu\/de\/wp-json\/wp\/v2\/users\/1"}],"replies":[{"embeddable":true,"href":"https:\/\/asello.eu\/de\/wp-json\/wp\/v2\/comments?post=4474"}],"version-history":[{"count":90,"href":"https:\/\/asello.eu\/de\/wp-json\/wp\/v2\/pages\/4474\/revisions"}],"predecessor-version":[{"id":4710,"href":"https:\/\/asello.eu\/de\/wp-json\/wp\/v2\/pages\/4474\/revisions\/4710"}],"wp:attachment":[{"href":"https:\/\/asello.eu\/de\/wp-json\/wp\/v2\/media?parent=4474"}],"curies":[{"name":"wp","href":"https:\/\/api.w.org\/{rel}","templated":true}]}}