{"id":4006,"date":"2021-07-16T11:04:46","date_gmt":"2021-07-16T09:04:46","guid":{"rendered":"https:\/\/asello.eu\/?page_id=4006"},"modified":"2021-07-20T14:36:29","modified_gmt":"2021-07-20T12:36:29","slug":"academy","status":"publish","type":"page","link":"https:\/\/asello.eu\/de\/academy\/","title":{"rendered":"Academy"},"content":{"rendered":"<section class=\"wpb-content-wrapper\"><p>[vc_row full_width=&#8221;stretch_row&#8221; kd_background_image_position=&#8221;vc_row-bg-position-top&#8221; css=&#8221;.vc_custom_1626447147065{padding-top: 310px !important;padding-bottom: 200px !important;background-image: url(https:\/\/asello.eu\/wp-content\/uploads\/2021\/04\/Header_Aboutus.jpg?id=1859) !important;background-position: center !important;background-repeat: no-repeat !important;background-size: cover !important;}&#8221; css_mobile=&#8221;.vc_custom_1626447147066{padding-top: 150px !important;}&#8221; css_tablet_landscape=&#8221;.vc_custom_1626447147066{padding-top: 200px !important;}&#8221; css_tablet_portrait=&#8221;.vc_custom_1626447147066{padding-top: 150px !important;}&#8221;][vc_column css=&#8221;.vc_custom_1516115464846{padding-left: 0px !important;}&#8221;][vc_row_inner kd_background_image_position=&#8221;vc_row-bg-position-top&#8221;][vc_column_inner width=&#8221;2\/3&#8243;]<header class=\"kd-section-title col-lg-12 text-left  subtitle-above-title kd-animated fadeIn   vc_custom_1626447045208\" data-animation-delay=200><h6 class=\"subtitle\" style=\"color: #0072bb;\">OUR SERVICE<\/h6><h1 class=\"separator_off\" style=\"color: #ffffff;font-size: 60px;margin-bottom:30px;\">asello Academy<\/h1><\/header>[\/vc_column_inner][vc_column_inner width=&#8221;1\/3&#8243; css=&#8221;.vc_custom_1597748338184{padding-top: 70px !important;}&#8221;][\/vc_column_inner][\/vc_row_inner][\/vc_column][\/vc_row][vc_row full_width=&#8221;stretch_row&#8221; kd_background_image_position=&#8221;vc_row-bg-position-top&#8221; css=&#8221;.vc_custom_1626691454379{padding-top: 150px !important;padding-bottom: 150px !important;background-position: center !important;background-repeat: no-repeat !important;background-size: cover !important;}&#8221; css_mobile=&#8221;.vc_custom_1626691454380{padding-top: 150px !important;}&#8221; css_tablet_landscape=&#8221;.vc_custom_1626691454379{padding-top: 200px !important;}&#8221; css_tablet_portrait=&#8221;.vc_custom_1626691454380{padding-top: 150px !important;}&#8221;][vc_column css=&#8221;.vc_custom_1516115464846{padding-left: 0px !important;}&#8221;]<header class=\"kd-section-title col-lg-8 vc_col-sm-8 text-center  subtitle-above-title kd-animated fadeIn   vc_custom_1626430938575\" data-animation-delay=200><h6 class=\"subtitle\" style=\"color: #0072bb;\">WAS WIR IHNEN BIETEN<\/h6><h1 class=\"separator_off\" style=\"line-height: 52px;\">Unsere Leistungen<\/h1><\/header>[vc_row_inner kd_background_image_position=&#8221;vc_row-bg-position-top&#8221;][vc_column_inner width=&#8221;1\/2&#8243;][vc_column_text]Um die asello Produkte optimal und in vollem Umfang nutzen zu k\u00f6nnen bieten wir unterschiedliche Bildungspakete an &#8211; individuell abgestimmt f\u00fcr Inhaber oder Mitarbeiter.<br \/>\nGerne beraten wir Sie auch bei der Konzeptionierung und erstellen mit Ihnen gemeinsam die passende Gesamtl\u00f6sung f\u00fcr Ihr Unternehmen.<\/p>\n<ul>\n<li>Workshops und Schulungen<\/li>\n<li>Beratung<\/li>\n<li>Informationen von unseren Hardware-Partnern<\/li>\n<li>Gesetzliche Anforderungen und \u00c4nderungen<\/li>\n<li>Individuell abgestimmt f\u00fcr Inhaber, F\u00fchrungskr\u00e4fte, Mitarbeiter<\/li>\n<li>Branchenspezifisches Know How von unseren Experten<\/li>\n<li>Zertifikate f\u00fcr Mitarbeiter<\/li>\n<\/ul>\n<p>[\/vc_column_text][\/vc_column_inner][vc_column_inner width=&#8221;1\/2&#8243;][vc_single_image image=&#8221;4019&#8243; img_size=&#8221;large&#8221;][\/vc_column_inner][\/vc_row_inner][\/vc_column][\/vc_row][vc_row full_width=&#8221;stretch_row&#8221; kd_background_image_position=&#8221;vc_row-bg-position-top&#8221; css_mobile=&#8221;.vc_custom_1621515055463{padding-right: 30px !important;padding-left: 30px !important;}&#8221; css=&#8221;.vc_custom_1621515055462{margin-bottom: -50px !important;padding-top: 100px !important;padding-bottom: 100px !important;background-color: #06283e !important;}&#8221; css_tablet_portrait=&#8221;.vc_custom_1621515055463{padding-right: 30px !important;padding-left: 30px !important;}&#8221;][vc_column width=&#8221;1\/6&#8243;][\/vc_column][vc_column width=&#8221;2\/3&#8243;]<header class=\"kd-section-title col-lg-12 text-center  subtitle-above-title kd-animated fadeIn   vc_custom_1626446842081\" data-animation-delay=200><h6 class=\"subtitle\" style=\"color: #cccccc;\">INDIVIDUELLE L\u00d6SUNGEN<\/h6><h1 class=\"separator_off\" style=\"color: #ffffff;line-height: 52px;\">Gemeinsam finden wir f\u00fcr jede Situation die passende L\u00f6sung.<\/h1><\/header>[vc_column_text]<\/p>\n<p style=\"text-align: center; color: #cccccc; font-size: 1.2em;\">Gerne beraten wir Sie auch bei der Konzeptionierung und erstellen mit Ihnen gemeinsam die passende Gesamtl\u00f6sung f\u00fcr Ihr Unternehmen.<\/p>\n<p>[\/vc_column_text][vc_empty_space]<a   class=\"tt_button tt_primary_button btn_primary_color hover_solid_white button-center panel-trigger-btn    long-button-mobil\" ><span class=\"prim_text\">Expertengespr\u00e4ch vereinbaren<\/span><\/a>[\/vc_column][vc_column width=&#8221;1\/6&#8243;][\/vc_column][\/vc_row][vc_row kd_background_image_position=&#8221;vc_row-bg-position-top&#8221; css=&#8221;.vc_custom_1626781232899{padding-top: 200px !important;padding-bottom: 100px !important;}&#8221; css_mobile=&#8221;.vc_custom_1626781232901{padding-top: 50px !important;}&#8221; css_tablet_portrait=&#8221;.vc_custom_1626781232900{padding-top: 50px !important;}&#8221; top_section_title=&#8221;&#8221; bottom_section_title=&#8221;&#8221;][vc_column css_mobile=&#8221;.vc_custom_1620028064953{margin-right: 0px !important;margin-left: 0px !important;padding-right: 0px !important;padding-left: 0px !important;}&#8221;][vc_row_inner kd_background_image_position=&#8221;vc_row-bg-position-top&#8221; css_tablet_portrait=&#8221;.vc_custom_1620027837136{margin-bottom: -90px !important;}&#8221;][vc_column_inner]<header class=\"kd-section-title col-lg-8 vc_col-sm-8 text-center  subtitle-above-title kd-animated fadeIn   vc_custom_1626430938575\" data-animation-delay=200><h6 class=\"subtitle\" style=\"color: #0072bb;\">WAS WIR IHNEN BIETEN<\/h6><h1 class=\"separator_off\" style=\"line-height: 52px;\">Unsere Leistungen<\/h1><\/header>[\/vc_column_inner][\/vc_row_inner][vc_row_inner kd_background_image_position=&#8221;vc_row-bg-position-top&#8221;][vc_column_inner width=&#8221;1\/2&#8243;]<div class=\"key-icon-box icon-default  cont-left ib-no-effect       kd-animated fadeIn\" style=\"background-color: transparent;margin-bottom:45px;\" data-animation-delay=200><h5 class=\"service-heading\" >BERATUNG<\/h5><p >Gerne unterst\u00fctzen wir Sie in der Planungsphase und bei der Konzeptionierung Ihrer Unternehmenssoftware. Wir beraten Sie bei der ben\u00f6tigten Hardware und stellen mit Ihnen eine Gesamtl\u00f6sung zusammen, die Ihren Anforderungen entspricht.<\/p><\/div>[\/vc_column_inner][vc_column_inner width=&#8221;1\/2&#8243;][vc_empty_space height=&#8221;30px&#8221;][vc_column_text css_animation=&#8221;fadeIn&#8221;]<\/p>\n<ul>\n<li>Gespr\u00e4che mit (Branchen-) Experten<\/li>\n<li>Individuelle Analyse der Abl\u00e4ufe<\/li>\n<li>Software und Hardware Konzeption<\/li>\n<\/ul>\n<p>[\/vc_column_text][\/vc_column_inner][\/vc_row_inner][vc_row_inner kd_background_image_position=&#8221;vc_row-bg-position-top&#8221;][vc_column_inner width=&#8221;1\/2&#8243;]<div class=\"key-icon-box icon-default  cont-left ib-no-effect       kd-animated fadeIn\" style=\"background-color: transparent;margin-bottom:45px;\" data-animation-delay=200><h5 class=\"service-heading\" >INBETRIEBNAHME<\/h5><p >Wir bereiten die einzelnen Komponenten so vor, wie Sie es brauchen. Bei der Inbetriebnahme erhalten Sie eine fertig eingerichtete Hardware mit der passend konfigurierten Software. Auf Wunsch werden die Ger\u00e4te auch bei Ihnen vor Ort installiert.<\/p><\/div>[\/vc_column_inner][vc_column_inner width=&#8221;1\/2&#8243;][vc_empty_space height=&#8221;30px&#8221;][vc_column_text css_animation=&#8221;fadeIn&#8221;]<\/p>\n<ul>\n<li>Fertig eingerichtete Hardware<\/li>\n<li>Spezifisch konfigurierte Software<\/li>\n<li>Vor-Ort Installation<\/li>\n<\/ul>\n<p>[\/vc_column_text][\/vc_column_inner][\/vc_row_inner][vc_row_inner kd_background_image_position=&#8221;vc_row-bg-position-top&#8221;][vc_column_inner width=&#8221;1\/2&#8243;]<div class=\"key-icon-box icon-default  cont-left ib-no-effect       kd-animated fadeIn\" style=\"background-color: transparent;margin-bottom:45px;\" data-animation-delay=200><h5 class=\"service-heading\" >BETREUUNG<\/h5><p >Auch nach einem erfolgreichen Start sind wir weiterhin f\u00fcr Sie da und helfen Ihnen Abl\u00e4ufe zu verbessern oder Erweiterungen in Ihr Unternehmen zu integrieren. Nat\u00fcrlich steht Ihnen unser Support Team bei anfallenden Problemen zur Verf\u00fcgung.<\/p><\/div>[\/vc_column_inner][vc_column_inner width=&#8221;1\/2&#8243;][vc_empty_space height=&#8221;30px&#8221;][vc_column_text css_animation=&#8221;fadeIn&#8221;]<\/p>\n<ul>\n<li>Inhaber Workshop mit Detailkonfiguration<\/li>\n<li>Mitarbeiter Schulung<\/li>\n<li>In unserem Schulungsraum \/ Bei Ihnen Vor-Ort<\/li>\n<\/ul>\n<p>[\/vc_column_text][\/vc_column_inner][\/vc_row_inner][vc_row_inner kd_background_image_position=&#8221;vc_row-bg-position-top&#8221;][vc_column_inner width=&#8221;1\/2&#8243;]<div class=\"key-icon-box icon-default  cont-left ib-no-effect       kd-animated fadeIn\" style=\"background-color: transparent;margin-bottom:45px;\" data-animation-delay=200><h5 class=\"service-heading\" >EINSCHULUNG<\/h5><p >Wir bieten unterschiedliche Workshops und Schulungen f\u00fcr alle asello Produkte an. Nach der Installation der Hardware folgt ein intensiver Workshop, bei dem Abl\u00e4ufe durchgegangen und Einstellungen vorgenommen werden.<\/p><\/div>[\/vc_column_inner][vc_column_inner width=&#8221;1\/2&#8243;][vc_empty_space height=&#8221;30px&#8221;][vc_column_text css_animation=&#8221;fadeIn&#8221;]<\/p>\n<ul>\n<li>Einfaches Anpassen bei Gesch\u00e4ftsentwicklung<\/li>\n<li>Weitere Optimierung von Abl\u00e4ufen<\/li>\n<li>Hilfe und Support, regelm\u00e4\u00dfige Updates<\/li>\n<\/ul>\n<p>[\/vc_column_text][\/vc_column_inner][\/vc_row_inner][\/vc_column][\/vc_row][vc_row full_width=&#8221;stretch_row&#8221; kd_background_image_position=&#8221;vc_row-bg-position-top&#8221; kd_background_overlay=&#8221;true&#8221; css=&#8221;.vc_custom_1620227734202{margin-bottom: -105px !important;padding-top: 100px !important;padding-bottom: 250px !important;background-color: #0072bb !important;}&#8221; css_tablet_portrait=&#8221;.vc_custom_1620227734203{padding-bottom: 35px !important;}&#8221; css_mobile=&#8221;.vc_custom_1620227734204{padding-bottom: 35px !important;}&#8221; css_tablet_landscape=&#8221;.vc_custom_1620227734203{padding-bottom: 35px !important;}&#8221;][vc_column css=&#8221;.vc_custom_1516115464846{padding-left: 0px !important;}&#8221;][vc_row_inner kd_background_image_position=&#8221;vc_row-bg-position-top&#8221;][vc_column_inner]<header class=\"kd-section-title col-lg-8 vc_col-sm-8 text-center  subtitle-above-title kd-animated fadeIn   vc_custom_1620224187538\" data-animation-delay=200><h6 class=\"subtitle\" style=\"color: #ffffff;\">HILFE &amp; SUPPORT<\/h6><h1 class=\"separator_off\" style=\"color: #ffffff;line-height: 52px;\">Erfahren Sie, wie Sie asello optimal und effizient nutzen k\u00f6nnen<\/h1><\/header>[\/vc_column_inner][\/vc_row_inner][\/vc_column][\/vc_row][vc_row kd_background_image_position=&#8221;vc_row-bg-position-top&#8221; css=&#8221;.vc_custom_1620223678883{margin-bottom: 0px !important;}&#8221;][vc_column css=&#8221;.vc_custom_1620223701802{margin-top: -142px !important;margin-bottom: -142px !important;}&#8221; css_tablet_landscape=&#8221;.vc_custom_1620223701802{margin-top: 50px !important;}&#8221; css_tablet_portrait=&#8221;.vc_custom_1620223701803{margin-top: 50px !important;}&#8221; css_mobile=&#8221;.vc_custom_1620223701803{margin-top: 50px !important;}&#8221;][vc_row_inner gap=&#8221;10&#8243; kd_background_image_position=&#8221;vc_row-bg-position-top&#8221; css=&#8221;.vc_custom_1617790084928{padding-top: 0px !important;padding-bottom: 70px !important;}&#8221;][vc_column_inner width=&#8221;1\/3&#8243; offset=&#8221;vc_col-lg-4 vc_col-md-6&#8243; css=&#8221;.vc_custom_1620227741017{margin-bottom: -210px !important;padding-right: 0px !important;padding-left: 0px !important;}&#8221;]<div class=\"cb-container  content-center  disable-box-shadow kd-animated fadeInUp\" ><a href=\"https:\/\/docs.asello.eu\/docs\/\" target=\"_blank\"><div class=\"cb-wrapper\" style=\"background-color: #fff;\"><div class=\"cb-img-area\"><i class=\"iconsmind-Books iconsmind-Education\" style=\"font-size: 60px; \"><\/i> <\/div><div class=\"cb-text-area\">\n                      <h4 class=\"cb-heading\" >Online Hilfe<\/h4><p >Unsere Online Dokumentation hilft Ihnen beim Start in asello. Au\u00dferdem finden Sie Antworten auf die kleineren und gr\u00f6\u00dferen Fragen des Arbeitsalltags.<\/p><\/div><\/div><\/a><\/div>[\/vc_column_inner][vc_column_inner width=&#8221;1\/3&#8243; offset=&#8221;vc_col-lg-4 vc_col-md-6&#8243; css=&#8221;.vc_custom_1620227745351{margin-bottom: -210px !important;margin-left: -1px !important;padding-right: 0px !important;padding-left: 0px !important;}&#8221;]<div class=\"cb-container  content-center  disable-box-shadow kd-animated fadeInUp\" data-animation-delay=200><a href=\"https:\/\/asello.eu\/kontakt\/\" target=\"_self\"><div class=\"cb-wrapper\" style=\"background-color: #fff;\"><div class=\"cb-img-area\"><i class=\"iconsmind-Professor iconsmind-People\" style=\"font-size: 60px; \"><\/i> <\/div><div class=\"cb-text-area\">\n                      <h4 class=\"cb-heading\" >Pers\u00f6nlich<\/h4><p >Wir zeigen Ihnen alles, was Sie wissen m\u00fcssen. Vor Ort oder virtuell, f\u00fcr Inhaber oder Mitarbeiter, zum Einstieg oder als Auffrischung.<\/p><\/div><\/div><\/a><\/div>[\/vc_column_inner][vc_column_inner width=&#8221;1\/3&#8243; offset=&#8221;vc_col-lg-4 vc_col-md-6&#8243; css=&#8221;.vc_custom_1620227749566{margin-bottom: -210px !important;margin-left: -2px !important;padding-right: 0px !important;padding-left: 0px !important;}&#8221;]<div class=\"cb-container  content-center  disable-box-shadow kd-animated fadeInUp\" data-animation-delay=600><a href=\"https:\/\/asello.eu\/support\/\" target=\"_self\"><div class=\"cb-wrapper\" style=\"background-color: #fff;\"><div class=\"cb-img-area\"><i class=\"iconsmind-Support iconsmind-User-Interface\" style=\"font-size: 60px; \"><\/i> <\/div><div class=\"cb-text-area\">\n                      <h4 class=\"cb-heading\" >Support<\/h4><p >Unser Support-Team beantwortet Ihnen gerne alle Fragen und hilft Ihnen bei Problemen. Rufen Sie uns an oder senden Sie uns eine E-Mail.<\/p><\/div><\/div><\/a><\/div>[\/vc_column_inner][\/vc_row_inner][\/vc_column][\/vc_row]<\/p>\n<\/section>","protected":false},"excerpt":{"rendered":"<p>[vc_row full_width=&#8221;stretch_row&#8221; kd_background_image_position=&#8221;vc_row-bg-position-top&#8221; css=&#8221;.vc_custom_1626447147065{padding-top: 310px !important;padding-bottom: 200px !important;background-image: url(https:\/\/asello.eu\/wp-content\/uploads\/2021\/04\/Header_Aboutus.jpg?id=1859) !important;background-position: center !important;background-repeat: no-repeat !important;background-size: cover !important;}&#8221; css_mobile=&#8221;.vc_custom_1626447147066{padding-top: 150px !important;}&#8221; css_tablet_landscape=&#8221;.vc_custom_1626447147066{padding-top: [&hellip;]<\/p>\n","protected":false},"author":3,"featured_media":0,"parent":0,"menu_order":0,"comment_status":"closed","ping_status":"closed","template":"","meta":{"footnotes":""},"class_list":["post-4006","page","type-page","status-publish","hentry"],"_links":{"self":[{"href":"https:\/\/asello.eu\/de\/wp-json\/wp\/v2\/pages\/4006","targetHints":{"allow":["GET"]}}],"collection":[{"href":"https:\/\/asello.eu\/de\/wp-json\/wp\/v2\/pages"}],"about":[{"href":"https:\/\/asello.eu\/de\/wp-json\/wp\/v2\/types\/page"}],"author":[{"embeddable":true,"href":"https:\/\/asello.eu\/de\/wp-json\/wp\/v2\/users\/3"}],"replies":[{"embeddable":true,"href":"https:\/\/asello.eu\/de\/wp-json\/wp\/v2\/comments?post=4006"}],"version-history":[{"count":33,"href":"https:\/\/asello.eu\/de\/wp-json\/wp\/v2\/pages\/4006\/revisions"}],"predecessor-version":[{"id":4177,"href":"https:\/\/asello.eu\/de\/wp-json\/wp\/v2\/pages\/4006\/revisions\/4177"}],"wp:attachment":[{"href":"https:\/\/asello.eu\/de\/wp-json\/wp\/v2\/media?parent=4006"}],"curies":[{"name":"wp","href":"https:\/\/api.w.org\/{rel}","templated":true}]}}