{"id":3707,"date":"2021-05-31T15:56:22","date_gmt":"2021-05-31T13:56:22","guid":{"rendered":"https:\/\/asello.eu\/?page_id=3707"},"modified":"2021-08-02T14:20:49","modified_gmt":"2021-08-02T12:20:49","slug":"rksv","status":"publish","type":"page","link":"https:\/\/asello.eu\/de\/produkte\/pos\/rksv\/","title":{"rendered":"RKSV"},"content":{"rendered":"<section class=\"wpb-content-wrapper\"><p>[vc_row full_width=&#8221;stretch_row_content_no_spaces&#8221; kd_background_image_position=&#8221;vc_row-bg-position-bottom&#8221; kd_fixed_background=&#8221;true&#8221; css=&#8221;.vc_custom_1622467770904{padding-bottom: 120px !important;background-image: url(https:\/\/asello.eu\/wp-content\/uploads\/2021\/05\/AdobeStock_271588937-scaled.jpeg?id=3688) !important;background-position: center !important;background-repeat: no-repeat !important;background-size: cover !important;}&#8221; css_tablet_portrait=&#8221;.vc_custom_1622467770905{margin-top: 0px !important;}&#8221; css_mobile=&#8221;.vc_custom_1622467770905{margin-top: 0px !important;padding-bottom: 0px !important;}&#8221;][vc_column css=&#8221;.vc_custom_1597665991208{padding-right: 0px !important;padding-left: 0px !important;}&#8221;][vc_row_inner full_width=&#8221;inner_row_contained&#8221; kd_background_image_position=&#8221;vc_row-bg-position-top&#8221; css=&#8221;.vc_custom_1618214983398{margin-right: 60px !important;margin-left: 60px !important;padding-top: 320px !important;background-position: center !important;background-repeat: no-repeat !important;background-size: cover !important;}&#8221; css_tablet_portrait=&#8221;.vc_custom_1618214983399{margin-right: 0px !important;margin-left: 0px !important;padding-top: 250px !important;padding-bottom: 50px !important;border-radius: 0px !important;}&#8221; css_mobile=&#8221;.vc_custom_1618214983400{margin-right: 0px !important;margin-left: 0px !important;padding-top: 250px !important;padding-bottom: 50px !important;border-radius: 0px !important;}&#8221; css_tablet_landscape=&#8221;.vc_custom_1618214983399{margin-right: 0px !important;margin-left: 0px !important;padding-top: 270px !important;border-radius: 0px !important;}&#8221;][vc_column_inner width=&#8221;1\/2&#8243; css=&#8221;.vc_custom_1622469321016{padding-top: 50px !important;padding-bottom: 50px !important;}&#8221;]<header class=\"kd-section-title col-lg-12 text-left  subtitle-below-title kd-animated fadeIn   vc_custom_1622469441111\" data-animation-delay=200><h1 class=\"separator_off\" style=\"color: #ffffff;font-size: 72px;line-height: 72px;margin-bottom:30px;\"><span style=\"color:#0072BB;\">RKSV<\/span> in \u00d6sterreich<\/h1><\/header><a  href=\"https:\/\/asello.eu\/produkte\/pos\/\"  target=\"_self\"  title=\"Zu aselloPOS\"  class=\"tt_button tt_primary_button btn_primary_color hover_solid_white btn-align-left button-action-link icon_left\" ><span class=\"fas fa-angle-left iconita\" ><\/span><span class=\"prim_text\">Zur\u00fcck zu POS<\/span><\/a>[\/vc_column_inner][vc_column_inner width=&#8221;1\/2&#8243; css_tablet_portrait=&#8221;.vc_custom_1617207809215{padding-right: 30px !important;}&#8221; css_mobile=&#8221;.vc_custom_1617207809215{padding-right: 15px !important;}&#8221; css=&#8221;.vc_custom_1617207809214{padding-right: 20px !important;}&#8221;][\/vc_column_inner][\/vc_row_inner][\/vc_column][\/vc_row][vc_row kd_background_image_position=&#8221;vc_row-bg-position-top&#8221; css=&#8221;.vc_custom_1622201859633{padding-top: 120px !important;}&#8221; css_tablet_portrait=&#8221;.vc_custom_1622201859634{padding-top: 100px !important;}&#8221; css_mobile=&#8221;.vc_custom_1622201859634{padding-top: 100px !important;}&#8221;][vc_column css=&#8221;.vc_custom_1597665991208{padding-right: 0px !important;padding-left: 0px !important;}&#8221;]<header class=\"kd-section-title col-lg-12 text-center  subtitle-above-title kd-animated fadeIn   vc_custom_1622468172973\" data-animation-delay=200><h6 class=\"subtitle\" style=\"color: #0072bb;\">KASSENSICHERHEITSVERORDNUNG<\/h6><h1 class=\"separator_off\" style=\"line-height: 52px;\">Mit asello auf der sicheren Seite<\/h1><\/header>[vc_row_inner content_placement=&#8221;middle&#8221; gap=&#8221;30&#8243; kd_background_image_position=&#8221;vc_row-bg-position-top&#8221; css=&#8221;.vc_custom_1622469735832{padding-bottom: 50px !important;}&#8221; css_mobile=&#8221;.vc_custom_1622469735833{padding-bottom: 0px !important;}&#8221;][vc_column_inner width=&#8221;1\/2&#8243; css_tablet_portrait=&#8221;.vc_custom_1598606053781{padding-right: 10px !important;padding-left: 10px !important;}&#8221;][vc_empty_space][vc_column_text]<\/p>\n<h3>RKSV<\/h3>\n<p>Die Registrierkassensicherheitsverordnung, kurz RKSV ist eine \u00f6sterreichische Rechtsvorschrift \u00fcber zwingend vorgeschriebene technische Sicherheitseinrichtungen in Registrierkassen. Die Signaturerstellungseinheit gew\u00e4hrleistet die Unver\u00e4nderlichbarkeit Ihrer Kassenbuchungen indem diese signiert und gespeichert werden. Jedes Unternehmen ben\u00f6tigt zudem ein spezielles Registrierkassenzertifikat und eine Anmeldung der Kasse auf FinanzOnline.[\/vc_column_text][\/vc_column_inner][vc_column_inner width=&#8221;1\/2&#8243; css_tablet_portrait=&#8221;.vc_custom_1622469728770{padding-right: 10px !important;padding-left: 10px !important;}&#8221; css=&#8221;.vc_custom_1622469728768{padding-right: 20px !important;padding-left: 20px !important;}&#8221;][vc_single_image image=&#8221;3715&#8243; img_size=&#8221;large&#8221; alignment=&#8221;center&#8221; css=&#8221;.vc_custom_1622469842529{padding-right: 100px !important;}&#8221;][\/vc_column_inner][\/vc_row_inner][\/vc_column][\/vc_row][vc_row kd_background_image_position=&#8221;vc_row-bg-position-top&#8221; css=&#8221;.vc_custom_1622468987767{padding-top: 120px !important;padding-bottom: 100px !important;}&#8221; css_tablet_portrait=&#8221;.vc_custom_1622468987768{padding-top: 100px !important;}&#8221; css_mobile=&#8221;.vc_custom_1622468987768{padding-top: 100px !important;}&#8221;][vc_column css=&#8221;.vc_custom_1597665991208{padding-right: 0px !important;padding-left: 0px !important;}&#8221;]<header class=\"kd-section-title col-lg-12 text-center  subtitle-above-title kd-animated fadeIn   vc_custom_1622469570967\" data-animation-delay=200><h6 class=\"subtitle\" style=\"color: #0072bb;\">ZERTIFIKATE<\/h6><h1 class=\"separator_off\" style=\"line-height: 52px;\">Unsere RKSV Zertifikate<\/h1><\/header>[vc_row_inner gap=&#8221;30&#8243; kd_background_image_position=&#8221;vc_row-bg-position-top&#8221; css=&#8221;.vc_custom_1622445570675{padding-bottom: 50px !important;}&#8221; css_mobile=&#8221;.vc_custom_1622445570676{padding-bottom: 0px !important;}&#8221;][vc_column_inner width=&#8221;1\/2&#8243; css_tablet_portrait=&#8221;.vc_custom_1627891880058{padding-right: 10px !important;padding-left: 10px !important;}&#8221; css=&#8221;.vc_custom_1627891880057{padding-right: 100px !important;}&#8221; css_mobile=&#8221;.vc_custom_1627891880058{padding-right: 50px !important;padding-left: 20px !important;}&#8221;][vc_single_image image=&#8221;3596&#8243; img_size=&#8221;large&#8221; alignment=&#8221;center&#8221;][\/vc_column_inner][vc_column_inner width=&#8221;1\/2&#8243; css_tablet_portrait=&#8221;.vc_custom_1598606053781{padding-right: 10px !important;padding-left: 10px !important;}&#8221;][vc_empty_space height=&#8221;60px&#8221;][vc_column_text]Die Monatsbelege werden von der Kasse automatisch erstellt. Der Jahresbeleg muss am Jahresende gepr\u00fcft werden.<\/p>\n<h3>RKSV Zertifikat A<\/h3>\n<p>F\u00fcr bis zu 1.000 Belege pro Jahr<\/p>\n<h3>RKSV Zertifikat B<\/h3>\n<p>F\u00fcr bis zu 30.000 Belege pro Jahr<\/p>\n<h3>Erweiterung<\/h3>\n<p>F\u00fcr 10.000 weitere Belege pro Jahr[\/vc_column_text][\/vc_column_inner][\/vc_row_inner][vc_row_inner kd_background_image_position=&#8221;vc_row-bg-position-top&#8221; css=&#8221;.vc_custom_1622469274963{padding-top: 30px !important;}&#8221; css_mobile=&#8221;.vc_custom_1622469274964{padding-top: 40px !important;}&#8221; css_tablet_portrait=&#8221;.vc_custom_1622469274964{padding-top: 50px !important;}&#8221;][vc_column_inner]<a   class=\"tt_button tt_primary_button btn_primary_color  button-center panel-trigger-btn\" ><span class=\"prim_text\">Jetzt Anfrage senden<\/span><\/a>[\/vc_column_inner][\/vc_row_inner][\/vc_column][\/vc_row][vc_row full_width=&#8221;stretch_row_content&#8221; kd_background_image_position=&#8221;vc_row-bg-position-top&#8221; css=&#8221;.vc_custom_1622469123485{padding-top: 100px !important;padding-bottom: 50px !important;background-color: #e9eaed !important;}&#8221; css_tablet_portrait=&#8221;.vc_custom_1622469123486{padding-top: 100px !important;}&#8221; css_mobile=&#8221;.vc_custom_1622469123486{padding-top: 100px !important;}&#8221;][vc_column css=&#8221;.vc_custom_1597665991208{padding-right: 0px !important;padding-left: 0px !important;}&#8221;]<header class=\"kd-section-title col-lg-12 text-center  subtitle-above-title kd-animated fadeIn   vc_custom_1622470656473\" data-animation-delay=200><h6 class=\"subtitle\" style=\"color: #0072bb;\">OPTIONAL<\/h6><h1 class=\"separator_off\" style=\"line-height: 52px;\">Weitere Module<\/h1><\/header>[vc_row_inner full_width=&#8221;inner_row_contained&#8221; content_placement=&#8221;middle&#8221; gap=&#8221;35&#8243; kd_background_image_position=&#8221;vc_row-bg-position-top&#8221; css=&#8221;.vc_custom_1622470673978{padding-bottom: 50px !important;}&#8221; css_mobile=&#8221;.vc_custom_1622470673980{padding-bottom: 0px !important;}&#8221;][vc_column_inner width=&#8221;1\/2&#8243; css_tablet_portrait=&#8221;.vc_custom_1627892468844{padding-right: 10px !important;padding-left: 10px !important;}&#8221; offset=&#8221;vc_hidden-sm vc_hidden-xs&#8221;][vc_single_image image=&#8221;3856&#8243; img_size=&#8221;large&#8221; alignment=&#8221;center&#8221; css=&#8221;.vc_custom_1627892564651{padding-right: 100px !important;}&#8221;][vc_column_text]<\/p>\n<h3 style=\"text-align: center;\">FinanzOnline Anmeldung<\/h3>\n<p style=\"text-align: center;\">Automatische Anmeldung bei FinanzOnline. Dadurch entf\u00e4llt neben der Dateneingabe bei FinanzOnline auch die manuelle Pr\u00fcfung des Startbelegs.<\/p>\n<p>[\/vc_column_text][\/vc_column_inner][vc_column_inner width=&#8221;1\/2&#8243; css_tablet_portrait=&#8221;.vc_custom_1627892489192{padding-right: 10px !important;padding-left: 10px !important;}&#8221; offset=&#8221;vc_hidden-sm vc_hidden-xs&#8221;][vc_single_image image=&#8221;3855&#8243; img_size=&#8221;large&#8221; alignment=&#8221;center&#8221; css=&#8221;.vc_custom_1626192412759{padding-right: 100px !important;}&#8221;][vc_column_text]<\/p>\n<h3 style=\"text-align: center;\">DEP-Backup<\/h3>\n<p style=\"text-align: center;\">Mit dem Backup wird die gesetzlich vorgeschriebene quartalsm\u00e4\u00dfige Sicherung Ihres Datenerfassungs-Protokolls automatisch erstellt.<\/p>\n<p>[\/vc_column_text][\/vc_column_inner][\/vc_row_inner][vc_row_inner full_width=&#8221;inner_row_contained&#8221; content_placement=&#8221;middle&#8221; gap=&#8221;35&#8243; kd_background_image_position=&#8221;vc_row-bg-position-top&#8221; css=&#8221;.vc_custom_1622470673978{padding-bottom: 50px !important;}&#8221; css_mobile=&#8221;.vc_custom_1622470673980{padding-bottom: 0px !important;}&#8221;][vc_column_inner css_tablet_portrait=&#8221;.vc_custom_1627892515442{padding-right: 10px !important;padding-left: 10px !important;}&#8221; offset=&#8221;vc_hidden-lg vc_hidden-md&#8221;][vc_single_image image=&#8221;3856&#8243; img_size=&#8221;large&#8221; alignment=&#8221;center&#8221; css=&#8221;.vc_custom_1627892559850{padding-right: 50px !important;padding-bottom: 25px !important;padding-left: 20px !important;}&#8221;][vc_column_text]<\/p>\n<h3 style=\"text-align: center;\">FinanzOnline Anmeldung<\/h3>\n<p style=\"text-align: center;\">Automatische Anmeldung bei FinanzOnline. Dadurch entf\u00e4llt neben der Dateneingabe bei FinanzOnline auch die manuelle Pr\u00fcfung des Startbelegs.<\/p>\n<p>[\/vc_column_text][vc_single_image image=&#8221;3855&#8243; img_size=&#8221;large&#8221; alignment=&#8221;center&#8221; css=&#8221;.vc_custom_1627892569292{padding-right: 50px !important;padding-bottom: 25px !important;padding-left: 20px !important;}&#8221;][vc_column_text]<\/p>\n<h3 style=\"text-align: center;\">DEP-Backup<\/h3>\n<p style=\"text-align: center;\">Mit dem Backup wird die gesetzlich vorgeschriebene quartalsm\u00e4\u00dfige Sicherung Ihres Datenerfassungs-Protokolls automatisch erstellt.<\/p>\n<p>[\/vc_column_text][\/vc_column_inner][\/vc_row_inner][\/vc_column][\/vc_row][vc_row kd_background_image_position=&#8221;vc_row-bg-position-top&#8221; css=&#8221;.vc_custom_1627891761633{padding-top: 150px !important;padding-bottom: 150px !important;}&#8221; css_mobile=&#8221;.vc_custom_1627891761634{padding-top: 100px !important;padding-bottom: 25px !important;}&#8221; css_tablet_portrait=&#8221;.vc_custom_1627891761634{padding-top: 100px !important;}&#8221;][vc_column]<header class=\"kd-section-title col-lg-8 vc_col-sm-8 text-center  subtitle-above-title kd-animated fadeIn   vc_custom_1620156900607\" data-animation-delay=200><h6 class=\"subtitle\" style=\"color: #0072bb;\">SUCCESS STORIES<\/h6><h1 class=\"separator_off\" style=\"line-height: 52px;\">Entdecken Sie wie unsere Kunden aselloPOS erfolgreich einsetzten<\/h1><\/header>[vc_basic_grid post_type=&#8221;portfolio&#8221; max_items=&#8221;6&#8243; style=&#8221;pagination&#8221; items_per_page=&#8221;3&#8243; paging_design=&#8221;point_dots&#8221; paging_color=&#8221;mulled_wine&#8221; loop=&#8221;yes&#8221; autoplay=&#8221;8&#8243; grid_id=&#8221;vc_gid:1627905949449-5aa6e89c-fd98-5&#8243; taxonomies=&#8221;18&#8243;][\/vc_column][\/vc_row][vc_row content_placement=&#8221;middle&#8221; kd_background_image_position=&#8221;vc_row-bg-position-top&#8221; kd_image_overlay_color=&#8221;rgba(0,0,0,0.3)&#8221; kd_image_overlay=&#8221;true&#8221; kd_row_shadow=&#8221;true&#8221; css=&#8221;.vc_custom_1618231306396{margin-top: 50px !important;margin-bottom: -200px !important;padding-top: 90px !important;padding-bottom: 50px !important;background: #adadad url(https:\/\/asello.eu\/wp-content\/uploads\/2021\/02\/asello-start-paket.jpg?id=727) !important;background-position: center !important;background-repeat: no-repeat !important;background-size: cover !important;border-radius: 20px !important;}&#8221;][vc_column][vc_row_inner kd_background_image_position=&#8221;vc_row-bg-position-top&#8221; css=&#8221;.vc_custom_1617709773927{padding-bottom: 55px !important;}&#8221;][vc_column_inner]<header class=\"kd-section-title vc_col-lg-6 vc_col-sm-8 text-center  subtitle-below-title kd-animated fadeIn   vc_custom_1617709722596\" data-animation-delay=200><h1 class=\"separator_off\" style=\"color: #ffffff;font-size: 60px;margin-bottom:30px;\">Testen Sie asello 14 Tage kostenlos!<\/h1><h6 class=\"subtitle\" style=\"color: rgba(255,255,255,0.75);\">asello ist Ihr zukunftsicheres und einfach zu bedienendes<br \/>\nKassensystem: aktivieren Sie jetzt ihren kostenlosen Start-Account!<\/h6><\/header><a  href=\"https:\/\/reg.asello.eu\/pos\/start\"  target=\"_self\"  title=\"Kostenlosen Start-Account erstellen\"  class=\"tt_button tt_primary_button btn_primary_color hover_solid_white button-center button-action-link    long-button-mobil\" ><span class=\"prim_text\">Kostenlosen Start-Account erstellen<\/span><\/a>[\/vc_column_inner][\/vc_row_inner][\/vc_column][\/vc_row]<\/p>\n<\/section>","protected":false},"excerpt":{"rendered":"<p>[vc_row full_width=&#8221;stretch_row_content_no_spaces&#8221; kd_background_image_position=&#8221;vc_row-bg-position-bottom&#8221; kd_fixed_background=&#8221;true&#8221; css=&#8221;.vc_custom_1622467770904{padding-bottom: 120px !important;background-image: url(https:\/\/asello.eu\/wp-content\/uploads\/2021\/05\/AdobeStock_271588937-scaled.jpeg?id=3688) !important;background-position: center !important;background-repeat: no-repeat !important;background-size: cover !important;}&#8221; css_tablet_portrait=&#8221;.vc_custom_1622467770905{margin-top: 0px !important;}&#8221; css_mobile=&#8221;.vc_custom_1622467770905{margin-top: 0px [&hellip;]<\/p>\n","protected":false},"author":1,"featured_media":0,"parent":80,"menu_order":0,"comment_status":"closed","ping_status":"closed","template":"","meta":{"footnotes":""},"class_list":["post-3707","page","type-page","status-publish","hentry"],"_links":{"self":[{"href":"https:\/\/asello.eu\/de\/wp-json\/wp\/v2\/pages\/3707","targetHints":{"allow":["GET"]}}],"collection":[{"href":"https:\/\/asello.eu\/de\/wp-json\/wp\/v2\/pages"}],"about":[{"href":"https:\/\/asello.eu\/de\/wp-json\/wp\/v2\/types\/page"}],"author":[{"embeddable":true,"href":"https:\/\/asello.eu\/de\/wp-json\/wp\/v2\/users\/1"}],"replies":[{"embeddable":true,"href":"https:\/\/asello.eu\/de\/wp-json\/wp\/v2\/comments?post=3707"}],"version-history":[{"count":21,"href":"https:\/\/asello.eu\/de\/wp-json\/wp\/v2\/pages\/3707\/revisions"}],"predecessor-version":[{"id":4364,"href":"https:\/\/asello.eu\/de\/wp-json\/wp\/v2\/pages\/3707\/revisions\/4364"}],"up":[{"embeddable":true,"href":"https:\/\/asello.eu\/de\/wp-json\/wp\/v2\/pages\/80"}],"wp:attachment":[{"href":"https:\/\/asello.eu\/de\/wp-json\/wp\/v2\/media?parent=3707"}],"curies":[{"name":"wp","href":"https:\/\/api.w.org\/{rel}","templated":true}]}}