{"id":3684,"date":"2021-05-31T15:17:01","date_gmt":"2021-05-31T13:17:01","guid":{"rendered":"https:\/\/asello.eu\/?page_id=3684"},"modified":"2021-08-02T10:08:35","modified_gmt":"2021-08-02T08:08:35","slug":"kassensichv","status":"publish","type":"page","link":"https:\/\/asello.eu\/de\/produkte\/pos\/kassensichv\/","title":{"rendered":"KassenSichV"},"content":{"rendered":"<section class=\"wpb-content-wrapper\"><p>[vc_row full_width=&#8221;stretch_row_content_no_spaces&#8221; kd_background_image_position=&#8221;vc_row-bg-position-bottom&#8221; kd_fixed_background=&#8221;true&#8221; css=&#8221;.vc_custom_1622467770904{padding-bottom: 120px !important;background-image: url(https:\/\/asello.eu\/wp-content\/uploads\/2021\/05\/AdobeStock_271588937-scaled.jpeg?id=3688) !important;background-position: center !important;background-repeat: no-repeat !important;background-size: cover !important;}&#8221; css_tablet_portrait=&#8221;.vc_custom_1622467770905{margin-top: 0px !important;}&#8221; css_mobile=&#8221;.vc_custom_1622467770905{margin-top: 0px !important;padding-bottom: 0px !important;}&#8221;][vc_column css=&#8221;.vc_custom_1597665991208{padding-right: 0px !important;padding-left: 0px !important;}&#8221;][vc_row_inner full_width=&#8221;inner_row_contained&#8221; kd_background_image_position=&#8221;vc_row-bg-position-top&#8221; css=&#8221;.vc_custom_1618214983398{margin-right: 60px !important;margin-left: 60px !important;padding-top: 320px !important;background-position: center !important;background-repeat: no-repeat !important;background-size: cover !important;}&#8221; css_tablet_portrait=&#8221;.vc_custom_1618214983399{margin-right: 0px !important;margin-left: 0px !important;padding-top: 250px !important;padding-bottom: 50px !important;border-radius: 0px !important;}&#8221; css_mobile=&#8221;.vc_custom_1618214983400{margin-right: 0px !important;margin-left: 0px !important;padding-top: 250px !important;padding-bottom: 50px !important;border-radius: 0px !important;}&#8221; css_tablet_landscape=&#8221;.vc_custom_1618214983399{margin-right: 0px !important;margin-left: 0px !important;padding-top: 270px !important;border-radius: 0px !important;}&#8221;][vc_column_inner width=&#8221;1\/2&#8243; css=&#8221;.vc_custom_1622469321016{padding-top: 50px !important;padding-bottom: 50px !important;}&#8221;]<header class=\"kd-section-title col-lg-12 text-left  subtitle-below-title kd-animated fadeIn   vc_custom_1622467252578\" data-animation-delay=200><h1 class=\"separator_off\" style=\"color: #ffffff;font-size: 72px;line-height: 72px;margin-bottom:30px;\"><span style=\"color:#0072BB;\">KassenSichV<\/span> in Deutschland<\/h1><\/header><a  href=\"https:\/\/asello.eu\/produkte\/pos\/\"  target=\"_self\"  title=\"Zu aselloPOS\"  class=\"tt_button tt_primary_button btn_primary_color hover_outline_white btn-align-left button-action-link icon_left\" ><span class=\"fas fa-angle-left iconita\" ><\/span><span class=\"prim_text\">Zur\u00fcck zu POS<\/span><\/a>[\/vc_column_inner][vc_column_inner width=&#8221;1\/2&#8243; css_tablet_portrait=&#8221;.vc_custom_1617207809215{padding-right: 30px !important;}&#8221; css_mobile=&#8221;.vc_custom_1617207809215{padding-right: 15px !important;}&#8221; css=&#8221;.vc_custom_1617207809214{padding-right: 20px !important;}&#8221;][\/vc_column_inner][\/vc_row_inner][\/vc_column][\/vc_row][vc_row kd_background_image_position=&#8221;vc_row-bg-position-top&#8221; css=&#8221;.vc_custom_1622201859633{padding-top: 120px !important;}&#8221; css_tablet_portrait=&#8221;.vc_custom_1622201859634{padding-top: 100px !important;}&#8221; css_mobile=&#8221;.vc_custom_1622201859634{padding-top: 100px !important;}&#8221;][vc_column css=&#8221;.vc_custom_1597665991208{padding-right: 0px !important;padding-left: 0px !important;}&#8221;]<header class=\"kd-section-title col-lg-12 text-center  subtitle-above-title kd-animated fadeIn   vc_custom_1627891689200\" data-animation-delay=200><h6 class=\"subtitle\" style=\"color: #0072bb;\">REGISTRIER\u00adKASSEN\u00adSICHERHEITS\u00adVERORDNUNG<\/h6><h1 class=\"separator_off\" style=\"line-height: 52px;\">Mit asello auf der sicheren Seite<\/h1><\/header>[vc_row_inner content_placement=&#8221;middle&#8221; gap=&#8221;30&#8243; kd_background_image_position=&#8221;vc_row-bg-position-top&#8221; css=&#8221;.vc_custom_1622470068375{padding-bottom: 50px !important;}&#8221; css_mobile=&#8221;.vc_custom_1622470068376{padding-bottom: 0px !important;}&#8221;][vc_column_inner width=&#8221;1\/2&#8243; css_tablet_portrait=&#8221;.vc_custom_1598606053781{padding-right: 10px !important;padding-left: 10px !important;}&#8221;][vc_empty_space][vc_column_text]<\/p>\n<h3>KassenSichV<\/h3>\n<p>Die Kassensicherungsversordnung (KassenSichV) ist die Vorschrift zur Verhinderung der Manipulation von Aufzeichnungen an Registrierkassen in Deutschland. Sie schreibt vor, dass jedes elektronische Aufzeichnungssystem mit einer technischen Sicherheitseinrichtung (TSE) ausgestattet werden muss.<\/p>\n<p>Mit der Verbindung der TSE mit dem aselloPOS Kassensystem werden die geltenden Vorschriften der KassenSichV sowie der GoBD erf\u00fcllt:<\/p>\n<ul>\n<li><strong>Einzelaufzeichnungspflicht:<\/strong> Jeder Gesch\u00e4ftsvorfall ist zu erfassen<\/li>\n<li><strong>TSE:<\/strong> Die digitalen Aufzeichnungen sind mit einer technischen Sicherheitseinrichtung manipulationssicher zu machen<\/li>\n<li><strong>Belegerteilungspflicht:<\/strong> Jedem Kunden muss nach einem Gesch\u00e4ftsvorfall ein Beleg \u00fcbermittelt werden<\/li>\n<li><strong>Meldepflicht:<\/strong> Jede Kasse muss dem zust\u00e4ndigen Finanzamt gemeldet werden<\/li>\n<li><strong>Datensicherung:<\/strong> Alle digitalen Aufzeichnungen sind zu sichern und f\u00fcr die Kassen-Nachschauen und Au\u00dfenpr\u00fcfungen verf\u00fcgbar zu halten<\/li>\n<\/ul>\n<p>[\/vc_column_text][\/vc_column_inner][vc_column_inner width=&#8221;1\/2&#8243; css_tablet_portrait=&#8221;.vc_custom_1622470093546{padding-right: 10px !important;padding-left: 10px !important;}&#8221; css=&#8221;.vc_custom_1622470093545{padding-right: 50px !important;padding-left: 50px !important;}&#8221;][vc_single_image image=&#8221;3712&#8243; img_size=&#8221;large&#8221; alignment=&#8221;center&#8221;][\/vc_column_inner][\/vc_row_inner][\/vc_column][\/vc_row][vc_row kd_background_image_position=&#8221;vc_row-bg-position-top&#8221; css=&#8221;.vc_custom_1622468987767{padding-top: 120px !important;padding-bottom: 100px !important;}&#8221; css_tablet_portrait=&#8221;.vc_custom_1622468987768{padding-top: 100px !important;}&#8221; css_mobile=&#8221;.vc_custom_1622468987768{padding-top: 100px !important;}&#8221;][vc_column css=&#8221;.vc_custom_1597665991208{padding-right: 0px !important;padding-left: 0px !important;}&#8221;]<header class=\"kd-section-title col-lg-12 text-center  subtitle-above-title kd-animated fadeIn   vc_custom_1622468184965\" data-animation-delay=200><h6 class=\"subtitle\" style=\"color: #0072bb;\">TECHNISCHE SICHERHEITSEINRICHTUNG<\/h6><h1 class=\"separator_off\" style=\"line-height: 52px;\">Unsere TSE L\u00f6sungen<\/h1><\/header>[vc_row_inner gap=&#8221;30&#8243; kd_background_image_position=&#8221;vc_row-bg-position-top&#8221; css=&#8221;.vc_custom_1622445570675{padding-bottom: 50px !important;}&#8221; css_mobile=&#8221;.vc_custom_1622445570676{padding-bottom: 0px !important;}&#8221;][vc_column_inner width=&#8221;1\/2&#8243; css_tablet_portrait=&#8221;.vc_custom_1598606048566{padding-right: 10px !important;padding-left: 10px !important;}&#8221;][vc_single_image image=&#8221;3691&#8243; img_size=&#8221;large&#8221; alignment=&#8221;center&#8221; css=&#8221;.vc_custom_1622467967164{padding-right: 100px !important;}&#8221;][\/vc_column_inner][vc_column_inner width=&#8221;1\/2&#8243; css_tablet_portrait=&#8221;.vc_custom_1598606053781{padding-right: 10px !important;padding-left: 10px !important;}&#8221;][vc_empty_space][vc_column_text]<\/p>\n<h3>USB-TSE oder Drucker-TSE-Kit<\/h3>\n<p>Technische Sicherungseinrichtung (TSE-Modul) f\u00fcr jeweils einen Windows PC oder TM30 Drucker.<br \/>\nLebensdauer: 20 Mio. Signaturen, Zertifikatslaufzeit: 5 Jahre<\/p>\n<h3>SERVER TSE<\/h3>\n<p>Signieren Sie bei erh\u00f6htem Bedarf Belege gleichzeitig \u00fcber mehrere Ger\u00e4te im Netzwerk.<br \/>\nMit 3 USB-TSE Anschl\u00fcssen (TSE nicht inklusive)<\/p>\n<h3>CLOUD TSE<\/h3>\n<p>Die Signatur \u00fcber die Cloud dient als mobile L\u00f6sung.[\/vc_column_text][\/vc_column_inner][\/vc_row_inner][vc_row_inner kd_background_image_position=&#8221;vc_row-bg-position-top&#8221; css=&#8221;.vc_custom_1622469274963{padding-top: 30px !important;}&#8221; css_mobile=&#8221;.vc_custom_1622469274964{padding-top: 40px !important;}&#8221; css_tablet_portrait=&#8221;.vc_custom_1622469274964{padding-top: 50px !important;}&#8221;][vc_column_inner]<a   class=\"tt_button tt_primary_button btn_primary_color  button-center panel-trigger-btn\" ><span class=\"prim_text\">Jetzt Anfrage senden<\/span><\/a>[\/vc_column_inner][\/vc_row_inner][\/vc_column][\/vc_row][vc_row full_width=&#8221;stretch_row_content&#8221; disable_element=&#8221;yes&#8221; kd_background_image_position=&#8221;vc_row-bg-position-top&#8221; css=&#8221;.vc_custom_1622544527863{padding-top: 100px !important;padding-bottom: 50px !important;background-color: #e9eaed !important;}&#8221; css_tablet_portrait=&#8221;.vc_custom_1622544527865{padding-top: 100px !important;}&#8221; css_mobile=&#8221;.vc_custom_1622544527866{padding-top: 100px !important;}&#8221;][vc_column css=&#8221;.vc_custom_1597665991208{padding-right: 0px !important;padding-left: 0px !important;}&#8221;][vc_row_inner full_width=&#8221;inner_row_contained&#8221; content_placement=&#8221;middle&#8221; gap=&#8221;30&#8243; kd_background_image_position=&#8221;vc_row-bg-position-top&#8221; css=&#8221;.vc_custom_1622469181858{padding-bottom: 50px !important;}&#8221; css_mobile=&#8221;.vc_custom_1622469181859{padding-bottom: 0px !important;}&#8221;][vc_column_inner width=&#8221;2\/3&#8243; css_tablet_portrait=&#8221;.vc_custom_1598606053781{padding-right: 10px !important;padding-left: 10px !important;}&#8221;]<header class=\"kd-section-title col-lg-12 text-left  subtitle-above-title kd-animated fadeIn   vc_custom_1622469294111\" data-animation-delay=200><h6 class=\"subtitle\" style=\"color: #0072bb;\">SICHERHEIT<\/h6><h1 class=\"separator_off\" style=\"line-height: 52px;\">Unser Lieferant der TSE<\/h1><\/header>[vc_column_text]Um \u00fcber technische und rechtliche Neuerungen immer perfekt informiert zu sein, ist asello Mitglied der DFKA (Deutscher Fachverband f\u00fcr Kassen- und Abrechnungssystemtechnik e.V.)<\/p>\n<p>Wir haben uns, in Folge der guten Zusammenarbeit bei der Umsetzung der RKSV in \u00d6sterreich, f\u00fcr die A-Trust Gesellschaft f\u00fcr Sicherheitssysteme im elektronischen Datenverkehr Deutschland GmbH als Lieferant f\u00fcr die Cloud TSE entschieden. Diese befindet sich zur Zeit noch in der Zertigizierungsphase. Sobald diese freigegeben wird werden alle unsere bestehenden Kunden informiert.[\/vc_column_text][\/vc_column_inner][vc_column_inner width=&#8221;1\/3&#8243; css_tablet_portrait=&#8221;.vc_custom_1598606048566{padding-right: 10px !important;padding-left: 10px !important;}&#8221;][vc_single_image image=&#8221;3696&#8243; img_size=&#8221;large&#8221; alignment=&#8221;center&#8221; css=&#8221;.vc_custom_1622469145565{padding-right: 100px !important;}&#8221;][vc_empty_space][vc_single_image image=&#8221;3697&#8243; img_size=&#8221;large&#8221; alignment=&#8221;center&#8221; css=&#8221;.vc_custom_1622468858622{padding-right: 100px !important;}&#8221;][\/vc_column_inner][\/vc_row_inner][\/vc_column][\/vc_row][vc_row kd_background_image_position=&#8221;vc_row-bg-position-top&#8221; css=&#8221;.vc_custom_1627891714317{padding-top: 150px !important;padding-bottom: 150px !important;}&#8221; css_mobile=&#8221;.vc_custom_1627891714319{padding-top: 100px !important;padding-bottom: 25px !important;}&#8221; css_tablet_portrait=&#8221;.vc_custom_1627891714319{padding-top: 100px !important;}&#8221; top_section_title=&#8221;&#8221; bottom_section_title=&#8221;&#8221;][vc_column]<header class=\"kd-section-title col-lg-8 vc_col-sm-8 text-center  subtitle-above-title kd-animated fadeIn   vc_custom_1620156900607\" data-animation-delay=200><h6 class=\"subtitle\" style=\"color: #0072bb;\">SUCCESS STORIES<\/h6><h1 class=\"separator_off\" style=\"line-height: 52px;\">Entdecken Sie wie unsere Kunden aselloPOS erfolgreich einsetzten<\/h1><\/header>[vc_basic_grid post_type=&#8221;portfolio&#8221; max_items=&#8221;6&#8243; style=&#8221;pagination&#8221; items_per_page=&#8221;3&#8243; paging_design=&#8221;point_dots&#8221; paging_color=&#8221;mulled_wine&#8221; loop=&#8221;yes&#8221; autoplay=&#8221;8&#8243; grid_id=&#8221;vc_gid:1627891693512-4ea30fb8-164d-6&#8243; taxonomies=&#8221;18&#8243;][\/vc_column][\/vc_row][vc_row content_placement=&#8221;middle&#8221; kd_background_image_position=&#8221;vc_row-bg-position-top&#8221; kd_image_overlay_color=&#8221;rgba(0,0,0,0.3)&#8221; kd_image_overlay=&#8221;true&#8221; kd_row_shadow=&#8221;true&#8221; css=&#8221;.vc_custom_1618231306396{margin-top: 50px !important;margin-bottom: -200px !important;padding-top: 90px !important;padding-bottom: 50px !important;background: #adadad url(https:\/\/asello.eu\/wp-content\/uploads\/2021\/02\/asello-start-paket.jpg?id=727) !important;background-position: center !important;background-repeat: no-repeat !important;background-size: cover !important;border-radius: 20px !important;}&#8221;][vc_column][vc_row_inner kd_background_image_position=&#8221;vc_row-bg-position-top&#8221; css=&#8221;.vc_custom_1617709773927{padding-bottom: 55px !important;}&#8221;][vc_column_inner]<header class=\"kd-section-title vc_col-lg-6 vc_col-sm-8 text-center  subtitle-below-title kd-animated fadeIn   vc_custom_1617709722596\" data-animation-delay=200><h1 class=\"separator_off\" style=\"color: #ffffff;font-size: 60px;margin-bottom:30px;\">Testen Sie asello 14 Tage kostenlos!<\/h1><h6 class=\"subtitle\" style=\"color: rgba(255,255,255,0.75);\">asello ist Ihr zukunftsicheres und einfach zu bedienendes<br \/>\nKassensystem: aktivieren Sie jetzt ihren kostenlosen Start-Account!<\/h6><\/header><a  href=\"https:\/\/reg.asello.eu\/pos\/start\"  target=\"_self\"  title=\"Kostenlosen Start-Account erstellen\"  class=\"tt_button tt_primary_button btn_primary_color hover_solid_white button-center button-action-link    long-button-mobil\" ><span class=\"prim_text\">Kostenlosen Start-Account erstellen<\/span><\/a>[\/vc_column_inner][\/vc_row_inner][\/vc_column][\/vc_row]<\/p>\n<\/section>","protected":false},"excerpt":{"rendered":"<p>[vc_row full_width=&#8221;stretch_row_content_no_spaces&#8221; kd_background_image_position=&#8221;vc_row-bg-position-bottom&#8221; kd_fixed_background=&#8221;true&#8221; css=&#8221;.vc_custom_1622467770904{padding-bottom: 120px !important;background-image: url(https:\/\/asello.eu\/wp-content\/uploads\/2021\/05\/AdobeStock_271588937-scaled.jpeg?id=3688) !important;background-position: center !important;background-repeat: no-repeat !important;background-size: cover !important;}&#8221; css_tablet_portrait=&#8221;.vc_custom_1622467770905{margin-top: 0px !important;}&#8221; css_mobile=&#8221;.vc_custom_1622467770905{margin-top: 0px [&hellip;]<\/p>\n","protected":false},"author":1,"featured_media":0,"parent":80,"menu_order":0,"comment_status":"closed","ping_status":"closed","template":"","meta":{"footnotes":""},"class_list":["post-3684","page","type-page","status-publish","hentry"],"_links":{"self":[{"href":"https:\/\/asello.eu\/de\/wp-json\/wp\/v2\/pages\/3684","targetHints":{"allow":["GET"]}}],"collection":[{"href":"https:\/\/asello.eu\/de\/wp-json\/wp\/v2\/pages"}],"about":[{"href":"https:\/\/asello.eu\/de\/wp-json\/wp\/v2\/types\/page"}],"author":[{"embeddable":true,"href":"https:\/\/asello.eu\/de\/wp-json\/wp\/v2\/users\/1"}],"replies":[{"embeddable":true,"href":"https:\/\/asello.eu\/de\/wp-json\/wp\/v2\/comments?post=3684"}],"version-history":[{"count":29,"href":"https:\/\/asello.eu\/de\/wp-json\/wp\/v2\/pages\/3684\/revisions"}],"predecessor-version":[{"id":4281,"href":"https:\/\/asello.eu\/de\/wp-json\/wp\/v2\/pages\/3684\/revisions\/4281"}],"up":[{"embeddable":true,"href":"https:\/\/asello.eu\/de\/wp-json\/wp\/v2\/pages\/80"}],"wp:attachment":[{"href":"https:\/\/asello.eu\/de\/wp-json\/wp\/v2\/media?parent=3684"}],"curies":[{"name":"wp","href":"https:\/\/api.w.org\/{rel}","templated":true}]}}