{"id":66,"date":"2021-02-24T13:13:12","date_gmt":"2021-02-24T12:13:12","guid":{"rendered":"https:\/\/asello.eu\/?page_id=66"},"modified":"2025-03-07T06:54:47","modified_gmt":"2025-03-07T05:54:47","slug":"impressum","status":"publish","type":"page","link":"https:\/\/asello.eu\/at\/impressum\/","title":{"rendered":"Impressum"},"content":{"rendered":"<section class=\"wpb-content-wrapper\"><p>[vc_row kd_background_image_position=&#8221;vc_row-bg-position-top&#8221;][vc_column][vc_column_text]<\/p>\n<div style=\"margin-top: 200px;\"><\/div>\n<h1 style=\"text-align: center;\">Impressum<\/h1>\n<h3><strong>asello GmbH<\/strong><\/h3>\n<p>Technopark Raaba TPR7<br \/>\nJohann-Schreiner-Stra\u00dfe 3b<br \/>\nEingang Nord, 4.OG<br \/>\n8074 Raaba-Grambach<br \/>\n\u00d6sterreich<\/p>\n<p>Tel.:\u00a0<a href=\"tel:+43316231800\">+43 316 231800<\/a><br \/>\nE-Mail:<a href=\"mailto:office@asello.eu\"> office@asello.eu<\/a><\/p>\n<p>UID: ATU70036668<br \/>\nFB-Nummer: FN 443480b<br \/>\nFirmenbuchgericht LG Graz<br \/>\nGerichtsstand Graz<\/p>\n<p>Raiffeisenbank Ilz<br \/>\nIBAN: AT80 3815 1001 0006 0830<br \/>\nBIC: RZSTAT2G151<\/p>\n<p>Gesch\u00e4ftsf\u00fchrer:\u00a0Bernhard Schille<br \/>\nMitglied der WK\u00d6. FG Unternehmensberatung, Buchhaltung und Informationstechnologie (IT-Dienstleister)<\/p>\n<p>UID-Nummer Deutschland: DE322928329<br \/>\nD-U-N-S\u00ae Nummer: 30-048-5007 \/ 30-058-9698<br \/>\nEORI Nummer: ATEOS1000078491[\/vc_column_text][\/vc_column][\/vc_row]<div class=\"kd-divider solid_line divider_full_width medium_solid\">\n                <div class=\"divider-line\" style=\"border-color:\"><\/div>\n            <\/div>[vc_row kd_background_image_position=&#8221;vc_row-bg-position-top&#8221;][vc_column][vc_column_text]Im Hinblick auf die technischen Eigenschaften des Internet kann keine Gew\u00e4hr f\u00fcr die Authentizit\u00e4t, Richtigkeit und Vollst\u00e4ndigkeit der im Internet zur Verf\u00fcgung gestellten Informationen \u00fcbernommen werden. Es wird auch keine Gew\u00e4hr f\u00fcr die Verf\u00fcgbarkeit oder den Betrieb der gegenst\u00e4ndlichen Homepage und ihrer Inhalte \u00fcbernommen.<br \/>\nJede Haftung f\u00fcr unmittelbare, mittelbare oder sonstige Sch\u00e4den, unabh\u00e4ngig von deren Ursachen, die aus der Benutzung oder Nichtverf\u00fcgbarkeit der Daten und Informationen dieser Homepage erwachsen, wird, soweit rechtlich zul\u00e4ssig, ausgeschlossen.<br \/>\nDer Inhalt dieser Homepage ist urheberrechtlich gesch\u00fctzt. Die Informationen sind nur f\u00fcr die pers\u00f6nliche Verwendung bestimmt. Jede weitergehende Nutzung, insbesondere die Speicherung in Datenbanken, Vervielf\u00e4ltigung und jede Form von gewerblicher Nutzung sowie die Weitergabe an Dritte &#8211; auch in Teilen oder in \u00fcberarbeiteter Form &#8211; ohne Zustimmung der jeweiligen Organisation, ist untersagt.<br \/>\nHyperlinks auf <a href=\"https:\/\/asello.eu\">www.asello.eu<\/a> sind willkommen. Jede Einbindung einzelner Seiten unseres Angebotes in fremde Frames ist zu unterlassen.<\/p>\n<h3><strong>Gender-Erkl\u00e4rung<\/strong><\/h3>\n<p>Zur besseren Lesbarkeit werden auf dieser Webseite personenbezogene Bezeichnungen, die sich zugleich auf Frauen und M\u00e4nner beziehen, generell nur in der m\u00e4nnlichen Form angef\u00fchrt. Dies soll jedoch keinesfalls eine Geschlechterdiskriminierung oder eine Verletzung des Geschlechtergrundsatzes zum Ausdruck bringen, sondern soll ausschlie\u00dflich der besseren Lesbarkeit dienen.[\/vc_column_text][\/vc_column][\/vc_row]<\/p>\n<\/section>","protected":false},"excerpt":{"rendered":"<p>[vc_row kd_background_image_position=&#8221;vc_row-bg-position-top&#8221;][vc_column][vc_column_text] Impressum asello GmbH Technopark Raaba TPR7 Johann-Schreiner-Stra\u00dfe 3b Eingang Nord, 4.OG 8074 Raaba-Grambach \u00d6sterreich Tel.:\u00a0+43 316 231800 E-Mail: [&hellip;]<\/p>\n","protected":false},"author":1,"featured_media":0,"parent":0,"menu_order":0,"comment_status":"closed","ping_status":"closed","template":"","meta":{"footnotes":""},"class_list":["post-66","page","type-page","status-publish","hentry"],"_links":{"self":[{"href":"https:\/\/asello.eu\/at\/wp-json\/wp\/v2\/pages\/66","targetHints":{"allow":["GET"]}}],"collection":[{"href":"https:\/\/asello.eu\/at\/wp-json\/wp\/v2\/pages"}],"about":[{"href":"https:\/\/asello.eu\/at\/wp-json\/wp\/v2\/types\/page"}],"author":[{"embeddable":true,"href":"https:\/\/asello.eu\/at\/wp-json\/wp\/v2\/users\/1"}],"replies":[{"embeddable":true,"href":"https:\/\/asello.eu\/at\/wp-json\/wp\/v2\/comments?post=66"}],"version-history":[{"count":11,"href":"https:\/\/asello.eu\/at\/wp-json\/wp\/v2\/pages\/66\/revisions"}],"predecessor-version":[{"id":6458,"href":"https:\/\/asello.eu\/at\/wp-json\/wp\/v2\/pages\/66\/revisions\/6458"}],"wp:attachment":[{"href":"https:\/\/asello.eu\/at\/wp-json\/wp\/v2\/media?parent=66"}],"curies":[{"name":"wp","href":"https:\/\/api.w.org\/{rel}","templated":true}]}}