{"id":565,"date":"2021-03-21T10:18:43","date_gmt":"2021-03-21T09:18:43","guid":{"rendered":"https:\/\/asello.eu\/?page_id=565"},"modified":"2024-05-20T10:31:25","modified_gmt":"2024-05-20T08:31:25","slug":"ueber-uns","status":"publish","type":"page","link":"https:\/\/asello.eu\/at\/ueber-uns\/","title":{"rendered":"\u00dcber uns"},"content":{"rendered":"<section class=\"wpb-content-wrapper\"><p>[vc_row full_width=&#8221;stretch_row_content_no_spaces&#8221; kd_background_image_position=&#8221;vc_row-bg-position-bottom&#8221; kd_fixed_background=&#8221;true&#8221; css=&#8221;.vc_custom_1617982855883{padding-bottom: 120px !important;background-image: url(https:\/\/asello.eu\/wp-content\/uploads\/2021\/04\/Header_Aboutus.jpg?id=1859) !important;background-position: center !important;background-repeat: no-repeat !important;background-size: cover !important;}&#8221; css_tablet_portrait=&#8221;.vc_custom_1617982855885{margin-top: 0px !important;}&#8221; css_mobile=&#8221;.vc_custom_1617982855886{margin-top: 0px !important;padding-bottom: 0px !important;}&#8221; css_tablet_landscape=&#8221;.vc_custom_1617982855884{padding-bottom: 70px !important;}&#8221;][vc_column css=&#8221;.vc_custom_1597665991208{padding-right: 0px !important;padding-left: 0px !important;}&#8221;][vc_row_inner full_width=&#8221;inner_row_contained&#8221; kd_background_image_position=&#8221;vc_row-bg-position-top&#8221; css=&#8221;.vc_custom_1617982552900{padding-top: 320px !important;padding-bottom: 100px !important;background-position: center !important;background-repeat: no-repeat !important;background-size: cover !important;}&#8221; css_tablet_portrait=&#8221;.vc_custom_1617982552901{padding-top: 320px !important;padding-bottom: 0px !important;border-radius: 0px !important;}&#8221; css_mobile=&#8221;.vc_custom_1617982552901{padding-top: 250px !important;border-radius: 0px !important;}&#8221; css_tablet_landscape=&#8221;.vc_custom_1617982552900{padding-top: 390px !important;border-radius: 0px !important;}&#8221;][vc_column_inner width=&#8221;1\/4&#8243; css=&#8221;.vc_custom_1597672141666{padding-top: 100px !important;}&#8221;][\/vc_column_inner][vc_column_inner width=&#8221;3\/4&#8243;]<header class=\"kd-section-title col-lg-12 text-right  subtitle-above-title kd-animated fadeIn   vc_custom_1617799755495\" data-animation-delay=200><h6 class=\"subtitle\" style=\"color: #0072bb;\">WHO WE ARE<\/h6><h1 class=\"separator_off\" style=\"color: #ffffff;font-size: 90px;line-height: 80px;\">Das <span style=\"color:#0072BB;\">A<\/span>&amp;<span style=\"color:#0072BB;\">O<\/span> des Verkaufens<\/h1><\/header>[\/vc_column_inner][\/vc_row_inner][\/vc_column][\/vc_row][vc_row full_width=&#8221;stretch_row&#8221; kd_background_image_position=&#8221;vc_row-bg-position-top&#8221; css=&#8221;.vc_custom_1617982884197{padding-top: 150px !important;padding-bottom: 100px !important;}&#8221; css_tablet_landscape=&#8221;.vc_custom_1617982884197{padding-bottom: 150px !important;}&#8221; css_mobile=&#8221;.vc_custom_1617982884198{padding-top: 90px !important;padding-bottom: 100px !important;}&#8221;][vc_column css_mobile=&#8221;.vc_custom_1617982915061{margin-right: 0px !important;margin-left: 0px !important;padding-right: 0px !important;padding-left: 0px !important;}&#8221;][vc_row_inner content_placement=&#8221;middle&#8221; kd_background_image_position=&#8221;vc_row-bg-position-top&#8221;][vc_column_inner width=&#8221;2\/3&#8243; css=&#8221;.vc_custom_1602844193161{padding-right: 30px !important;padding-left: 0px !important;}&#8221; offset=&#8221;vc_col-lg-offset-0 vc_col-lg-6 vc_col-md-offset-2 vc_col-md-8 vc_col-sm-offset-2&#8243; css_tablet_landscape=&#8221;.vc_custom_1602844193162{padding-right: 0px !important;}&#8221; css_tablet_portrait=&#8221;.vc_custom_1602844193163{padding-right: 15px !important;padding-left: 15px !important;}&#8221; css_mobile=&#8221;.vc_custom_1602844193163{padding-right: 15px !important;padding-left: 15px !important;}&#8221;]<header class=\"kd-section-title col-lg-12 text-left  subtitle-above-title kd-animated fadeIn   vc_custom_1617981734947\" data-animation-delay=200><h6 class=\"subtitle\" style=\"color: #0072bb;\">OUR MOTIVATION<\/h6><h1 class=\"separator_off\" style=\"line-height: 52px;\">Ein einfaches System f\u00fcr jede Branche<\/h1><\/header>[vc_column_text css_animation=&#8221;fadeIn&#8221;]asello wurde im Jahr 2015 als neuartige L\u00f6sung f\u00fcr die Registrierkassenpflicht in \u00d6sterreich entwickelt.\u00a0Ziel war es, eine einfache und benutzerfreundliche Software f\u00fcr Klein- und Kleinstbetriebe auf den Markt zu bringen, die alle Vorteile innovativer Software nutzt und dabei h\u00f6chste Sicherheitsstandards erf\u00fcllt.<\/p>\n<p>Eine Kassenl\u00f6sung soll den Verkauf f\u00f6rdern und nicht behindern. asello m\u00f6chte mit modernsten Softwaretechnologien auch Klein- und Kleinstunternehmen dieselben M\u00f6glichkeiten bieten, die sonst nur gro\u00dfen Unternehmen zur Verf\u00fcgung stehen. Als Zielgruppe hat asello daher Betriebe mit einer Gr\u00f6\u00dfe von bis zu 49 Besch\u00e4ftigten und einem Jahresumsatz von bis zu 10 Millionen Euro definiert (Klein- und Kleinstunternehmen).[\/vc_column_text][\/vc_column_inner][vc_column_inner css=&#8221;.vc_custom_1599050763930{padding-right: 0px !important;padding-left: 100px !important;}&#8221; offset=&#8221;vc_col-lg-6&#8243; css_tablet_landscape=&#8221;.vc_custom_1599050763933{padding-top: 80px !important;padding-right: 15px !important;padding-left: 15px !important;}&#8221; css_tablet_portrait=&#8221;.vc_custom_1599050763934{padding-top: 80px !important;padding-right: 15px !important;padding-left: 15px !important;}&#8221; css_mobile=&#8221;.vc_custom_1599050763935{padding-top: 50px !important;padding-right: 15px !important;padding-left: 15px !important;}&#8221;]<div class=\"video-container play-button-center big-video-btn   kd-animated fadeIn\" data-animation-delay=200><img loading=\"lazy\" decoding=\"async\" width=\"2560\" height=\"1609\" src=\"https:\/\/asello.eu\/wp-content\/uploads\/2021\/04\/Rollup-Startseite_new_Zeichenflaeche-1-scaled.jpg\" class=\"attachment-full\" alt=\"\" title=\"Rollup-Startseite_new_Zeichenfl\u00e4che 1\" srcset=\"https:\/\/asello.eu\/wp-content\/uploads\/2021\/04\/Rollup-Startseite_new_Zeichenflaeche-1-scaled.jpg 2560w, https:\/\/asello.eu\/wp-content\/uploads\/2021\/04\/Rollup-Startseite_new_Zeichenflaeche-1-300x189.jpg 300w, https:\/\/asello.eu\/wp-content\/uploads\/2021\/04\/Rollup-Startseite_new_Zeichenflaeche-1-1024x643.jpg 1024w, https:\/\/asello.eu\/wp-content\/uploads\/2021\/04\/Rollup-Startseite_new_Zeichenflaeche-1-768x483.jpg 768w, https:\/\/asello.eu\/wp-content\/uploads\/2021\/04\/Rollup-Startseite_new_Zeichenflaeche-1-1536x965.jpg 1536w, https:\/\/asello.eu\/wp-content\/uploads\/2021\/04\/Rollup-Startseite_new_Zeichenflaeche-1-2048x1287.jpg 2048w, https:\/\/asello.eu\/wp-content\/uploads\/2021\/04\/Rollup-Startseite_new_Zeichenflaeche-1-400x250.jpg 400w\" sizes=\"auto, (max-width: 2560px) 100vw, 2560px\" \/><a data-toggle=\"modal\" data-target=\"#video-modal-kd-video-modal-69d372090ca30\" data-src=\"https:\/\/player.vimeo.com\/video\/353547328?color=0072bb&amp;title=0&amp;byline=0&amp;portrait=0\" data-backdrop=\"true\" class=\" \"><span class=\"play-video\"><span class=\"sway-play\"><\/span><\/span><\/a><\/div><div class=\"modal fade video-modal\" id=\"video-modal-kd-video-modal-69d372090ca30\" role=\"dialog\">\n                            <div class=\"modal-content\">\n                            <button type=\"button\" class=\"close\" data-dismiss=\"modal\">\u00d7<\/button>\n                            <div class=\"row\"><iframe width=\"1024\" height=\"576\" allow=\"autoplay; fullscreen\"><\/iframe><\/div>\n                            <\/div>\n                        <\/div><div class=\"kd-shapes shape_dots with-parallax kd-animated zoomIn\" style=\"right: -76px;bottom: 30px;width: 172px;height: 173px;\" data-parallax-speed=\"0.1\" data-animation-delay=400><\/div>[\/vc_column_inner][\/vc_row_inner][\/vc_column][\/vc_row][vc_row full_width=&#8221;stretch_row_content&#8221; kd_background_image_position=&#8221;vc_row-bg-position-top&#8221; el_class=&#8221;overflow-fix&#8221; css=&#8221;.vc_custom_1617982122422{padding-bottom: 70px !important;}&#8221; el_id=&#8221;consulting-first-section&#8221; css_tablet_portrait=&#8221;.vc_custom_1617982122423{padding-bottom: 0px !important;}&#8221; css_mobile=&#8221;.vc_custom_1617982122424{padding-bottom: 0px !important;}&#8221;][vc_column css_tablet_portrait=&#8221;.vc_custom_1598609688950{padding-right: 0px !important;padding-left: 0px !important;}&#8221; css_mobile=&#8221;.vc_custom_1598609688951{padding-right: 0px !important;padding-left: 0px !important;}&#8221;][vc_row_inner full_width=&#8221;inner_row_contained&#8221; kd_background_image_position=&#8221;vc_row-bg-position-top&#8221; css_tablet_portrait=&#8221;.vc_custom_1617982971357{margin-right: 0px !important;margin-left: 0px !important;border-radius: 0px !important;}&#8221; css_mobile=&#8221;.vc_custom_1617982971357{margin-right: 0px !important;margin-left: 0px !important;border-radius: 0px !important;}&#8221; css_tablet_landscape=&#8221;.vc_custom_1617982971356{margin-right: 0px !important;margin-left: 0px !important;padding-bottom: 100px !important;}&#8221;][vc_column_inner width=&#8221;1\/4&#8243; css=&#8221;.vc_custom_1600783205509{padding-top: 100px !important;}&#8221; css_tablet_portrait=&#8221;.vc_custom_1600783205509{padding-top: 0px !important;}&#8221; css_mobile=&#8221;.vc_custom_1600783205510{padding-top: 0px !important;}&#8221; offset=&#8221;vc_col-lg-3 vc_col-md-6 vc_col-xs-12&#8243;]<div class=\"kd-shapes shape_dots with-parallax kd-animated zoomIn\" style=\"top: 0px;left: -50px;width: 172px;height: 156px;\" data-parallax-speed=\"0.1\" data-animation-delay=400><\/div><div class=\"key-icon-box icon-default icon-top cont-center ib-hover-1 with-shadow    icon-no-background icon-no-border kd-animated fadeInDown\" style=\"background-color: transparent;margin-bottom:30px;\" data-animation-delay=200><div class=\"ib-wrapper\" style=\"padding-top:40px;padding-bottom:40px;padding-left:35px;padding-right:35px;\"><div class=\"ib-simple-icon-wrapper\" style=\"margin-bottom:30px;\"><i class=\"iconsmind-Structure iconsmind-Buildings-Landmarks\" style=\"font-size: 40px;font-weight: 400;\"><\/i> <\/div><h4 class=\"service-heading\" >Produkte<\/h4><p >Finden Sie das passende Produkt f\u00fcr Ihr Unternehmen.<\/p><p class=\"ib-link \"><a href=\"https:\/\/asello.eu\/produkte\/\" target=\"_self\" >Produkte finden<\/a><\/p><\/div><\/div><div class=\"key-icon-box icon-default icon-top cont-center ib-hover-1 with-shadow    icon-no-background icon-no-border kd-animated fadeInUp\" style=\"background-color: transparent;margin-bottom:30px;\" data-animation-delay=200><div class=\"ib-wrapper\" style=\"padding-top:40px;padding-bottom:40px;padding-left:35px;padding-right:35px;\"><div class=\"ib-simple-icon-wrapper\" style=\"margin-bottom:30px;\"><i class=\"iconsmind-Shop iconsmind-Shopping-E-commerce\" style=\"font-size: 40px;font-weight: 400;\"><\/i> <\/div><h4 class=\"service-heading\" >L\u00f6sungen<\/h4><p >Entdecken Sie unsere branchenorientierten L\u00f6sungen.<\/p><p class=\"ib-link \"><a href=\"https:\/\/asello.eu\/solutions\/\" target=\"_self\" >Branche entdecken<\/a><\/p><\/div><\/div>[\/vc_column_inner][vc_column_inner width=&#8221;1\/4&#8243; css=&#8221;.vc_custom_1598612823705{margin-bottom: -100px !important;}&#8221; css_tablet_portrait=&#8221;.vc_custom_1598612823706{margin-bottom: 0px !important;}&#8221; css_mobile=&#8221;.vc_custom_1598612823707{margin-bottom: 0px !important;}&#8221; offset=&#8221;vc_col-lg-3 vc_col-md-6 vc_col-xs-12&#8243;]<div class=\"key-icon-box icon-default icon-top cont-center ib-hover-1 with-shadow    icon-no-background icon-no-border kd-animated fadeInDown\" style=\"background-color: transparent;margin-bottom:30px;\" data-animation-delay=200><div class=\"ib-wrapper\" style=\"padding-top:40px;padding-bottom:40px;padding-left:35px;padding-right:35px;\"><div class=\"ib-simple-icon-wrapper\" style=\"margin-bottom:30px;\"><i class=\"iconsmind-Speach-Bubble iconsmind-Speech-Bubbles\" style=\"font-size: 40px;font-weight: 400;\"><\/i> <\/div><h4 class=\"service-heading\" >Success Stories<\/h4><p >Lesen Sie die Erfolgsgeschichten unserer Kunden.<\/p><p class=\"ib-link \"><a href=\"https:\/\/asello.eu\/success-stories\/\" target=\"_self\" >Geschichten lesen<\/a><\/p><\/div><\/div><div class=\"key-icon-box icon-default icon-top cont-center ib-hover-1 with-shadow    icon-no-background icon-no-border kd-animated fadeInUp\" style=\"background-color: transparent;margin-bottom:30px;\" data-animation-delay=200><div class=\"ib-wrapper\" style=\"padding-top:40px;padding-bottom:40px;padding-left:35px;padding-right:35px;\"><div class=\"ib-simple-icon-wrapper\" style=\"margin-bottom:30px;\"><i class=\"iconsmind-Phone-3 iconsmind-Desktop-apps\" style=\"font-size: 40px;font-weight: 400;\"><\/i> <\/div><h4 class=\"service-heading\" >Kontakt<\/h4><p >Unsere Experten freuen Sich auf ein pers\u00f6nliches Gespr\u00e4ch.<\/p><p class=\"ib-link \"><a href=\"https:\/\/asello.eu\/kontakt\/\" target=\"_self\" >Anfrage senden<\/a><\/p><\/div><\/div><div class=\"kd-shapes shape_dots with-parallax kd-animated zoomIn\" style=\"right: -60px;bottom: -80px;width: 172px;height: 156px;\" data-parallax-speed=\"0.1\" data-animation-delay=400><\/div>[\/vc_column_inner][vc_column_inner width=&#8221;1\/2&#8243; css=&#8221;.vc_custom_1598631117964{padding-top: 100px !important;padding-left: 115px !important;}&#8221; css_tablet_portrait=&#8221;.vc_custom_1598631117965{padding-top: 50px !important;padding-left: 15px !important;}&#8221; css_mobile=&#8221;.vc_custom_1598631117966{padding-top: 50px !important;padding-left: 15px !important;}&#8221; offset=&#8221;vc_col-lg-6 vc_col-md-12 vc_col-xs-12&#8243; css_tablet_landscape=&#8221;.vc_custom_1598631117965{padding-top: 100px !important;padding-left: 15px !important;}&#8221;]<header class=\"kd-section-title col-lg-12 text-left  subtitle-above-title kd-animated fadeIn  \" data-animation-delay=200><h6 class=\"subtitle\" style=\"color: #0072bb;\">MAKING PROGRESS<\/h6><h1 class=\"separator_off\" style=\"line-height: 52px;\">Stillstand ist R\u00fcckschritt<\/h1><\/header>[vc_column_text]Die IT-Branche ist durch Innovation gepr\u00e4gt und im st\u00e4ndigen Wandel. Deshalb hat es sich asello zum\u00a0Ziel gesetzt, die st\u00e4ndig zunehmenden technischen M\u00f6glichkeiten auch am \u201ePoint of Sale\u201c (POS) nutzbar zu machen.<\/p>\n<p>So ist aus einer reinen Registrierkassen-L\u00f6sung ein Partner f\u00fcr Kleinst- und Kleinbetriebe geworden, die die Digitalisierung am POS nicht allein bestreiten k\u00f6nnen. asello ist ein Rundum-Partner f\u00fcr moderne Kassenl\u00f6sungen, Lieferservices, Kundenbindung und Warenwirtschaft &#8211; individuell angepasst auf die spezifischen Anforderungen der jeweiligen Kunden.<\/p>\n<p>M\u00f6glich macht das unsere Devise: Wir investieren unsere finanziellen und personellen Ressourcen fast ausschlie\u00dflich in die Weiterentwicklung unseres Produkts &#8211; nicht in teue Marketing-Aktionen.[\/vc_column_text][\/vc_column_inner][\/vc_row_inner][vc_row_inner full_width=&#8221;inner_row_contained&#8221; kd_background_image_position=&#8221;vc_row-bg-position-top&#8221; css=&#8221;.vc_custom_1620282002163{padding-top: 100px !important;}&#8221; css_tablet_landscape=&#8221;.vc_custom_1620282002164{padding-top: 0px !important;}&#8221; css_tablet_portrait=&#8221;.vc_custom_1620282002165{padding-bottom: 100px !important;}&#8221; css_mobile=&#8221;.vc_custom_1620282002165{padding-top: 70px !important;padding-right: 15px !important;padding-bottom: 80px !important;padding-left: 15px !important;}&#8221;][vc_column_inner css_mobile=&#8221;.vc_custom_1617983033044{padding-right: 15px !important;padding-left: 15px !important;}&#8221;]<header class=\"kd-section-title col-lg-8 vc_col-sm-8 text-center  subtitle-below-title kd-animated fadeIn   vc_custom_1620282007579\" data-animation-delay=200><h2 class=\"separator_off\" ><span style=\"color:#0072BB;\">Gegen den Mainstream?<\/span> Vielleicht. Aber ganz im Sinne unserer \u00dcberzeugung, immer das Beste f\u00fcr unsere Kunden im Auge zu haben.<\/h2><\/header>[\/vc_column_inner][\/vc_row_inner][\/vc_column][\/vc_row][vc_row full_width=&#8221;stretch_row&#8221; disable_element=&#8221;yes&#8221; kd_background_image_position=&#8221;vc_row-bg-position-top&#8221;][vc_column][vc_row_inner kd_background_image_position=&#8221;vc_row-bg-position-top&#8221; css=&#8221;.vc_custom_1617800278847{padding-bottom: 100px !important;}&#8221;][vc_column_inner width=&#8221;1\/6&#8243;][\/vc_column_inner][vc_column_inner width=&#8221;2\/3&#8243;]<header class=\"kd-section-title col-lg-12 text-center  subtitle-above-title    vc_custom_1617800422594\" ><h6 class=\"subtitle\" style=\"color: #0072bb;\">MEET THE TEAM<\/h6><h1 class=\"separator_off\" style=\"line-height: 52px;\">asello und nicht anonym<\/h1><\/header>[vc_column_text]<\/p>\n<p style=\"text-align: center; font-size: 1.2em;\">Eines ist uns besonders wichtig: <strong>asello ist keine anonyme Software &#8211; wir sind f\u00fcr Sie da, wenn sie uns brauchen<\/strong> \u2013 und zwar auch pers\u00f6nlich und bei Ihnen vor Ort.<\/p>\n<p style=\"text-align: center; font-size: 1.2em;\">Unser Team ist klein, aber hoch qualifiziert. Die pers\u00f6nliche Betreuung unserer Kunden in Deutschland und der Schweiz erfolgt durch asello Partner. Unser Grundsatz ist es, f\u00fcr unsere Kunden ein langj\u00e4hriger Wegbegleiter zu sein, der innovative und zukunftssichere L\u00f6sungen zu einem fairen Preis bietet.<\/p>\n<p>[\/vc_column_text][\/vc_column_inner][vc_column_inner width=&#8221;1\/6&#8243;][\/vc_column_inner][\/vc_row_inner][vc_row_inner kd_background_image_position=&#8221;vc_row-bg-position-top&#8221;][vc_column_inner css=&#8221;.vc_custom_1605789980220{padding-right: 0px !important;padding-left: 0px !important;}&#8221;][vc_single_image image=&#8221;1437&#8243; img_size=&#8221;full&#8221;][\/vc_column_inner][\/vc_row_inner][\/vc_column][\/vc_row][vc_row full_width=&#8221;stretch_row&#8221; disable_element=&#8221;yes&#8221; kd_background_image_position=&#8221;vc_row-bg-position-top&#8221;][vc_column][vc_row_inner content_placement=&#8221;bottom&#8221; kd_background_image_position=&#8221;vc_row-bg-position-top&#8221; css=&#8221;.vc_custom_1617983143105{padding-bottom: 100px !important;}&#8221; css_tablet_portrait=&#8221;.vc_custom_1617983143106{padding-bottom: 50px !important;}&#8221; css_mobile=&#8221;.vc_custom_1617983143107{padding-bottom: 50px !important;}&#8221;][vc_column_inner width=&#8221;1\/2&#8243; css_mobile=&#8221;.vc_custom_1617983106785{padding-right: 0px !important;padding-left: 0px !important;}&#8221;]<header class=\"kd-section-title col-lg-12 text-left  subtitle-above-title   \" ><h6 class=\"subtitle\" style=\"color: #0072bb;\">MEET THE TEAM<\/h6><h1 class=\"separator_off\" style=\"line-height: 52px;\">asello und nicht anonym<\/h1><\/header>[vc_column_text]<\/p>\n<p style=\"text-align: left;\">Eines ist uns besonders wichtig: asello ist keine anonyme Software &#8211; wir sind f\u00fcr Sie da, wenn sie uns brauchen \u2013 und zwar auch pers\u00f6nlich und bei Ihnen vor Ort.<\/p>\n<p>[\/vc_column_text][\/vc_column_inner][vc_column_inner width=&#8221;1\/2&#8243; css_mobile=&#8221;.vc_custom_1617983113915{padding-right: 0px !important;padding-left: 0px !important;}&#8221;][vc_column_text]<\/p>\n<p style=\"text-align: left;\">Unser Team ist klein, aber hoch qualifiziert. Die pers\u00f6nliche Betreuung unserer Kunden in Deutschland und der Schweiz erfolgt zum Teil durch asello Partner. Unser Grundsatz ist es, f\u00fcr unsere Kunden ein langj\u00e4hriger Wegbegleiter zu sein, der innovative und zukunftssichere L\u00f6sungen zu einem fairen Preis bietet.<\/p>\n<p>[\/vc_column_text][\/vc_column_inner][\/vc_row_inner][vc_row_inner kd_background_image_position=&#8221;vc_row-bg-position-top&#8221;][vc_column_inner css=&#8221;.vc_custom_1605789980220{padding-right: 0px !important;padding-left: 0px !important;}&#8221;][vc_single_image image=&#8221;1958&#8243; img_size=&#8221;full&#8221; style=&#8221;vc_box_rounded&#8221;][\/vc_column_inner][\/vc_row_inner][vc_row_inner kd_background_image_position=&#8221;vc_row-bg-position-top&#8221;][vc_column_inner][vc_empty_space height=&#8221;300px&#8221;][\/vc_column_inner][\/vc_row_inner][\/vc_column][\/vc_row][vc_row kd_background_image_position=&#8221;vc_row-bg-position-top&#8221;][vc_column]<header class=\"kd-section-title col-lg-12 text-center  subtitle-below-title   \" ><h2 class=\"separator_off\" >Weitere L\u00f6sungen<\/h2><\/header>[vc_empty_space][\/vc_column][\/vc_row][vc_row kd_background_image_position=&#8221;vc_row-bg-position-top&#8221;][vc_column width=&#8221;1\/4&#8243;][\/vc_column][vc_column width=&#8221;1\/4&#8243;][vc_single_image image=&#8221;6381&#8243; img_size=&#8221;medium&#8221;][vc_empty_space][vc_column_text]Die einfache Registrierkasse als Komplettsystem aus Hardware, Software und Sicherheitsmodul zum attraktiven Einmalpreis.[\/vc_column_text]<a  href=\"https:\/\/primasello.eu\/\"  target=\"_self\"  title=\"\"  class=\"tt_button tt_secondary_button btn_primary_color  btn-align-left button-action-link\" ><span class=\"prim_text\">primasello.eu<\/span><\/a>[vc_empty_space][\/vc_column][vc_column width=&#8221;1\/4&#8243;][vc_single_image image=&#8221;6385&#8243; img_size=&#8221;medium&#8221;][vc_empty_space][vc_column_text]Die einfache Art E\u2011Labels f\u00fcr Weine zu erstellen<\/p>\n<p>Ohne Vorkenntnisse in wenigen Minuten ein rechtssicheres E-Label zur Erf\u00fcllung der EU-Weinkennzeichnungsverordnung (2021\/2117) erstellen.[\/vc_column_text]<a  href=\"https:\/\/digi-label.eu\/\"  target=\"_self\"  title=\"\"  class=\"tt_button tt_secondary_button btn_primary_color  btn-align-left button-action-link\" ><span class=\"prim_text\">digi-label.eu<\/span><\/a>[\/vc_column][vc_column width=&#8221;1\/4&#8243;][\/vc_column][\/vc_row][vc_row kd_background_image_position=&#8221;vc_row-bg-position-top&#8221;][vc_column][vc_empty_space height=&#8221;100px&#8221;][\/vc_column][\/vc_row][vc_row full_width=&#8221;stretch_row&#8221; kd_background_image_position=&#8221;vc_row-bg-position-top&#8221; css=&#8221;.vc_custom_1617983237290{margin-top: -300px !important;margin-bottom: -50px !important;padding-top: 360px !important;padding-bottom: 150px !important;background-color: #0072bb !important;}&#8221; css_mobile=&#8221;.vc_custom_1617983237291{margin-top: -75px !important;padding-top: 100px !important;padding-bottom: 100px !important;}&#8221; css_tablet_portrait=&#8221;.vc_custom_1617983237291{margin-top: -150px !important;padding-top: 200px !important;padding-bottom: 120px !important;}&#8221;][vc_column]<header class=\"kd-section-title col-lg-8 vc_col-sm-8 text-center  subtitle-below-title    vc_custom_1617800090513\" ><h2 class=\"separator_off\" style=\"color: #ffffff;\">Sie haben Fragen oder m\u00f6chten ein pers\u00f6nliches Gespr\u00e4ch? Melden Sie sich bei uns, wir freuen uns darauf von Ihnen zu h\u00f6ren.<\/h2><\/header>[vc_empty_space]<a  href=\"https:\/\/asello.eu\/kontakt\/\"  target=\"_self\"  title=\"Zum Kontakt\"  class=\"tt_button tt_primary_button btn_secondary_color hover_solid_white button-center button-action-link icon_right\" ><span class=\"prim_text\">Kontakt<\/span><span class=\"fas fa-angle-right iconita\" ><\/span><\/a>[\/vc_column][\/vc_row]<\/p>\n<\/section>","protected":false},"excerpt":{"rendered":"<p>[vc_row full_width=&#8221;stretch_row_content_no_spaces&#8221; kd_background_image_position=&#8221;vc_row-bg-position-bottom&#8221; kd_fixed_background=&#8221;true&#8221; css=&#8221;.vc_custom_1617982855883{padding-bottom: 120px !important;background-image: url(https:\/\/asello.eu\/wp-content\/uploads\/2021\/04\/Header_Aboutus.jpg?id=1859) !important;background-position: center !important;background-repeat: no-repeat !important;background-size: cover !important;}&#8221; css_tablet_portrait=&#8221;.vc_custom_1617982855885{margin-top: 0px !important;}&#8221; css_mobile=&#8221;.vc_custom_1617982855886{margin-top: 0px [&hellip;]<\/p>\n","protected":false},"author":2,"featured_media":0,"parent":0,"menu_order":0,"comment_status":"closed","ping_status":"closed","template":"","meta":{"footnotes":""},"class_list":["post-565","page","type-page","status-publish","hentry"],"_links":{"self":[{"href":"https:\/\/asello.eu\/at\/wp-json\/wp\/v2\/pages\/565","targetHints":{"allow":["GET"]}}],"collection":[{"href":"https:\/\/asello.eu\/at\/wp-json\/wp\/v2\/pages"}],"about":[{"href":"https:\/\/asello.eu\/at\/wp-json\/wp\/v2\/types\/page"}],"author":[{"embeddable":true,"href":"https:\/\/asello.eu\/at\/wp-json\/wp\/v2\/users\/2"}],"replies":[{"embeddable":true,"href":"https:\/\/asello.eu\/at\/wp-json\/wp\/v2\/comments?post=565"}],"version-history":[{"count":14,"href":"https:\/\/asello.eu\/at\/wp-json\/wp\/v2\/pages\/565\/revisions"}],"predecessor-version":[{"id":6388,"href":"https:\/\/asello.eu\/at\/wp-json\/wp\/v2\/pages\/565\/revisions\/6388"}],"wp:attachment":[{"href":"https:\/\/asello.eu\/at\/wp-json\/wp\/v2\/media?parent=565"}],"curies":[{"name":"wp","href":"https:\/\/api.w.org\/{rel}","templated":true}]}}