{"id":4511,"date":"2022-02-10T09:46:22","date_gmt":"2022-02-10T08:46:22","guid":{"rendered":"https:\/\/asello.eu\/?page_id=4511"},"modified":"2022-02-14T09:26:58","modified_gmt":"2022-02-14T08:26:58","slug":"diebold-nixdorf","status":"publish","type":"page","link":"https:\/\/asello.eu\/at\/diebold-nixdorf\/","title":{"rendered":"Diebold Nixdorf"},"content":{"rendered":"<section class=\"wpb-content-wrapper\"><p>[vc_row full_width=&#8221;stretch_row&#8221; kd_background_image_position=&#8221;vc_row-bg-position-center&#8221; kd_image_overlay_color=&#8221;rgba(0,0,0,0.3)&#8221; kd_image_overlay=&#8221;true&#8221; css=&#8221;.vc_custom_1644487019394{padding-top: 310px !important;padding-bottom: 200px !important;background-image: url(https:\/\/asello.eu\/wp-content\/uploads\/2021\/07\/DN_Kasse.png?id=3876) !important;background-position: center !important;background-repeat: no-repeat !important;background-size: cover !important;}&#8221; css_mobile=&#8221;.vc_custom_1644487019395{padding-top: 150px !important;}&#8221; css_tablet_landscape=&#8221;.vc_custom_1644487019394{padding-top: 200px !important;}&#8221; css_tablet_portrait=&#8221;.vc_custom_1644487019395{padding-top: 150px !important;}&#8221;][vc_column css=&#8221;.vc_custom_1516115464846{padding-left: 0px !important;}&#8221;][vc_row_inner kd_background_image_position=&#8221;vc_row-bg-position-top&#8221;][vc_column_inner width=&#8221;1\/2&#8243; css=&#8221;.vc_custom_1644568352416{padding-top: 70px !important;}&#8221; offset=&#8221;vc_hidden-sm vc_hidden-xs&#8221;][\/vc_column_inner][vc_column_inner width=&#8221;1\/2&#8243; css=&#8221;.vc_custom_1644568520138{margin-bottom: 60px !important;}&#8221; offset=&#8221;vc_col-xs-12&#8243;]<header class=\"kd-section-title col-lg-12 text-right  subtitle-above-title kd-animated fadeIn action-title \" data-animation-delay=200><h6 class=\"subtitle\" style=\"color: #0072bb;\">AUSTAUSCH AKTION<\/h6><h1 class=\"separator_off\" style=\"color: #ffffff;font-size: 6em;margin-bottom:30px;\">Jetzt<\/h1><\/header><header class=\"kd-section-title col-lg-12 text-right  subtitle-above-title kd-animated fadeIn action-title  vc_custom_1644568961634\" data-animation-delay=200><h1 class=\"separator_off\" style=\"color: #ffffff;font-size: 7em;margin-bottom:30px;\">\u20ac 1000,-<\/h1><\/header><header class=\"kd-section-title col-lg-12 text-right  subtitle-above-title kd-animated fadeIn action-title \" data-animation-delay=200><h1 class=\"separator_off\" style=\"color: #ffffff;font-size: 6em;margin-bottom:30px;\">sparen<\/h1><\/header>[\/vc_column_inner][\/vc_row_inner][\/vc_column][\/vc_row][vc_row full_width=&#8221;stretch_row&#8221; kd_background_image_position=&#8221;vc_row-bg-position-top&#8221; css=&#8221;.vc_custom_1641908459231{padding-top: 100px !important;padding-bottom: 100px !important;background-color: #0072bb !important;}&#8221;][vc_column][vc_row_inner kd_background_image_position=&#8221;vc_row-bg-position-top&#8221;][vc_column_inner][vc_column_text]<\/p>\n<h3 style=\"text-align: center; color: #fff;\"><b>Trennen Sie sich von Ihrem alten Windows 10 Ger\u00e4t oder asello iPad Set und sparen Sie<\/b><\/h3>\n<p style=\"text-align: center; color: #fff; font-size: 4.5em; line-height: 150%; font-weight: bold;\">\u20ac 1000,-<\/p>\n<h3 style=\"text-align: center; color: #fff;\"><b>beim Kauf des Set-Angebots bestehend aus einem Diebold Nixdorf Beetle POS System inkl. Ger\u00e4te Setup und einem Karton BLUE4EST \u00d6ko Bonrollen.<\/b><\/h3>\n<p>[\/vc_column_text][vc_separator color=&#8221;white&#8221; css=&#8221;.vc_custom_1641915315657{padding-top: 50px !important;padding-bottom: 60px !important;}&#8221;][vc_column_text]<\/p>\n<p style=\"text-align: center; color: #fff;\">UVP: \u20ac 2657,00 &#8211; Aktionspreis: \u20ac 1657,00 | Alle Preise exkl. MwSt. | Aktion g\u00fcltig bis 15.03.2022<\/p>\n<p>[\/vc_column_text][\/vc_column_inner][\/vc_row_inner][\/vc_column][\/vc_row][vc_row full_width=&#8221;stretch_row&#8221; kd_background_image_position=&#8221;vc_row-bg-position-top&#8221; css=&#8221;.vc_custom_1598010898231{padding-top: 100px !important;padding-bottom: 100px !important;}&#8221;][vc_column][vc_row_inner kd_background_image_position=&#8221;vc_row-bg-position-top&#8221;][vc_column_inner]<header class=\"kd-section-title col-lg-8 vc_col-sm-8 text-center  subtitle-above-title kd-animated fadeIn   vc_custom_1644484568017\" data-animation-delay=200><h6 class=\"subtitle\" style=\"color: #0072bb;\">SO FUNKTIONIERTS<\/h6><h1 class=\"separator_off\" style=\"line-height: 52px;\">Der Austausch in 3 Schritten<\/h1><\/header>[\/vc_column_inner][\/vc_row_inner]\r\n            <div class=\"kd-process-steps process_three_elem process-number-template \">\r\n                <ul>\r\n                <li class=\"pss-item kd-animated fadeIn \" >\r\n                    <div class=\"pss-container\"><div class=\"pss-step-number\"><span >1<\/span><\/div><div class=\"pss-text-area\">\r\n                            <h5 >Kontakt<\/h5>\r\n                            <p >Melden Sie sich bei Ihrem Account-Manager oder f\u00fcllen Sie das Formular weiter unten aus. Gemeinsam kl\u00e4ren wir alle Details zu Ihrem neuen und alten Ger\u00e4t.<\/p><\/div>\r\n                    <\/div>\r\n                <\/li>\r\n                <li class=\"pss-item kd-animated fadeIn \" data-animation-delay=200>\r\n                    <div class=\"pss-container\"><div class=\"pss-step-number\"><span >2<\/span><\/div><div class=\"pss-text-area\">\r\n                            <h5 >Gutschrift<\/h5>\r\n                            <p >Sie erhalten von uns eine Rechnung f\u00fcr das auf dieser Seite beschriebene Angebots-Set mit der Gutschrift von \u20ac 1000,00. Nach der Zahlung ist der Auftrag abgeschlossen.<\/p><\/div>\r\n                    <\/div>\r\n                <\/li>\r\n                <li class=\"pss-item kd-animated fadeIn \" data-animation-delay=400>\r\n                    <div class=\"pss-container\"><div class=\"pss-step-number\"><span >3<\/span><\/div><div class=\"pss-text-area\">\r\n                            <h5 >Austausch<\/h5>\r\n                            <p >Sie erhalten Ihr neues vorinstalliertes DN Beetle POS System - inkl. einem Karton BLUE4EST \u00d6ko-Bonrollen - und geben uns Ihr altes Ger\u00e4t im Austausch retour.<\/p><\/div>\r\n                    <\/div>\r\n                <\/li><\/ul>\r\n            <\/div>[\/vc_column][\/vc_row][vc_row kd_background_image_position=&#8221;vc_row-bg-position-top&#8221;][vc_column][vc_row_inner kd_background_image_position=&#8221;vc_row-bg-position-top&#8221;][vc_column_inner css=&#8221;.vc_custom_1644568458525{margin-bottom: -300px !important;}&#8221; css_mobile=&#8221;.vc_custom_1644568458527{margin-bottom: -75px !important;}&#8221;][vc_single_image image=&#8221;4548&#8243; img_size=&#8221;full&#8221; alignment=&#8221;center&#8221;][\/vc_column_inner][\/vc_row_inner][\/vc_column][\/vc_row][vc_row full_width=&#8221;stretch_row&#8221; kd_background_image_position=&#8221;vc_row-bg-position-top&#8221; css=&#8221;.vc_custom_1641908459231{padding-top: 100px !important;padding-bottom: 100px !important;background-color: #0072bb !important;}&#8221;][vc_column][vc_row_inner kd_background_image_position=&#8221;vc_row-bg-position-top&#8221;][vc_column_inner width=&#8221;1\/6&#8243;][\/vc_column_inner][vc_column_inner width=&#8221;2\/3&#8243; css=&#8221;.vc_custom_1644568475647{padding-top: 250px !important;}&#8221; css_mobile=&#8221;.vc_custom_1644568475648{padding-top: 40px !important;}&#8221;][vc_column_text]<\/p>\n<h3 style=\"text-align: center; color: #fff;\">Bezahlvorg\u00e4nge unterliegen einem raschen Wandel und Checkout L\u00f6sungen spielen bei der modernen Consumer-Journey eine wichtige Rolle.<\/h3>\n<p style=\"text-align: center; color: #fff;\">Der innovative BEETLE ist ein POS System mit 15,6\u201d gro\u00dfem Touchscreen und staubfreiem, l\u00fcfterlosen Systemdesign, das in der Branche neue Ma\u00dfst\u00e4be setzt.<\/p>\n<p style=\"text-align: center; color: #fff;\">Der in Neigung und H\u00f6he verstellbare Desktop-Standfu\u00df, der verbesserte Betrachtungswinkel, die blendfreie Displayoberfl\u00e4che und das hellere, kontrastreiche Full-HD- LCD-Panel erm\u00f6glichen individuelle Anpassungen, reduzieren Lichtreflexionen und verbessern das Benutzererlebnis.<\/p>\n<p>[\/vc_column_text][vc_separator color=&#8221;white&#8221; css=&#8221;.vc_custom_1641915315657{padding-top: 50px !important;padding-bottom: 60px !important;}&#8221;]<div class=\"kd-price-block kd-animated fadeInUp\"  ><div class=\"pb-content-wrap\"><h5 style=\"color: #ffffff;\">DN Beetle POS System<\/h5><div class=\"pb-dots\"><\/div><div class=\"pb-pricing-wrap\"><h5 class=\"pb-price\" style=\"color: #ffffff;\">2490,00<span class=\"pb-currency\">&#128;<\/span><\/h5><\/div><\/div><div class=\"pb-desc-wrap\" ><\/div>\r\n            <\/div><div class=\"kd-price-block kd-animated fadeInUp\"  ><div class=\"pb-content-wrap\"><h5 style=\"color: #ffffff;\">Ger\u00e4te Setup<\/h5><div class=\"pb-dots\"><\/div><div class=\"pb-pricing-wrap\"><h5 class=\"pb-price\" style=\"color: #ffffff;\">49,00<span class=\"pb-currency\">&#128;<\/span><\/h5><\/div><\/div><div class=\"pb-desc-wrap\" ><\/div>\r\n            <\/div><div class=\"kd-price-block kd-animated fadeInUp\"  ><div class=\"pb-content-wrap\"><h5 style=\"color: #ffffff;\">Karton BLUE4EST \u00d6ko Bonrollen<\/h5><div class=\"pb-dots\"><\/div><div class=\"pb-pricing-wrap\"><h5 class=\"pb-price\" style=\"color: #ffffff;\">118,00<span class=\"pb-currency\">&#128;<\/span><\/h5><\/div><\/div><div class=\"pb-desc-wrap\" ><\/div>\r\n            <\/div>[vc_separator color=&#8221;white&#8221; css=&#8221;.vc_custom_1641915315657{padding-top: 50px !important;padding-bottom: 60px !important;}&#8221;]<div class=\"kd-price-block kd-animated fadeInUp\"  ><div class=\"pb-content-wrap\"><h5 style=\"color: #ffffff;\">Summe im Set<\/h5><div class=\"pb-dots\"><\/div><div class=\"pb-pricing-wrap\"><h5 class=\"pb-price\" style=\"color: #ffffff;\">2657,00<span class=\"pb-currency\">&#128;<\/span><\/h5><\/div><\/div><div class=\"pb-desc-wrap\" ><\/div>\r\n            <\/div><div class=\"kd-price-block kd-animated fadeInUp\"  ><div class=\"pb-content-wrap\"><h5 style=\"color: #ffffff;\">Gutschrift<\/h5><div class=\"pb-dots\"><\/div><div class=\"pb-pricing-wrap\"><h5 class=\"pb-price\" style=\"color: #ffffff;\">- 1000,00<span class=\"pb-currency\">&#128;<\/span><\/h5><\/div><\/div><div class=\"pb-desc-wrap\" ><\/div>\r\n            <\/div>[vc_separator color=&#8221;white&#8221; css=&#8221;.vc_custom_1641915315657{padding-top: 50px !important;padding-bottom: 60px !important;}&#8221;]<div class=\"kd-price-block kd-animated fadeInUp  bigger-price-row\"  ><div class=\"pb-content-wrap\"><h5 style=\"color: #ffffff;\">Set-Angebot<\/h5><div class=\"pb-dots\"><\/div><div class=\"pb-pricing-wrap\"><h5 class=\"pb-price\" style=\"color: #ffffff;\">1657,00<span class=\"pb-currency\">&#128;<\/span><\/h5><\/div><\/div><div class=\"pb-desc-wrap\" ><\/div>\r\n            <\/div>[vc_separator color=&#8221;white&#8221; css=&#8221;.vc_custom_1641915315657{padding-top: 50px !important;padding-bottom: 60px !important;}&#8221;][vc_column_text]<\/p>\n<p style=\"text-align: center; color: #fff;\">Alle Preise exkl. MwSt. | Aktion g\u00fcltig bis 15.03.2022<\/p>\n<p>[\/vc_column_text][\/vc_column_inner][vc_column_inner width=&#8221;1\/6&#8243;][\/vc_column_inner][\/vc_row_inner][\/vc_column][\/vc_row][vc_row full_width=&#8221;stretch_row&#8221; kd_background_image_position=&#8221;vc_row-bg-position-top&#8221; kd_background_overlay=&#8221;true&#8221; css=&#8221;.vc_custom_1641908401475{padding-top: 100px !important;padding-bottom: 100px !important;background-color: #ffffff !important;}&#8221; css_tablet_portrait=&#8221;.vc_custom_1641908401476{padding-bottom: 35px !important;}&#8221; css_mobile=&#8221;.vc_custom_1641908401477{padding-bottom: 35px !important;}&#8221; css_tablet_landscape=&#8221;.vc_custom_1641908401476{padding-bottom: 35px !important;}&#8221;][vc_column css=&#8221;.vc_custom_1516115464846{padding-left: 0px !important;}&#8221;][vc_row_inner kd_background_image_position=&#8221;vc_row-bg-position-top&#8221;][vc_column_inner]<header class=\"kd-section-title col-lg-8 vc_col-sm-8 text-center  subtitle-above-title kd-animated fadeIn   vc_custom_1644486660722\" data-animation-delay=200><h6 class=\"subtitle\" style=\"color: #0072bb;\">AUSTAUSCH AKTION<\/h6><h1 class=\"separator_off\" style=\"line-height: 52px;\">Jetzt Austausch anfordern<\/h1><\/header>[\/vc_column_inner][\/vc_row_inner][vc_row_inner kd_background_image_position=&#8221;vc_row-bg-position-top&#8221;][vc_column_inner width=&#8221;1\/4&#8243;][\/vc_column_inner][vc_column_inner width=&#8221;1\/2&#8243;][vc_column_text]<\/p>\n<div class=\"pipedriveWebForms\" data-pd-webforms=\"https:\/\/webforms.pipedrive.com\/f\/2VMMLmnq3U0IQWXNPwniITpK1cvybtA25sz6yCXtpUGK1GiA2SaojoXEX6qFPJB75\"><script src=\"https:\/\/webforms.pipedrive.com\/f\/loader\"><\/script><\/div>\n<p>[\/vc_column_text][\/vc_column_inner][vc_column_inner width=&#8221;1\/4&#8243;][\/vc_column_inner][\/vc_row_inner][\/vc_column][\/vc_row][vc_row full_width=&#8221;stretch_row&#8221; kd_background_image_position=&#8221;vc_row-bg-position-top&#8221; css=&#8221;.vc_custom_1644486541336{margin-bottom: -50px !important;background-color: #eeeeee !important;}&#8221;][vc_column css=&#8221;.vc_custom_1644485353626{padding-top: 100px !important;padding-right: 0px !important;padding-bottom: 50px !important;padding-left: 0px !important;}&#8221;][vc_row_inner kd_background_image_position=&#8221;vc_row-bg-position-top&#8221;][vc_column_inner]<header class=\"kd-section-title col-lg-8 vc_col-sm-8 text-center  subtitle-above-title kd-animated fadeIn   vc_custom_1644486681085\" data-animation-delay=200><h6 class=\"subtitle\" style=\"color: #0072bb;\">FAQ<\/h6><h1 class=\"separator_off\" style=\"line-height: 52px;\">Antworten auf Ihre Fragen<\/h1><\/header>[\/vc_column_inner][\/vc_row_inner][vc_row_inner gap=&#8221;30&#8243; kd_background_image_position=&#8221;vc_row-bg-position-top&#8221; css=&#8221;.vc_custom_1598625238681{padding-bottom: 50px !important;}&#8221;][vc_column_inner width=&#8221;1\/2&#8243; css=&#8221;.vc_custom_1644485301059{padding-right: 0px !important;padding-left: 0px !important;}&#8221; offset=&#8221;vc_col-lg-6 vc_col-md-12&#8243;][vc_toggle title=&#8221;Welche alten Ger\u00e4te kann ich tauschen?&#8221; css_animation=&#8221;none&#8221;]Es k\u00f6nnen alle funktionieren Touch-Kassen mit Windows 10 oder neuer, sowie asello iPad Sets der 6. und 7. Generation (iPad, St\u00e4nder und Drucker) getauscht werden.[\/vc_toggle][vc_toggle title=&#8221;Gilt die Aktion auch f\u00fcr andere Ger\u00e4te?&#8221;]Nein. Die Gutschrift wird von Diebold Nixdorf gef\u00f6rdert und ist an das DN Beetle POS System gebunden.[\/vc_toggle][vc_toggle title=&#8221;Kann ich die Aktion nur einmal nutzen?&#8221;]Nat\u00fcrlich nicht. Sie k\u00f6nnen gerne auch mehrere DN Beetle POS Systeme erwerben und gegen alte Ger\u00e4te tauschen. F\u00fcr jede Bestellung mit R\u00fcckgabe eines alten Ger\u00e4tes erhalten Sie das volle Set-Angebot mit der vollen Ersparnis. Allerdings nur solange der Vorrat reicht.[\/vc_toggle][\/vc_column_inner][vc_column_inner width=&#8221;1\/2&#8243; css=&#8221;.vc_custom_1644485306556{padding-right: 0px !important;padding-left: 0px !important;}&#8221; offset=&#8221;vc_col-lg-6 vc_col-md-12&#8243;][vc_toggle title=&#8221;Kann ich auch nur einen Teil des Sets verg\u00fcnstigt bestellen?&#8221;]Nein. Die Aktion ist nur im vollen oben dargestellten Umfang m\u00f6glich.[\/vc_toggle][vc_toggle title=&#8221;Wie lange gilt die Austausch-Aktion?&#8221;]Die Austausch-Aktion ist bis 15.03.2022 g\u00fcltig. Alle Anfragen bis zu diesem Datum werden bearbeitet.<\/p>\n<p><strong>Aber aufgepasst:<\/strong> Es ist nur eine begrenzte St\u00fcckzahl der Diebold Nixdorf Beetle POS Systeme verf\u00fcgbar. Also gilt: Wer zuerst kommt, erwischt den Bonus.[\/vc_toggle][vc_toggle title=&#8221;Gilt die Aktion nur f\u00fcr bestehende Kunden?&#8221;]Nein. Jeder kann von der Aktion profitieren! Auch Neukunden k\u00f6nnen den Umtausch in Anspruch nehmen.[\/vc_toggle][\/vc_column_inner][\/vc_row_inner][\/vc_column][\/vc_row]<\/p>\n<\/section>","protected":false},"excerpt":{"rendered":"<p>[vc_row full_width=&#8221;stretch_row&#8221; kd_background_image_position=&#8221;vc_row-bg-position-center&#8221; kd_image_overlay_color=&#8221;rgba(0,0,0,0.3)&#8221; kd_image_overlay=&#8221;true&#8221; css=&#8221;.vc_custom_1644487019394{padding-top: 310px !important;padding-bottom: 200px !important;background-image: url(https:\/\/asello.eu\/wp-content\/uploads\/2021\/07\/DN_Kasse.png?id=3876) !important;background-position: center !important;background-repeat: no-repeat !important;background-size: cover !important;}&#8221; css_mobile=&#8221;.vc_custom_1644487019395{padding-top: 150px [&hellip;]<\/p>\n","protected":false},"author":1,"featured_media":0,"parent":0,"menu_order":0,"comment_status":"closed","ping_status":"closed","template":"","meta":{"footnotes":""},"class_list":["post-4511","page","type-page","status-publish","hentry"],"_links":{"self":[{"href":"https:\/\/asello.eu\/at\/wp-json\/wp\/v2\/pages\/4511","targetHints":{"allow":["GET"]}}],"collection":[{"href":"https:\/\/asello.eu\/at\/wp-json\/wp\/v2\/pages"}],"about":[{"href":"https:\/\/asello.eu\/at\/wp-json\/wp\/v2\/types\/page"}],"author":[{"embeddable":true,"href":"https:\/\/asello.eu\/at\/wp-json\/wp\/v2\/users\/1"}],"replies":[{"embeddable":true,"href":"https:\/\/asello.eu\/at\/wp-json\/wp\/v2\/comments?post=4511"}],"version-history":[{"count":92,"href":"https:\/\/asello.eu\/at\/wp-json\/wp\/v2\/pages\/4511\/revisions"}],"predecessor-version":[{"id":4608,"href":"https:\/\/asello.eu\/at\/wp-json\/wp\/v2\/pages\/4511\/revisions\/4608"}],"wp:attachment":[{"href":"https:\/\/asello.eu\/at\/wp-json\/wp\/v2\/media?parent=4511"}],"curies":[{"name":"wp","href":"https:\/\/api.w.org\/{rel}","templated":true}]}}