{"id":3935,"date":"2021-07-15T14:06:28","date_gmt":"2021-07-15T12:06:28","guid":{"rendered":"https:\/\/asello.eu\/?page_id=3935"},"modified":"2021-08-02T11:09:57","modified_gmt":"2021-08-02T09:09:57","slug":"hardware","status":"publish","type":"page","link":"https:\/\/asello.eu\/at\/produkte\/hardware\/","title":{"rendered":"HARDWARE"},"content":{"rendered":"<section class=\"wpb-content-wrapper\"><p>[vc_row full_width=&#8221;stretch_row&#8221; kd_background_image_position=&#8221;vc_row-bg-position-bottom&#8221; css=&#8221;.vc_custom_1626350898823{padding-top: 200px !important;padding-bottom: 0px !important;background-image: url(https:\/\/asello.eu\/wp-content\/uploads\/2021\/07\/Hardware.png?id=3832) !important;background-position: center !important;background-repeat: no-repeat !important;background-size: cover !important;}&#8221; css_tablet_portrait=&#8221;.vc_custom_1626350898824{padding-top: 50px !important;padding-bottom: 100px !important;}&#8221; css_mobile=&#8221;.vc_custom_1626350898824{padding-top: 50px !important;padding-bottom: 100px !important;}&#8221; css_tablet_landscape=&#8221;.vc_custom_1626350898824{padding-top: 100px !important;}&#8221;][vc_column][vc_row_inner kd_background_image_position=&#8221;vc_row-bg-position-top&#8221;][vc_column_inner width=&#8221;5\/12&#8243; css=&#8221;.vc_custom_1618316065859{margin-left: 0px !important;padding-top: 40px !important;padding-right: 0px !important;padding-bottom: 80px !important;padding-left: 0px !important;}&#8221; offset=&#8221;vc_col-lg-5 vc_col-md-12 vc_hidden-sm vc_hidden-xs&#8221; css_tablet_portrait=&#8221;.vc_custom_1618316065860{padding-top: 0px !important;padding-right: 0px !important;padding-bottom: 0px !important;padding-left: 0px !important;}&#8221; css_mobile=&#8221;.vc_custom_1618316065861{padding-top: 0px !important;padding-right: 0px !important;padding-bottom: 0px !important;padding-left: 0px !important;}&#8221;]<header class=\"kd-section-title col-lg-12 text-left  subtitle-below-title kd-animated fadeIn   vc_custom_1627895391155\" data-animation-delay=200><h1 class=\"separator_off\" style=\"color: #ffffff;font-size: 60px;line-height: 70px;margin-bottom:30px;\">Qualitativ.<br \/>\nRobust.<br \/>\nKompakt.<\/h1><h6 class=\"subtitle\" style=\"color: #f2f2f2;\">Um alle asello Produkte perfekt nutzten zu k\u00f6nnen, m\u00fcssen auch die verwendeten Ger\u00e4te auf die Anforderungen angepasst werden. asello bietet deshalb auch Hardware f\u00fcr den Point of Sale an. Desweiteren statten wir Unternehmen mit zus\u00e4tzlichem Zubeh\u00f6r, WLAN Netzwerken oder Videosystemen aus.<\/h6><\/header><a   class=\"tt_button tt_primary_button btn_primary_color hover_solid_white btn-align-left panel-trigger-btn icon_right  vc_custom_1626766507543 kd-animated zoomIn long-button-mobil\" data-animation-delay=200><span class=\"prim_text\">Expertengespr\u00e4ch vereinbaren<\/span><span class=\"fas fa-chevron-right iconita\" ><\/span><\/a>[\/vc_column_inner][vc_column_inner width=&#8221;7\/12&#8243; css=&#8221;.vc_custom_1626784836550{padding-right: 0px !important;padding-left: 0px !important;}&#8221; offset=&#8221;vc_col-lg-7 vc_col-md-12 vc_hidden-sm vc_hidden-xs&#8221; css_tablet_portrait=&#8221;.vc_custom_1626784836551{margin-left: -90px !important;}&#8221; css_mobile=&#8221;.vc_custom_1626784836551{margin-left: -35px !important;}&#8221; css_tablet_landscape=&#8221;.vc_custom_1626784836551{margin-right: -350px !important;padding-top: 50px !important;}&#8221;][vc_single_image image=&#8221;4178&#8243; img_size=&#8221;large&#8221; alignment=&#8221;right&#8221; css_animation=&#8221;fadeIn&#8221; css=&#8221;.vc_custom_1626784765047{margin-right: -200px !important;padding-top: 70px !important;padding-left: 0px !important;}&#8221;]<div class=\"kd-shapes shape_dots  kd-animated fadeIn\" style=\"top: 8px;left: 48px;width: 250px;height: 250px;background-color: rgba(255,255,255,0.4);\"  data-animation-delay=800><\/div>[\/vc_column_inner][\/vc_row_inner][vc_row_inner kd_background_image_position=&#8221;vc_row-bg-position-top&#8221; css_mobile=&#8221;.vc_custom_1618316589958{margin-top: -75px !important;}&#8221;][vc_column_inner offset=&#8221;vc_col-lg-5 vc_hidden-lg vc_col-md-12 vc_hidden-md&#8221; css_tablet_portrait=&#8221;.vc_custom_1618316171521{padding-top: 40px !important;padding-bottom: 40px !important;}&#8221; css_mobile=&#8221;.vc_custom_1618316171521{padding-top: 40px !important;padding-bottom: 40px !important;}&#8221;]<header class=\"kd-section-title col-lg-12 text-left  subtitle-below-title kd-animated fadeIn   vc_custom_1627895395236\" data-animation-delay=200><h1 class=\"separator_off\" style=\"color: #ffffff;font-size: 60px;line-height: 70px;margin-bottom:30px;\">Qualitativ.<br \/>\nRobust.<br \/>\nKompakt.<\/h1><\/header>[vc_single_image image=&#8221;4178&#8243; img_size=&#8221;large&#8221; alignment=&#8221;right&#8221; css_animation=&#8221;fadeIn&#8221; css=&#8221;.vc_custom_1626784698743{margin-right: -150px !important;margin-left: -20px !important;}&#8221;]<header class=\"kd-section-title col-lg-12 text-left  subtitle-below-title kd-animated fadeIn   vc_custom_1626784721899\" data-animation-delay=200><h6 class=\"subtitle\" style=\"color: #f2f2f2;\">Um alle asello Produkte perfekt nutzten zu k\u00f6nnen, m\u00fcssen auch die verwendeten Ger\u00e4te auf die Anforderungen angepasst werden. asello bietet deshalb auch Hardware f\u00fcr den Point of Sale an. Desweiteren statten wir Unternehmen mit zus\u00e4tzlichem Zubeh\u00f6r, WLAN Netzwerken oder Videosystemen aus.<\/h6><\/header><a   class=\"tt_button tt_primary_button btn_primary_color hover_solid_white btn-align-left panel-trigger-btn icon_right  vc_custom_1618316895110 kd-animated zoomIn long-button-mobil\" data-animation-delay=200><span class=\"prim_text\">Expertengespr\u00e4ch vereinbaren<\/span><span class=\"fas fa-chevron-right iconita\" ><\/span><\/a><div class=\"kd-shapes shape_dots  kd-animated fadeIn\" style=\"top: 8px;left: 48px;width: 126px;height: 122px;background-color: #2b9fc7;\"  data-animation-delay=800><\/div>[\/vc_column_inner][\/vc_row_inner][\/vc_column][\/vc_row][vc_row full_width=&#8221;stretch_row&#8221; kd_background_image_position=&#8221;vc_row-bg-position-top&#8221; css=&#8221;.vc_custom_1618317195415{padding-top: 100px !important;padding-bottom: 50px !important;}&#8221; css_mobile=&#8221;.vc_custom_1618317195417{padding-top: 50px !important;padding-bottom: 0px !important;}&#8221; css_tablet_portrait=&#8221;.vc_custom_1618317195416{padding-top: 50px !important;padding-bottom: 0px !important;}&#8221;][vc_column css=&#8221;.vc_custom_1620040376969{padding-right: 0px !important;padding-left: 0px !important;}&#8221; css_mobile=&#8221;.vc_custom_1620040376971{margin-right: 0px !important;margin-left: 0px !important;padding-right: 0px !important;padding-left: 0px !important;}&#8221;]<header class=\"kd-section-title col-lg-12 text-center  subtitle-above-title kd-animated fadeIn   vc_custom_1626351356702\" data-animation-delay=200><h6 class=\"subtitle\" style=\"color: #0072bb;\">TOP FEATURES<\/h6><h1 class=\"separator_off\" style=\"line-height: 52px;\">Die Vorteile von aselloHARDWARE<\/h1><\/header>[vc_row_inner kd_background_image_position=&#8221;vc_row-bg-position-top&#8221; css=&#8221;.vc_custom_1598637844246{padding-bottom: 30px !important;}&#8221; css_tablet_portrait=&#8221;.vc_custom_1598637844247{padding-bottom: 0px !important;}&#8221; css_mobile=&#8221;.vc_custom_1598637844248{padding-bottom: 0px !important;}&#8221; css_tablet_landscape=&#8221;.vc_custom_1598637844247{padding-bottom: 0px !important;}&#8221;][vc_column_inner width=&#8221;1\/2&#8243;]<div class=\"key-icon-box icon-default icon-left cont-left ib-hover-2 with-shadow    icon-no-background icon-no-border kd-animated fadeInUp\" style=\"background-color: transparent;\" data-animation-delay=200><div class=\"ib-wrapper\" style=\"padding-top:45px;padding-bottom:45px;padding-left:35px;padding-right:35px;\"><div class=\"ib-simple-icon-wrapper\" ><i class=\"iconsmind-Yes iconsmind-Interface\" style=\"font-size: 40px;font-weight: 400;\"><\/i> <\/div><h5 class=\"service-heading\" >KOMPATIBEL<\/h5><p style=\"font-size: 17px;\">Nutzten Sie unsere Erfahrung und setzten auf von uns angebotene Hardware f\u00fcr die perfekt Verwendung der asello Produkte.<\/p><\/div><\/div>[\/vc_column_inner][vc_column_inner width=&#8221;1\/2&#8243;]<div class=\"key-icon-box icon-default icon-left cont-left ib-hover-2 with-shadow    icon-no-background icon-no-border kd-animated fadeInUp\" style=\"background-color: transparent;\" data-animation-delay=200><div class=\"ib-wrapper\" style=\"padding-top:45px;padding-bottom:45px;padding-left:35px;padding-right:35px;\"><div class=\"ib-simple-icon-wrapper\" ><i class=\"iconsmind-Business-ManWoman iconsmind-People\" style=\"font-size: 40px;font-weight: 400;\"><\/i> <\/div><h5 class=\"service-heading\" >FULLSERVICE<\/h5><p style=\"font-size: 17px;\">Setzten Sie auf einen Partner mit dem Sie Ihren Point of Sales auf ein neues Level bringen.<\/p><\/div><\/div>[\/vc_column_inner][\/vc_row_inner][\/vc_column][\/vc_row][vc_row full_width=&#8221;stretch_row&#8221; content_placement=&#8221;middle&#8221; parallax=&#8221;content-moving&#8221; parallax_speed_bg=&#8221;&#8221; kd_background_image_position=&#8221;vc_row-bg-position-center&#8221; kd_image_overlay_color=&#8221;rgba(3,15,39,0.4)&#8221; kd_fixed_background=&#8221;true&#8221; kd_image_overlay=&#8221;true&#8221; css=&#8221;.vc_custom_1626785820172{padding-top: 120px !important;padding-bottom: 120px !important;background-image: url(https:\/\/asello.eu\/wp-content\/uploads\/2021\/07\/Online-Shop.jpg?id=4185) !important;background-position: center;background-repeat: no-repeat !important;background-size: cover !important;}&#8221;][vc_column][vc_row_inner kd_background_image_position=&#8221;vc_row-bg-position-top&#8221;][vc_column_inner]<header class=\"kd-section-title col-lg-8 vc_col-sm-8 text-center  subtitle-above-title kd-animated fadeIn   vc_custom_1626352697892\" data-animation-delay=200><h6 class=\"subtitle\" style=\"color: #0072bb;\">SHOP<\/h6><h1 class=\"separator_off\" style=\"color: #ffffff;line-height: 52px;\">Finden Sie die passende Hardware im asello Shop.<\/h1><\/header><a  href=\"https:\/\/shop.asello.eu\/\"  target=\"_blank\"  title=\"shop.asello\"  class=\"tt_button tt_primary_button btn_primary_color hover_solid_white button-center button-action-link icon_right  kd-animated zoomIn\" data-animation-delay=200><span class=\"prim_text\">asello Shop<\/span><span class=\"fas fa-chevron-right iconita\" style=\"font-size:12px;\"><\/span><\/a>[\/vc_column_inner][\/vc_row_inner][\/vc_column][\/vc_row][vc_row kd_background_image_position=&#8221;vc_row-bg-position-top&#8221; css=&#8221;.vc_custom_1620199920779{padding-top: 150px !important;padding-bottom: 150px !important;}&#8221; css_mobile=&#8221;.vc_custom_1620199920780{padding-top: 100px !important;}&#8221; css_tablet_portrait=&#8221;.vc_custom_1620199920779{padding-top: 100px !important;}&#8221;][vc_column]<header class=\"kd-section-title col-lg-8 vc_col-sm-8 text-center  subtitle-above-title kd-animated fadeIn   vc_custom_1626351481206\" data-animation-delay=200><h6 class=\"subtitle\" style=\"color: #0072bb;\">SUCCESS STORIES<\/h6><h1 class=\"separator_off\" style=\"line-height: 52px;\">Entdecken Sie wie unsere Kunden aselloHARDWARE erfolgreich einsetzten<\/h1><\/header>[vc_basic_grid post_type=&#8221;portfolio&#8221; max_items=&#8221;6&#8243; style=&#8221;pagination&#8221; items_per_page=&#8221;3&#8243; paging_design=&#8221;point_dots&#8221; paging_color=&#8221;mulled_wine&#8221; loop=&#8221;yes&#8221; autoplay=&#8221;8&#8243; grid_id=&#8221;vc_gid:1627894991728-d3ccfadd-4467-4&#8243; taxonomies=&#8221;21&#8243;][\/vc_column][\/vc_row][vc_row full_width=&#8221;stretch_row&#8221; kd_background_image_position=&#8221;vc_row-bg-position-top&#8221; css_mobile=&#8221;.vc_custom_1626780323465{padding-right: 30px !important;padding-left: 30px !important;}&#8221; css=&#8221;.vc_custom_1626780323464{margin-bottom: -50px !important;padding-top: 100px !important;padding-bottom: 100px !important;background-color: #06283e !important;}&#8221; css_tablet_portrait=&#8221;.vc_custom_1626780323465{padding-right: 30px !important;padding-left: 30px !important;}&#8221;][vc_column width=&#8221;1\/6&#8243;][\/vc_column][vc_column width=&#8221;2\/3&#8243;]<header class=\"kd-section-title col-lg-12 text-center  subtitle-above-title kd-animated fadeIn   vc_custom_1618304627817\" data-animation-delay=200><h6 class=\"subtitle\" style=\"color: #cccccc;\">INDIVIDUELLE SOFTWARE<\/h6><h1 class=\"separator_off\" style=\"color: #ffffff;line-height: 52px;\">Gemeinsam finden wir f\u00fcr jede Situation die passende L\u00f6sung.<\/h1><\/header>[vc_column_text]<\/p>\n<p style=\"text-align: center; color: #cccccc; font-size: 1.2em;\">Sie sind sich nicht sicher welche Hardware zu Ihnen passt? Sprechen Sie mit unseren Experten \u00fcber Ihr Vorhaben &#8211; wir beraten Sie gerne.<\/p>\n<p>[\/vc_column_text][vc_empty_space]<a   class=\"tt_button tt_primary_button btn_primary_color hover_solid_white button-center panel-trigger-btn    long-button-mobil\" ><span class=\"prim_text\">Expertengespr\u00e4ch vereinbaren<\/span><\/a>[\/vc_column][vc_column width=&#8221;1\/6&#8243;][\/vc_column][\/vc_row]<\/p>\n<\/section>","protected":false},"excerpt":{"rendered":"<p>[vc_row full_width=&#8221;stretch_row&#8221; kd_background_image_position=&#8221;vc_row-bg-position-bottom&#8221; css=&#8221;.vc_custom_1626350898823{padding-top: 200px !important;padding-bottom: 0px !important;background-image: url(https:\/\/asello.eu\/wp-content\/uploads\/2021\/07\/Hardware.png?id=3832) !important;background-position: center !important;background-repeat: no-repeat !important;background-size: cover !important;}&#8221; css_tablet_portrait=&#8221;.vc_custom_1626350898824{padding-top: 50px !important;padding-bottom: 100px [&hellip;]<\/p>\n","protected":false},"author":3,"featured_media":0,"parent":78,"menu_order":0,"comment_status":"closed","ping_status":"closed","template":"","meta":{"footnotes":""},"class_list":["post-3935","page","type-page","status-publish","hentry"],"_links":{"self":[{"href":"https:\/\/asello.eu\/at\/wp-json\/wp\/v2\/pages\/3935","targetHints":{"allow":["GET"]}}],"collection":[{"href":"https:\/\/asello.eu\/at\/wp-json\/wp\/v2\/pages"}],"about":[{"href":"https:\/\/asello.eu\/at\/wp-json\/wp\/v2\/types\/page"}],"author":[{"embeddable":true,"href":"https:\/\/asello.eu\/at\/wp-json\/wp\/v2\/users\/3"}],"replies":[{"embeddable":true,"href":"https:\/\/asello.eu\/at\/wp-json\/wp\/v2\/comments?post=3935"}],"version-history":[{"count":27,"href":"https:\/\/asello.eu\/at\/wp-json\/wp\/v2\/pages\/3935\/revisions"}],"predecessor-version":[{"id":4314,"href":"https:\/\/asello.eu\/at\/wp-json\/wp\/v2\/pages\/3935\/revisions\/4314"}],"up":[{"embeddable":true,"href":"https:\/\/asello.eu\/at\/wp-json\/wp\/v2\/pages\/78"}],"wp:attachment":[{"href":"https:\/\/asello.eu\/at\/wp-json\/wp\/v2\/media?parent=3935"}],"curies":[{"name":"wp","href":"https:\/\/api.w.org\/{rel}","templated":true}]}}