{"id":3888,"date":"2021-07-15T11:25:48","date_gmt":"2021-07-15T09:25:48","guid":{"rendered":"https:\/\/asello.eu\/?page_id=3888"},"modified":"2021-08-02T11:03:48","modified_gmt":"2021-08-02T09:03:48","slug":"wawi","status":"publish","type":"page","link":"https:\/\/asello.eu\/at\/produkte\/wawi\/","title":{"rendered":"WAWI"},"content":{"rendered":"<section class=\"wpb-content-wrapper\"><p>[vc_row full_width=&#8221;stretch_row&#8221; kd_background_image_position=&#8221;vc_row-bg-position-bottom&#8221; css=&#8221;.vc_custom_1626350501170{padding-top: 200px !important;padding-bottom: 0px !important;background-image: url(https:\/\/asello.eu\/wp-content\/uploads\/2021\/07\/WAWI.png?id=3827) !important;background-position: center !important;background-repeat: no-repeat !important;background-size: cover !important;}&#8221; css_tablet_portrait=&#8221;.vc_custom_1626350501171{padding-top: 50px !important;padding-bottom: 100px !important;}&#8221; css_mobile=&#8221;.vc_custom_1626350501171{padding-top: 50px !important;padding-bottom: 100px !important;}&#8221; css_tablet_landscape=&#8221;.vc_custom_1626350501170{padding-top: 100px !important;}&#8221;][vc_column][vc_row_inner kd_background_image_position=&#8221;vc_row-bg-position-top&#8221;][vc_column_inner width=&#8221;5\/12&#8243; css=&#8221;.vc_custom_1618316065859{margin-left: 0px !important;padding-top: 40px !important;padding-right: 0px !important;padding-bottom: 80px !important;padding-left: 0px !important;}&#8221; offset=&#8221;vc_col-lg-5 vc_col-md-12 vc_hidden-sm vc_hidden-xs&#8221; css_tablet_portrait=&#8221;.vc_custom_1618316065860{padding-top: 0px !important;padding-right: 0px !important;padding-bottom: 0px !important;padding-left: 0px !important;}&#8221; css_mobile=&#8221;.vc_custom_1618316065861{padding-top: 0px !important;padding-right: 0px !important;padding-bottom: 0px !important;padding-left: 0px !important;}&#8221;]<header class=\"kd-section-title col-lg-12 text-left  subtitle-below-title kd-animated fadeIn   vc_custom_1627643401354\" data-animation-delay=200><h1 class=\"separator_off\" style=\"color: #ffffff;font-size: 60px;line-height: 70px;margin-bottom:30px;\">Organisiert.<br \/>\nEffizient.<br \/>\nFlexibel.<\/h1><h6 class=\"subtitle\" style=\"color: #f2f2f2;\">aselloWAWI ist ein Warenwirtschaftssystem, welches mit der Kasse verbunden ist und so eine einfache Verwaltung des Warenstroms f\u00fcr Betriebe erm\u00f6glicht. Dabei werden alle Teilbereiche vom Einkauf \u00fcber die Lagerverwaltung bis zum Verkauf abgedeckt - inklusive Schnittstellen f\u00fcr die Buchhaltung, Shopsysteme<\/h6><\/header><a  href=\"https:\/\/asello.eu\/online-termin\/\"  target=\"_self\"  title=\"Online-Termin\"  class=\"tt_button tt_primary_button btn_primary_color hover_solid_white btn-align-left button-action-link icon_right  vc_custom_1627653940755 kd-animated zoomIn long-button-mobil\" data-animation-delay=200><span class=\"prim_text\">Expertengespr\u00e4ch vereinbaren<\/span><span class=\"fas fa-chevron-right iconita\" ><\/span><\/a>[\/vc_column_inner][vc_column_inner width=&#8221;7\/12&#8243; css=&#8221;.vc_custom_1622447095864{padding-right: 0px !important;padding-left: 0px !important;}&#8221; offset=&#8221;vc_col-lg-7 vc_col-md-12 vc_hidden-sm vc_hidden-xs&#8221; css_tablet_portrait=&#8221;.vc_custom_1622447095865{margin-left: -90px !important;}&#8221; css_mobile=&#8221;.vc_custom_1622447095866{margin-left: -35px !important;}&#8221; css_tablet_landscape=&#8221;.vc_custom_1622447095865{margin-top: -90px !important;margin-right: -350px !important;margin-left: -200px !important;padding-top: 50px !important;}&#8221;][vc_single_image image=&#8221;4139&#8243; img_size=&#8221;large&#8221; alignment=&#8221;right&#8221; css_animation=&#8221;fadeIn&#8221; css=&#8221;.vc_custom_1626769464652{margin-right: -150px !important;padding-left: 150px !important;}&#8221;]<div class=\"kd-shapes shape_dots  kd-animated fadeIn\" style=\"top: 8px;left: 48px;width: 126px;height: 122px;background-color: rgba(255,255,255,0.4);\"  data-animation-delay=800><\/div>[\/vc_column_inner][\/vc_row_inner][vc_row_inner kd_background_image_position=&#8221;vc_row-bg-position-top&#8221; css_mobile=&#8221;.vc_custom_1618316589958{margin-top: -75px !important;}&#8221;][vc_column_inner offset=&#8221;vc_col-lg-5 vc_hidden-lg vc_col-md-12 vc_hidden-md&#8221; css_tablet_portrait=&#8221;.vc_custom_1618316171521{padding-top: 40px !important;padding-bottom: 40px !important;}&#8221; css_mobile=&#8221;.vc_custom_1618316171521{padding-top: 40px !important;padding-bottom: 40px !important;}&#8221;]<header class=\"kd-section-title col-lg-12 text-left  subtitle-below-title kd-animated fadeIn   vc_custom_1627894744632\" data-animation-delay=200><h1 class=\"separator_off\" style=\"color: #ffffff;font-size: 60px;line-height: 70px;margin-bottom:30px;\">Organisiert.<br \/>\nEffizient.<br \/>\nFlexibel.<\/h1><\/header>[vc_single_image image=&#8221;4139&#8243; img_size=&#8221;large&#8221; alignment=&#8221;right&#8221; css_animation=&#8221;fadeIn&#8221; css=&#8221;.vc_custom_1626769724092{margin-right: -80px !important;margin-left: -20px !important;}&#8221;]<header class=\"kd-section-title col-lg-12 text-left  subtitle-below-title kd-animated fadeIn   vc_custom_1626769620042\" data-animation-delay=200><h6 class=\"subtitle\" style=\"color: #f2f2f2;\">aselloWAWI ist ein Warenwirtschaftssystem, welches mit der Kasse verbunden ist und so eine einfache Verwaltung des Warenstroms f\u00fcr Betriebe erm\u00f6glicht. Dabei werden alle Teilbereiche vom Einkauf \u00fcber die Lagerverwaltung bis zum Verkauf abgedeckt - inklusive Schnittstellen f\u00fcr die Buchhaltung, Shopsysteme<\/h6><\/header><a   class=\"tt_button tt_primary_button btn_primary_color hover_solid_white btn-align-left panel-trigger-btn icon_right  vc_custom_1618316895110 kd-animated zoomIn long-button-mobil\" data-animation-delay=200><span class=\"prim_text\">Expertengespr\u00e4ch vereinbaren<\/span><span class=\"fas fa-chevron-right iconita\" ><\/span><\/a><div class=\"kd-shapes shape_dots  kd-animated fadeIn\" style=\"top: 8px;left: 48px;width: 126px;height: 122px;background-color: #2b9fc7;\"  data-animation-delay=800><\/div>[\/vc_column_inner][\/vc_row_inner][\/vc_column][\/vc_row][vc_row full_width=&#8221;stretch_row&#8221; kd_background_image_position=&#8221;vc_row-bg-position-top&#8221; css=&#8221;.vc_custom_1618317195415{padding-top: 100px !important;padding-bottom: 50px !important;}&#8221; css_mobile=&#8221;.vc_custom_1618317195417{padding-top: 50px !important;padding-bottom: 0px !important;}&#8221; css_tablet_portrait=&#8221;.vc_custom_1618317195416{padding-top: 50px !important;padding-bottom: 0px !important;}&#8221;][vc_column css=&#8221;.vc_custom_1620040376969{padding-right: 0px !important;padding-left: 0px !important;}&#8221; css_mobile=&#8221;.vc_custom_1620040376971{margin-right: 0px !important;margin-left: 0px !important;padding-right: 0px !important;padding-left: 0px !important;}&#8221;]<header class=\"kd-section-title col-lg-12 text-center  subtitle-above-title kd-animated fadeIn   vc_custom_1626350185841\" data-animation-delay=200><h6 class=\"subtitle\" style=\"color: #0072bb;\">TOP FEATURES<\/h6><h1 class=\"separator_off\" style=\"line-height: 52px;\">Die Vorteile von aselloWAWI<\/h1><\/header>[vc_row_inner kd_background_image_position=&#8221;vc_row-bg-position-top&#8221; css=&#8221;.vc_custom_1598637844246{padding-bottom: 30px !important;}&#8221; css_tablet_portrait=&#8221;.vc_custom_1598637844247{padding-bottom: 0px !important;}&#8221; css_mobile=&#8221;.vc_custom_1598637844248{padding-bottom: 0px !important;}&#8221; css_tablet_landscape=&#8221;.vc_custom_1598637844247{padding-bottom: 0px !important;}&#8221;][vc_column_inner width=&#8221;1\/2&#8243;]<div class=\"key-icon-box icon-default icon-left cont-left ib-hover-2 with-shadow    icon-no-background icon-no-border kd-animated fadeInUp\" style=\"background-color: transparent;\" data-animation-delay=200><div class=\"ib-wrapper\" style=\"padding-top:45px;padding-bottom:45px;padding-left:35px;padding-right:35px;\"><div class=\"ib-simple-icon-wrapper\" ><i class=\"iconsmind-Yes iconsmind-Interface\" style=\"font-size: 40px;font-weight: 400;\"><\/i> <\/div><h5 class=\"service-heading\" >EINFACHE BEDIENUNG<\/h5><p style=\"font-size: 17px;\">aselloWAWI zeichnet sich durch seine einfache Bedienung aus.<\/p><\/div><\/div>[\/vc_column_inner][vc_column_inner width=&#8221;1\/2&#8243;]<div class=\"key-icon-box icon-default icon-left cont-left ib-hover-2 with-shadow    icon-no-background icon-no-border kd-animated fadeInUp\" style=\"background-color: transparent;\" data-animation-delay=200><div class=\"ib-wrapper\" style=\"padding-top:45px;padding-bottom:45px;padding-left:35px;padding-right:35px;\"><div class=\"ib-simple-icon-wrapper\" ><i class=\"iconsmind-Monitor-Tablet iconsmind-Desktop-apps\" style=\"font-size: 40px;font-weight: 400;\"><\/i> <\/div><h5 class=\"service-heading\" >HARDWAREUNABH\u00c4NGIG<\/h5><p style=\"font-size: 17px;\">Sie entscheiden, welches Ger\u00e4t Sie verwenden m\u00f6chten. aselloPOS kann auf allen Plattformen genutzt werden \u2013 im Browser, in der Windows-, Android- oder iOS App.<\/p><\/div><\/div>[\/vc_column_inner][\/vc_row_inner][vc_row_inner kd_background_image_position=&#8221;vc_row-bg-position-top&#8221; css=&#8221;.vc_custom_1597669510031{padding-bottom: 50px !important;}&#8221;][vc_column_inner width=&#8221;1\/4&#8243;][\/vc_column_inner][vc_column_inner width=&#8221;1\/2&#8243;]<div class=\"key-icon-box icon-default icon-left cont-left ib-hover-2 with-shadow    icon-no-background icon-no-border kd-animated fadeInUp\" style=\"background-color: transparent;\" data-animation-delay=200><div class=\"ib-wrapper\" style=\"padding-top:45px;padding-bottom:45px;padding-left:35px;padding-right:35px;\"><div class=\"ib-simple-icon-wrapper\" ><i class=\"iconsmind-Clouds iconsmind-Cloud-Class\" style=\"font-size: 40px;font-weight: 400;\"><\/i> <\/div><h5 class=\"service-heading\" >CLOUDBASIERT<\/h5><p style=\"font-size: 17px;\">Wo Sie sind, spielt keine Rolle, denn mit dem Online-Zugriff sind Sie immer und \u00fcberall im Bilde. Alle Daten werden in Echtzeit synchronisiert.<\/p><\/div><\/div>[\/vc_column_inner][vc_column_inner width=&#8221;1\/4&#8243;][\/vc_column_inner][\/vc_row_inner][\/vc_column][\/vc_row][vc_row full_width=&#8221;stretch_row&#8221; kd_background_image_position=&#8221;vc_row-bg-position-top&#8221; css_mobile=&#8221;.vc_custom_1620199889856{padding-right: 30px !important;padding-left: 30px !important;}&#8221; css=&#8221;.vc_custom_1620199889855{padding-top: 100px !important;padding-bottom: 100px !important;background-color: #06283e !important;}&#8221; css_tablet_portrait=&#8221;.vc_custom_1620199889856{padding-right: 30px !important;padding-left: 30px !important;}&#8221;][vc_column width=&#8221;1\/6&#8243;][\/vc_column][vc_column width=&#8221;2\/3&#8243;]<header class=\"kd-section-title col-lg-12 text-center  subtitle-above-title kd-animated fadeIn   vc_custom_1618304627817\" data-animation-delay=200><h6 class=\"subtitle\" style=\"color: #cccccc;\">INDIVIDUELLE SOFTWARE<\/h6><h1 class=\"separator_off\" style=\"color: #ffffff;line-height: 52px;\">Gemeinsam finden wir f\u00fcr jede Situation die passende L\u00f6sung.<\/h1><\/header>[vc_column_text]<\/p>\n<p style=\"text-align: center; color: #cccccc; font-size: 1.2em;\">Gerne k\u00f6nnen individuelle Anpassungen\u00a0 nach Ihren Vorstellungen vorgenommen werden. Sprechen Sie mit unseren Experten \u00fcber Ihr Vorhaben &#8211; wir beraten Sie gerne.<\/p>\n<p>[\/vc_column_text][vc_empty_space]<a  href=\"https:\/\/asello.eu\/online-termin\/\"  target=\"_self\"  title=\"Online-Termin\"  class=\"tt_button tt_primary_button btn_primary_color hover_solid_white button-center button-action-link    long-button-mobil\" ><span class=\"prim_text\">Expertengespr\u00e4ch vereinbaren<\/span><\/a>[\/vc_column][vc_column width=&#8221;1\/6&#8243;][\/vc_column][\/vc_row][vc_row kd_background_image_position=&#8221;vc_row-bg-position-top&#8221; css=&#8221;.vc_custom_1627893179686{padding-top: 150px !important;padding-bottom: 150px !important;}&#8221; css_mobile=&#8221;.vc_custom_1627893179688{padding-top: 100px !important;padding-bottom: 25px !important;}&#8221;][vc_column][vc_row_inner kd_background_image_position=&#8221;vc_row-bg-position-top&#8221;][vc_column_inner css=&#8221;.vc_custom_1621523183818{padding-bottom: 100px !important;}&#8221;]<header class=\"kd-section-title col-lg-8 vc_col-sm-8 text-center  subtitle-above-title kd-animated fadeIn   vc_custom_1622101781481\" data-animation-delay=200><h6 class=\"subtitle\" style=\"color: #0072bb;\">WARENWIRTSCHAFTSSYSTEM<\/h6><h1 class=\"separator_off\" style=\"line-height: 52px;\">aselloWAWI - Die Erweiterung zur Steuerung Ihres kompletten Warenstroms<\/h1><\/header>[vc_single_image image=&#8221;3534&#8243; img_size=&#8221;large&#8221; alignment=&#8221;center&#8221; css=&#8221;.vc_custom_1621523145329{padding-top: 50px !important;}&#8221;][\/vc_column_inner][\/vc_row_inner][vc_row_inner kd_background_image_position=&#8221;vc_row-bg-position-top&#8221;][vc_column_inner width=&#8221;1\/2&#8243;]<div class=\"key-icon-box icon-default icon-left cont-left ib-no-effect     icon-no-background icon-no-border kd-animated fadeIn\" style=\"background-color: transparent;margin-bottom:45px;\" data-animation-delay=200><div class=\"ib-simple-icon-wrapper\" ><i class=\"iconsmind-Yes iconsmind-Interface\" style=\"color: #0072bb;font-weight: 400;\"><\/i> <\/div><h5 class=\"service-heading\" >LIEFERANTENVERWALTUNG<\/h5><p >Mit der Lieferantenverwaltung kann ein detailliertes Lieferantenverzeichnis gef\u00fchrt werden. Hier k\u00f6nnen Informationen, Kontaktdaten und bestellbare Produkte hinterlegt werden.<\/p><\/div><div class=\"key-icon-box icon-default icon-left cont-left ib-no-effect     icon-no-background icon-no-border kd-animated fadeIn\" style=\"background-color: transparent;margin-bottom:45px;\" data-animation-delay=200><div class=\"ib-simple-icon-wrapper\" ><i class=\"iconsmind-Yes iconsmind-Interface\" style=\"color: #0072bb;font-weight: 400;\"><\/i> <\/div><h5 class=\"service-heading\" >LIEFERANTENBESTELLUNG<\/h5><p >Ben\u00f6tigte Produkte werden mit St\u00fcckzahl und hinterlegtem Einkaufspreis zur Lieferantenbestellung hinzugef\u00fcgt. Die fertige Bestellung kann an die gespeicherte Lieferanten-E-Mail-Adresse direkt aus dem System gesendet werden.<\/p><\/div><div class=\"key-icon-box icon-default icon-left cont-left ib-no-effect     icon-no-background icon-no-border kd-animated fadeIn\" style=\"background-color: transparent;margin-bottom:45px;\" data-animation-delay=200><div class=\"ib-simple-icon-wrapper\" ><i class=\"iconsmind-Yes iconsmind-Interface\" style=\"color: #0072bb;font-weight: 400;\"><\/i> <\/div><h5 class=\"service-heading\" >LAGERVERWALTUNG<\/h5><p >Trifft eine Lieferung im Lager ein, wird eine Lagereingangsbuchung erstellt. Der Lagerstand wird bei jedem Einkauf oder Verkauf aktualisiert. Des Weiteren k\u00f6nnen regelm\u00e4\u00dfige Inventuren vorgenommen werden.<\/p><\/div><div class=\"key-icon-box icon-default icon-left cont-left ib-no-effect     icon-no-background icon-no-border kd-animated fadeIn\" style=\"background-color: transparent;margin-bottom:45px;\" data-animation-delay=200><div class=\"ib-simple-icon-wrapper\" ><i class=\"iconsmind-Yes iconsmind-Interface\" style=\"color: #0072bb;font-weight: 400;\"><\/i> <\/div><h5 class=\"service-heading\" >LAGER MIT MEHREREN FILIALEN<\/h5><p >Der Lagerstand kann f\u00fcr jede Filiale generiert werden und Ware wird zwischen den Standorten durch Lieferscheine transferiert. Alle Filialen werden vom Zentrallager beliefert.<\/p><\/div>[\/vc_column_inner][vc_column_inner width=&#8221;1\/2&#8243;]<div class=\"key-icon-box icon-default icon-left cont-left ib-no-effect     icon-no-background icon-no-border kd-animated fadeIn\" style=\"background-color: transparent;margin-bottom:45px;\" data-animation-delay=200><div class=\"ib-simple-icon-wrapper\" ><i class=\"iconsmind-Yes iconsmind-Interface\" style=\"color: #0072bb;font-weight: 400;\"><\/i> <\/div><h5 class=\"service-heading\" >EINGANGSRECHNUNG<\/h5><p >Alle Eink\u00e4ufe k\u00f6nnen mit einer Eingangsrechnung dokumentiert werden. Zielrechnungen und Barentnahmen werden im System verbucht.<\/p><\/div><div class=\"key-icon-box icon-default icon-left cont-left ib-no-effect     icon-no-background icon-no-border kd-animated fadeIn\" style=\"background-color: transparent;margin-bottom:45px;\" data-animation-delay=200><div class=\"ib-simple-icon-wrapper\" ><i class=\"iconsmind-Yes iconsmind-Interface\" style=\"color: #0072bb;font-weight: 400;\"><\/i> <\/div><h5 class=\"service-heading\" >VERKN\u00dcPFTE DOKUMENTE<\/h5><p >Alle Dokumente des Warenflusses sind miteinander verkn\u00fcpft und garantieren somit die Nachvollziehbarkeit.<\/p><\/div><div class=\"key-icon-box icon-default icon-left cont-left ib-no-effect     icon-no-background icon-no-border kd-animated fadeIn\" style=\"background-color: transparent;margin-bottom:45px;\" data-animation-delay=200><div class=\"ib-simple-icon-wrapper\" ><i class=\"iconsmind-Yes iconsmind-Interface\" style=\"color: #0072bb;font-weight: 400;\"><\/i> <\/div><h5 class=\"service-heading\" >DECKUNGSBEITRAGSRECHNUNG<\/h5><p >Bei den einzelnen Produkten kann der Einkaufspreis hinterlegt werden. Dies erm\u00f6glicht eine einfache Deckungsbeitragsrechnung f\u00fcr einzelne Positionen oder gesamte Belege.<\/p><\/div><div class=\"key-icon-box icon-default icon-left cont-left ib-no-effect     icon-no-background icon-no-border kd-animated fadeIn\" style=\"background-color: transparent;margin-bottom:45px;\" data-animation-delay=200><div class=\"ib-simple-icon-wrapper\" ><i class=\"iconsmind-Yes iconsmind-Interface\" style=\"color: #0072bb;font-weight: 400;\"><\/i> <\/div><h5 class=\"service-heading\" >BUCHHALTUNGSSCHNITTSTELLE<\/h5><p >Mithilfe der Buchhaltungsschnittstelle k\u00f6nnen Buchhaltungskonten hinterlegt werden. Alle relevanten Daten (inkl. dazugeh\u00f6riger Belege) werden per Knopfdruck exportiert und k\u00f6nnen an die Buchhaltung gesendet werden.<\/p><\/div>[\/vc_column_inner][\/vc_row_inner][\/vc_column][\/vc_row][vc_row kd_background_image_position=&#8221;vc_row-bg-position-top&#8221; css=&#8221;.vc_custom_1626693562235{padding-top: 0px !important;padding-bottom: 150px !important;}&#8221; css_mobile=&#8221;.vc_custom_1626693562236{padding-top: 100px !important;}&#8221; css_tablet_portrait=&#8221;.vc_custom_1626693562235{padding-top: 100px !important;}&#8221;][vc_column]<header class=\"kd-section-title col-lg-8 vc_col-sm-8 text-center  subtitle-above-title kd-animated fadeIn   vc_custom_1626350367128\" data-animation-delay=200><h6 class=\"subtitle\" style=\"color: #0072bb;\">SUCCESS STORIES<\/h6><h1 class=\"separator_off\" style=\"line-height: 52px;\">Entdecken Sie wie unsere Kunden aselloWAWI erfolgreich einsetzten<\/h1><\/header>[vc_basic_grid post_type=&#8221;portfolio&#8221; max_items=&#8221;6&#8243; style=&#8221;pagination&#8221; items_per_page=&#8221;3&#8243; paging_design=&#8221;point_dots&#8221; paging_color=&#8221;mulled_wine&#8221; loop=&#8221;yes&#8221; autoplay=&#8221;8&#8243; grid_id=&#8221;vc_gid:1627894619335-39a6c54f-543e-6&#8243; taxonomies=&#8221;21&#8243;][\/vc_column][\/vc_row][vc_row full_width=&#8221;stretch_row&#8221; content_placement=&#8221;middle&#8221; parallax=&#8221;content-moving&#8221; parallax_speed_bg=&#8221;&#8221; kd_background_image_position=&#8221;vc_row-bg-position-center&#8221; kd_image_overlay_color=&#8221;rgba(3,15,39,0.4)&#8221; kd_fixed_background=&#8221;true&#8221; kd_image_overlay=&#8221;true&#8221; css=&#8221;.vc_custom_1626786178685{margin-bottom: -50px !important;padding-top: 120px !important;padding-bottom: 120px !important;background-image: url(https:\/\/asello.eu\/wp-content\/uploads\/2021\/07\/DN_Kasse.png?id=3876) !important;background-position: center;background-repeat: no-repeat !important;background-size: cover !important;}&#8221;][vc_column][vc_row_inner kd_background_image_position=&#8221;vc_row-bg-position-top&#8221;][vc_column_inner]<header class=\"kd-section-title col-lg-8 vc_col-sm-8 text-center  subtitle-above-title kd-animated fadeIn   vc_custom_1627894549503\" data-animation-delay=200><h6 class=\"subtitle\" style=\"color: #0072bb;\">KASSENSYSTEM<\/h6><h1 class=\"separator_off\" style=\"color: #ffffff;line-height: 52px;\">Verbinden Sie Ihre Warenmanagement mit einem ausgekl\u00fcgelten Kassensystem.<\/h1><\/header>[vc_column_text css=&#8221;.vc_custom_1627894614154{padding-bottom: 50px !important;}&#8221;]<\/p>\n<h5 style=\"text-align: center; color: #ffffff;\">Gutscheinverwaltung | Gastro | Rechnung | Kassenbuch | Preisliste | Buchhaltung-Export | Schankanlage | Men\u00fcplan |<br \/>\nKartenterminal<\/h5>\n<p>[\/vc_column_text]<a   class=\"tt_button tt_primary_button btn_primary_color  button-center panel-trigger-btn icon_right  kd-animated zoomIn\" data-animation-delay=200><span class=\"prim_text\">R\u00fcckruf vereinbaren<\/span><span class=\"fas fa-chevron-right iconita\" style=\"font-size:12px;\"><\/span><\/a>[\/vc_column_inner][\/vc_row_inner][\/vc_column][\/vc_row]<\/p>\n<\/section>","protected":false},"excerpt":{"rendered":"<p>[vc_row full_width=&#8221;stretch_row&#8221; kd_background_image_position=&#8221;vc_row-bg-position-bottom&#8221; css=&#8221;.vc_custom_1626350501170{padding-top: 200px !important;padding-bottom: 0px !important;background-image: url(https:\/\/asello.eu\/wp-content\/uploads\/2021\/07\/WAWI.png?id=3827) !important;background-position: center !important;background-repeat: no-repeat !important;background-size: cover !important;}&#8221; css_tablet_portrait=&#8221;.vc_custom_1626350501171{padding-top: 50px !important;padding-bottom: 100px [&hellip;]<\/p>\n","protected":false},"author":3,"featured_media":0,"parent":78,"menu_order":0,"comment_status":"closed","ping_status":"closed","template":"","meta":{"footnotes":""},"class_list":["post-3888","page","type-page","status-publish","hentry"],"_links":{"self":[{"href":"https:\/\/asello.eu\/at\/wp-json\/wp\/v2\/pages\/3888","targetHints":{"allow":["GET"]}}],"collection":[{"href":"https:\/\/asello.eu\/at\/wp-json\/wp\/v2\/pages"}],"about":[{"href":"https:\/\/asello.eu\/at\/wp-json\/wp\/v2\/types\/page"}],"author":[{"embeddable":true,"href":"https:\/\/asello.eu\/at\/wp-json\/wp\/v2\/users\/3"}],"replies":[{"embeddable":true,"href":"https:\/\/asello.eu\/at\/wp-json\/wp\/v2\/comments?post=3888"}],"version-history":[{"count":68,"href":"https:\/\/asello.eu\/at\/wp-json\/wp\/v2\/pages\/3888\/revisions"}],"predecessor-version":[{"id":4308,"href":"https:\/\/asello.eu\/at\/wp-json\/wp\/v2\/pages\/3888\/revisions\/4308"}],"up":[{"embeddable":true,"href":"https:\/\/asello.eu\/at\/wp-json\/wp\/v2\/pages\/78"}],"wp:attachment":[{"href":"https:\/\/asello.eu\/at\/wp-json\/wp\/v2\/media?parent=3888"}],"curies":[{"name":"wp","href":"https:\/\/api.w.org\/{rel}","templated":true}]}}