{"id":2021,"date":"2021-04-08T17:08:47","date_gmt":"2021-04-08T15:08:47","guid":{"rendered":"https:\/\/asello.eu\/?page_id=2021"},"modified":"2024-02-18T19:23:37","modified_gmt":"2024-02-18T18:23:37","slug":"support","status":"publish","type":"page","link":"https:\/\/asello.eu\/at\/support\/","title":{"rendered":"Support"},"content":{"rendered":"<section class=\"wpb-content-wrapper\"><p>[vc_row full_width=&#8221;stretch_row_content_no_spaces&#8221; kd_background_image_position=&#8221;vc_row-bg-position-top&#8221; kd_fixed_background=&#8221;true&#8221; css=&#8221;.vc_custom_1617896092799{padding-bottom: 120px !important;background-image: url(https:\/\/asello.eu\/wp-content\/uploads\/2021\/04\/Header_About.jpg?id=1415) !important;background-position: center !important;background-repeat: no-repeat !important;background-size: cover !important;}&#8221; css_tablet_portrait=&#8221;.vc_custom_1617896092801{margin-top: 0px !important;}&#8221; css_mobile=&#8221;.vc_custom_1617896092801{margin-top: 0px !important;}&#8221;][vc_column css=&#8221;.vc_custom_1597665991208{padding-right: 0px !important;padding-left: 0px !important;}&#8221;][vc_row_inner full_width=&#8221;inner_row_contained&#8221; kd_background_image_position=&#8221;vc_row-bg-position-top&#8221; css=&#8221;.vc_custom_1617971593949{margin-right: 60px !important;margin-left: 60px !important;padding-top: 320px !important;background-position: center !important;background-repeat: no-repeat !important;background-size: cover !important;}&#8221; css_tablet_portrait=&#8221;.vc_custom_1617971593950{margin-right: 0px !important;margin-left: 0px !important;padding-top: 200px !important;padding-bottom: 50px !important;border-radius: 0px !important;}&#8221; css_mobile=&#8221;.vc_custom_1617971593950{margin-right: 0px !important;margin-left: 0px !important;padding-top: 200px !important;border-radius: 0px !important;}&#8221; css_tablet_landscape=&#8221;.vc_custom_1617971593949{margin-right: 0px !important;margin-left: 0px !important;padding-top: 300px !important;border-radius: 0px !important;}&#8221;][vc_column_inner width=&#8221;1\/4&#8243; css=&#8221;.vc_custom_1597672141666{padding-top: 100px !important;}&#8221;][\/vc_column_inner][vc_column_inner width=&#8221;3\/4&#8243; css_tablet_portrait=&#8221;.vc_custom_1617207809215{padding-right: 30px !important;}&#8221; css_mobile=&#8221;.vc_custom_1617207809215{padding-right: 15px !important;}&#8221; css=&#8221;.vc_custom_1617207809214{padding-right: 20px !important;}&#8221;]<header class=\"kd-section-title col-lg-12 text-right  subtitle-below-title kd-animated fadeIn   vc_custom_1617971322698\" data-animation-delay=200><h1 class=\"separator_off\" style=\"color: #ffffff;font-size: 72px;line-height: 72px;margin-bottom:30px;\">Wir sind <span style=\"color:#0072BB;\">f\u00fcr Sie<\/span> da,<br \/>\nwenn Sie uns brauchen<\/h1><\/header>[\/vc_column_inner][\/vc_row_inner][\/vc_column][\/vc_row][vc_row full_width=&#8221;stretch_row&#8221; disable_element=&#8221;yes&#8221; kd_background_image_position=&#8221;vc_row-bg-position-top&#8221; css=&#8221;.vc_custom_1663342271035{padding-top: 120px !important;padding-bottom: 80px !important;}&#8221;][vc_column css=&#8221;.vc_custom_1516008233239{padding-right: 0px !important;padding-left: 0px !important;}&#8221;][vc_row_inner kd_background_image_position=&#8221;vc_row-bg-position-top&#8221; css=&#8221;.vc_custom_1617965715162{padding-bottom: 30px !important;}&#8221;][vc_column_inner width=&#8221;1\/6&#8243;][\/vc_column_inner][vc_column_inner width=&#8221;2\/3&#8243;]<header class=\"kd-section-title col-lg-12 text-center  subtitle-above-title kd-animated fadeIn  \" data-animation-delay=200><h6 class=\"subtitle\" style=\"color: #0072bb;\">TELEFONISCHE HILFE<\/h6><h1 class=\"separator_off\" style=\"line-height: 52px;\">Sie haben ein dringendes Problem?<\/h1><\/header>[vc_column_text]<\/p>\n<p style=\"text-align: center; font-size: 1.2em;\">\u00dcber unsere Supporthotline erreichen Sie uns auch an Sonn- und Feiertagen mit dem Voice-to-Mail Service.<\/p>\n<p>[\/vc_column_text][\/vc_column_inner][vc_column_inner width=&#8221;1\/6&#8243;][\/vc_column_inner][\/vc_row_inner][vc_row_inner kd_background_image_position=&#8221;vc_row-bg-position-top&#8221; css=&#8221;.vc_custom_1598637844246{padding-bottom: 30px !important;}&#8221; css_tablet_portrait=&#8221;.vc_custom_1598637844247{padding-bottom: 0px !important;}&#8221; css_mobile=&#8221;.vc_custom_1598637844248{padding-bottom: 0px !important;}&#8221; css_tablet_landscape=&#8221;.vc_custom_1598637844247{padding-bottom: 0px !important;}&#8221;][vc_column_inner width=&#8221;1\/2&#8243;]<div class=\"key-icon-box icon-default icon-left cont-left ib-hover-2 with-shadow    icon-no-background icon-no-border kd-animated fadeInUp\" style=\"background-color: transparent;\" data-animation-delay=200><a href=\"tel:+43900463226\" target=\"_self\"><div class=\"ib-wrapper\" style=\"padding-top:45px;padding-bottom:45px;padding-left:35px;padding-right:35px;\"><div class=\"ib-simple-icon-wrapper\" ><i class=\"iconsmind-Phone-SMS iconsmind-Desktop-apps\" style=\"font-size: 40px;font-weight: 400;\"><\/i> <\/div><h5 class=\"service-heading\" >Support \u00d6sterreich<\/h5><p style=\"font-size: 17px;\">+43 900 463 226 (1,56 EUR \/ Min)<\/p><\/div><\/a><\/div>[\/vc_column_inner][vc_column_inner width=&#8221;1\/2&#8243;]<div class=\"key-icon-box icon-default icon-left cont-left ib-hover-2 with-shadow    icon-no-background icon-no-border kd-animated fadeInUp\" style=\"background-color: transparent;\" data-animation-delay=200><a href=\"tel:+499001133226\" target=\"_self\"><div class=\"ib-wrapper\" style=\"padding-top:45px;padding-bottom:45px;padding-left:35px;padding-right:35px;\"><div class=\"ib-simple-icon-wrapper\" ><i class=\"iconsmind-Support iconsmind-User-Interface\" style=\"font-size: 40px;font-weight: 400;\"><\/i> <\/div><h5 class=\"service-heading\" >Support Deutschland<\/h5><p style=\"font-size: 17px;\">+49 900 11 33 226 (1,56 EUR \/ Min)<\/p><\/div><\/a><\/div>[\/vc_column_inner][\/vc_row_inner][\/vc_column][\/vc_row][vc_row kd_background_image_position=&#8221;vc_row-bg-position-top&#8221; css=&#8221;.vc_custom_1663343123093{margin-bottom: -50px !important;padding-top: 80px !important;padding-bottom: 150px !important;}&#8221; css_tablet_landscape=&#8221;.vc_custom_1663343123094{padding-bottom: 100px !important;}&#8221; css_tablet_portrait=&#8221;.vc_custom_1663343123094{padding-top: 0px !important;padding-bottom: 100px !important;}&#8221; css_mobile=&#8221;.vc_custom_1663343123094{padding-top: 100px !important;padding-bottom: 100px !important;}&#8221;][vc_column css=&#8221;.vc_custom_1597665991208{padding-right: 0px !important;padding-left: 0px !important;}&#8221;]<header class=\"kd-section-title col-lg-12 text-center  subtitle-above-title kd-animated fadeIn   vc_custom_1617969045911\" data-animation-delay=200><h6 class=\"subtitle\" style=\"color: #0072bb;\">ONLINE HILFE UND SUPPORT<\/h6><h1 class=\"separator_off\" style=\"line-height: 52px;\">Wir helfen Ihnen gerne weiter<\/h1><\/header>[vc_row_inner kd_background_image_position=&#8221;vc_row-bg-position-top&#8221;][vc_column_inner width=&#8221;1\/3&#8243; css_tablet_portrait=&#8221;.vc_custom_1598606048566{padding-right: 10px !important;padding-left: 10px !important;}&#8221;]<div class=\"key-icon-box icon-default icon-top cont-center ib-hover-1    with-border icon-with-background icon-no-border kd-animated fadeInUp\" style=\"background-color: transparent;border: 1px solid #e7e7e7;\" ><div class=\"ib-wrapper\" style=\"padding-top:40px;padding-bottom:60px;padding-left:60px;padding-right:60px;\"><div class=\"ib-icon-wrapper\" style=\"width:70px;height:70px;margin-bottom:40px;\"><i class=\"iconsmind-Mail iconsmind-Emails\" style=\"font-weight: 400;\"><\/i> <\/div><h4 class=\"service-heading\" >E-Mail Support<\/h4><p >Der E-Mail Support ist kostenlos. Schreiben Sie uns Ihr Anliegen.<\/p><p class=\"ib-link \"><a href=\"mailto:support@asello.eu\" target=\"_blank\" >support@asello.eu<\/a><\/p><\/div><\/div>[\/vc_column_inner][vc_column_inner width=&#8221;1\/3&#8243; css_tablet_portrait=&#8221;.vc_custom_1598606053781{padding-right: 10px !important;padding-left: 10px !important;}&#8221;]<div class=\"key-icon-box icon-default icon-top cont-center ib-hover-1    with-border icon-with-background icon-no-border kd-animated fadeInUp btn-smooth-scroll\" style=\"background-color: transparent;border: 1px solid #e7e7e7;\" data-animation-delay=200><div class=\"ib-wrapper\" style=\"padding-top:40px;padding-bottom:60px;padding-left:60px;padding-right:60px;\"><div class=\"ib-icon-wrapper\" style=\"width:70px;height:70px;margin-bottom:40px;\"><i class=\"iconsmind-Computer-2 iconsmind-Desktop-apps\" style=\"font-weight: 400;\"><\/i> <\/div><h4 class=\"service-heading\" >QuickSupport<\/h4><p >Online Hilfe von \u00fcberall mit einem TeamViewer Support Termin.<\/p><p class=\"ib-link \"><a href=\"https:\/\/get.teamviewer.com\/asello\" target=\"_blank\" >Download<\/a><\/p><\/div><\/div>[\/vc_column_inner][vc_column_inner width=&#8221;1\/3&#8243; css_tablet_portrait=&#8221;.vc_custom_1598606059854{padding-right: 10px !important;padding-left: 10px !important;}&#8221;]<div class=\"key-icon-box icon-default icon-top cont-center ib-hover-1    with-border icon-with-background icon-no-border kd-animated fadeInUp\" style=\"background-color: transparent;border: 1px solid #e7e7e7;\" data-animation-delay=400><div class=\"ib-wrapper\" style=\"padding-top:40px;padding-bottom:60px;padding-left:60px;padding-right:60px;\"><div class=\"ib-icon-wrapper\" style=\"width:70px;height:70px;margin-bottom:40px;\"><i class=\"iconsmind-Books-2 iconsmind-Education\" style=\"font-weight: 400;\"><\/i> <\/div><h4 class=\"service-heading\" >Online Dokumentation<\/h4><p >Hier finden Sie Antworten auf die meisten Fragen und Probleme.<\/p><p class=\"ib-link \"><a href=\"https:\/\/docs.asello.eu\/docs\/\" target=\"_blank\" >Zur Online Hilfe<\/a><\/p><\/div><\/div>[\/vc_column_inner][\/vc_row_inner][vc_row_inner kd_background_image_position=&#8221;vc_row-bg-position-top&#8221; css=&#8221;.vc_custom_1617785246875{padding-top: 80px !important;}&#8221; css_mobile=&#8221;.vc_custom_1617785246876{padding-top: 40px !important;}&#8221;][vc_column_inner][vc_column_text]<\/p>\n<p style=\"text-align: center; font-size: 1.2em;\">Sie k\u00f6nnen uns auch \u00fcber das Kontaktformular eine Nachricht senden. Wir melden uns bei Ihnen.<\/p>\n<p>[\/vc_column_text]<a   class=\"tt_button tt_primary_button btn_primary_color  button-center panel-trigger-btn\" ><span class=\"prim_text\">Kontaktformular<\/span><\/a>[\/vc_column_inner][\/vc_row_inner][\/vc_column][\/vc_row][vc_row kd_background_image_position=&#8221;vc_row-bg-position-top&#8221;][vc_column][vc_row_inner kd_background_image_position=&#8221;vc_row-bg-position-top&#8221;][vc_column_inner width=&#8221;1\/6&#8243;][\/vc_column_inner][vc_column_inner width=&#8221;2\/3&#8243;]<header class=\"kd-section-title col-lg-12 text-center  subtitle-above-title kd-animated fadeIn   vc_custom_1663342431306\" data-animation-delay=200><h6 class=\"subtitle\" style=\"color: #0072bb;\">WIE FUNKTIONIERTS<\/h6><h1 class=\"separator_off\" style=\"line-height: 52px;\">Support<\/h1><\/header>[vc_column_text]F\u00fcr die Bearbeitung von St\u00f6rungen bzw. die Beantwortung von Fragen im Zusammenhang mit der Nutzung der asello Software L\u00f6sungen stellt asello den Nutzern ein Tickettool zur Verf\u00fcgung.<\/p>\n<p>Nach Empfang einer Fehlermeldung wird durch asello eine Klassifizierung der Anfrage durchgef\u00fchrt und angestrebt, dem Ansprechpartner innerhalb der Reaktionszeiten gem\u00e4\u00df nachfolgender Tabelle, in der Regel per E-Mail, im Ausnahmefall auch per Telefon, \u00fcber die Bearbeitung der St\u00f6rung und gegebenenfalls m\u00f6gliche St\u00f6rungsbehebung zu informieren.<\/p>\n<p>Die Art der St\u00f6rungsbehebung wird von asello bestimmt. Sofern der gemeldeten St\u00f6rung ein Mangel der asello Software zu Grunde liegt, wird von asello versucht diesen gem\u00e4\u00df den in nachfolgender Tabelle genannten Fristen zu beheben.<\/p>\n<p>Die nachfolgende Tabelle regelt die von asello f\u00fcr Support-Anfragen angestrebten Reaktionszeiten. Alle angegebenen Zeiten f\u00fcr eine Erstreaktion laufen nur innerhalb der Gesch\u00e4ftszeiten von asello, das ist werktags (von Montag bis Donnerstag, ausgenommen gesetzlicher Feiertage, Karfreitag, 24.12. und 31.12.) zwischen 8:00-11:00 und 13:00-16:00 und Freitags zwischen 08:00 und 11:00 (ausgenommen gesetzlicher Feiertage, Karfreitag, 24.12. und 31.12.).[\/vc_column_text][vc_column_text el_class=&#8221;table-mobile&#8221;]<\/p>\n<table>\n<tbody>\n<tr>\n<th>Klasse<\/th>\n<th>Erstreaktion nach<\/th>\n<th>Qualifizierte Reaktion nach<\/th>\n<th>Status-Update<\/th>\n<th>Tempor\u00e4re L\u00f6sung nach<\/th>\n<\/tr>\n<tr>\n<td>1<\/td>\n<td>4 Stunden<\/td>\n<td>1 Tag<\/td>\n<td>T\u00e4glich<\/td>\n<td>3 Tage<\/td>\n<\/tr>\n<tr>\n<td>2<\/td>\n<td>8 Stunden<\/td>\n<td>7 Tag<\/td>\n<td>Jede Woche<\/td>\n<td>14 Tage<\/td>\n<\/tr>\n<tr>\n<td>3<\/td>\n<td>16 Stunden<\/td>\n<td>14 Tag<\/td>\n<td>Jede Woche<\/td>\n<td>12 Wochen<\/td>\n<\/tr>\n<tr>\n<td>4<\/td>\n<td>24 Stunden<\/td>\n<td>14 Tag<\/td>\n<td>Nicht anwendbar<\/td>\n<td>Nicht anwendbar<\/td>\n<\/tr>\n<\/tbody>\n<\/table>\n<p>[\/vc_column_text][\/vc_column_inner][vc_column_inner width=&#8221;1\/6&#8243;][\/vc_column_inner][\/vc_row_inner][vc_row_inner kd_background_image_position=&#8221;vc_row-bg-position-top&#8221;][vc_column_inner width=&#8221;1\/6&#8243;][\/vc_column_inner][vc_column_inner width=&#8221;2\/3&#8243; css=&#8221;.vc_custom_1663343035217{margin-top: 50px !important;padding-top: 10% !important;padding-right: 10% !important;padding-bottom: 10% !important;padding-left: 10% !important;background-color: #eeeeee !important;}&#8221;][vc_column_text]<\/p>\n<h6>Klasse 1 &#8211; \u201ekritisch\u201c<\/h6>\n<p>Die zweckm\u00e4\u00dfige Nutzung der asello Software ist nicht m\u00f6glich oder unzumutbar eingeschr\u00e4nkt. Der Fehler hat schwerwiegenden Einfluss auf die Gesch\u00e4ftsabwicklung oder Sicherheit. Das sind vor allem Fehler, die eine weitere Verarbeitung ausschlie\u00dfen.<\/p>\n<h6>Klasse 2 &#8211; \u201eschwer\u201c<\/h6>\n<p>Die zweckm\u00e4\u00dfige Nutzung der asello Software ist ernstlich eingeschr\u00e4nkt. Der Fehler hat wesentlichen Einfluss auf die Gesch\u00e4ftsabwicklung oder Sicherheit, l\u00e4sst aber eine Weiterarbeit zu.<\/p>\n<h6>Klasse 3 &#8211; \u201eleicht\u201c<\/h6>\n<p>Die zweckm\u00e4\u00dfige Nutzung der asello Software ist leicht eingeschr\u00e4nkt. Der Fehler hat unwesentlichen Einfluss auf die Gesch\u00e4ftsabwicklung oder Sicherheit, l\u00e4sst jedoch eine weitere Verarbeitung uneingeschr\u00e4nkt zu.<\/p>\n<h6>Klasse 4 &#8211; \u201etrivial\u201c<\/h6>\n<p>Die zweckm\u00e4\u00dfige Nutzung der asello Software ist ohne Einschr\u00e4nkung m\u00f6glich. Der Fehler hat keinen oder nur geringf\u00fcgigen Einfluss auf die Gesch\u00e4ftsabwicklung oder Sicherheit. Das sind vor Allem Darstellungsfehler oder Fehler, die von Mitarbeitern des Auftraggebers selbst umgangen werden k\u00f6nnen.[\/vc_column_text][\/vc_column_inner][vc_column_inner width=&#8221;1\/6&#8243;][\/vc_column_inner][\/vc_row_inner][\/vc_column][\/vc_row]<\/p>\n<\/section>","protected":false},"excerpt":{"rendered":"<p>[vc_row full_width=&#8221;stretch_row_content_no_spaces&#8221; kd_background_image_position=&#8221;vc_row-bg-position-top&#8221; kd_fixed_background=&#8221;true&#8221; css=&#8221;.vc_custom_1617896092799{padding-bottom: 120px !important;background-image: url(https:\/\/asello.eu\/wp-content\/uploads\/2021\/04\/Header_About.jpg?id=1415) !important;background-position: center !important;background-repeat: no-repeat !important;background-size: cover !important;}&#8221; css_tablet_portrait=&#8221;.vc_custom_1617896092801{margin-top: 0px !important;}&#8221; css_mobile=&#8221;.vc_custom_1617896092801{margin-top: 0px [&hellip;]<\/p>\n","protected":false},"author":1,"featured_media":0,"parent":0,"menu_order":0,"comment_status":"closed","ping_status":"closed","template":"","meta":{"footnotes":""},"class_list":["post-2021","page","type-page","status-publish","hentry"],"_links":{"self":[{"href":"https:\/\/asello.eu\/at\/wp-json\/wp\/v2\/pages\/2021","targetHints":{"allow":["GET"]}}],"collection":[{"href":"https:\/\/asello.eu\/at\/wp-json\/wp\/v2\/pages"}],"about":[{"href":"https:\/\/asello.eu\/at\/wp-json\/wp\/v2\/types\/page"}],"author":[{"embeddable":true,"href":"https:\/\/asello.eu\/at\/wp-json\/wp\/v2\/users\/1"}],"replies":[{"embeddable":true,"href":"https:\/\/asello.eu\/at\/wp-json\/wp\/v2\/comments?post=2021"}],"version-history":[{"count":14,"href":"https:\/\/asello.eu\/at\/wp-json\/wp\/v2\/pages\/2021\/revisions"}],"predecessor-version":[{"id":6335,"href":"https:\/\/asello.eu\/at\/wp-json\/wp\/v2\/pages\/2021\/revisions\/6335"}],"wp:attachment":[{"href":"https:\/\/asello.eu\/at\/wp-json\/wp\/v2\/media?parent=2021"}],"curies":[{"name":"wp","href":"https:\/\/api.w.org\/{rel}","templated":true}]}}